{"id":444,"date":"2020-07-02T10:25:10","date_gmt":"2020-07-02T10:25:10","guid":{"rendered":"https:\/\/www.hotelvaubecour-lyon.com\/conditions-generales-de-ventes\/"},"modified":"2020-10-01T12:06:41","modified_gmt":"2020-10-01T12:06:41","slug":"termini-e-condizioni-generali-di-vendita","status":"publish","type":"page","link":"https:\/\/www.hotelvaubecour-lyon.com\/it\/termini-e-condizioni-generali-di-vendita\/","title":{"rendered":"Termini e condizioni generali di vendita"},"content":{"rendered":"<p>Condizioni di prenotazione \/ cancellazione e modalit\u00e0 di pagamento.<br \/>\nA seconda della tariffa scelta, si ha la possibilit\u00e0 di annullare fino alle ore 18: 00 del giorno di arrivo, 48: 00 in anticipo, o la tariffa non \u00e8 annullabile e non rimborsabile.<\/p>\n<p>Le offerte vengono create tutto l&#8217;anno, come la colazione inclusa o il prezzo scontato del soggiorno, in base alle condizioni sopra indicate. Per periodi speciali come saloni professionali o prenotazioni di gruppo, le condizioni di prenotazione possono essere adattate. Vale a dire la possibilit\u00e0 di richiedere una caparra al momento della prenotazione e il periodo di cancellazione del saldo senza spese secondo i Termini da concordare con il cliente.<\/p>\n<p>i accettano pagamenti:<\/p>\n<ul>\n<li>carta di credito: VISA, MASTER Card e AMERICAN EXPRESS<\/li>\n<li>voucher vacanza ANCV-\u00e8 possibile specificare questo metodo di pagamento nel commento della prenotazione.<\/li>\n<li>Voucher accettato (good travel agency)<\/li>\n<\/ul>\n<p>I dati della carta di credito sono obbligatori al momento della prenotazione, nonch\u00e9 una data di scadenza valida alla data del soggiorno. Nel caso di dati della carta di credito rifiutati dal nostro sistema o data di scadenza inferiore alla data del soggiorno, verr\u00e0 inviata un&#8217;e-mail di richiesta di nuove informazioni bancarie. Una risposta sar\u00e0 prevista entro 24 oree. In assenza di ricezione di nuovi dati di contatto, la prenotazione verr\u00e0 annullata senza controparte.<\/p>\n<p> Il soggiorno \u00e8 da pagare all&#8217;arrivo.<\/p>\n<p>Per qualsiasi domanda relativa alle Condizioni Generali di vendita, puoi contattarci tramite <a href=\"https:\/\/www.hotelvaubecour-lyon.com\/it\/contattaci\/\">il modulo &#8220;contattaci&#8221;<\/a> o telefonicamente al (33) 04 78 37 44 91.<\/p>\n","protected":false},"excerpt":{"rendered":"<p>Condizioni di prenotazione \/ cancellazione e modalit\u00e0 di pagamento. A seconda della tariffa scelta, si [&hellip;]<\/p>\n","protected":false},"author":137,"featured_media":0,"parent":0,"menu_order":160,"comment_status":"closed","ping_status":"closed","template":"","meta":{"footnotes":""},"class_list":["post-444","page","type-page","status-publish","hentry"],"yoast_head":"<!-- This site is optimized with the Yoast SEO plugin v26.9 - https:\/\/yoast.com\/product\/yoast-seo-wordpress\/ -->\n<title>Termini e condizioni generali di vendita - Vaubecour Lyon<\/title>\n<meta name=\"robots\" content=\"index, follow, max-snippet:-1, max-image-preview:large, max-video-preview:-1\" \/>\n<link rel=\"canonical\" href=\"https:\/\/www.hotelvaubecour-lyon.com\/it\/termini-e-condizioni-generali-di-vendita\/\" \/>\n<meta property=\"og:locale\" content=\"it_IT\" \/>\n<meta property=\"og:type\" content=\"article\" \/>\n<meta property=\"og:title\" content=\"Termini e condizioni generali di vendita - Vaubecour Lyon\" \/>\n<meta property=\"og:description\" content=\"Condizioni di prenotazione \/ cancellazione e modalit\u00e0 di pagamento. A seconda della tariffa scelta, si [&hellip;]\" \/>\n<meta property=\"og:url\" content=\"https:\/\/www.hotelvaubecour-lyon.com\/it\/termini-e-condizioni-generali-di-vendita\/\" \/>\n<meta property=\"og:site_name\" content=\"Vaubecour Lyon\" \/>\n<meta property=\"article:modified_time\" content=\"2020-10-01T12:06:41+00:00\" \/>\n<meta name=\"twitter:card\" content=\"summary_large_image\" \/>\n<meta name=\"twitter:label1\" content=\"Tempo di lettura stimato\" \/>\n\t<meta name=\"twitter:data1\" content=\"1 minuto\" \/>\n<script type=\"application\/ld+json\" class=\"yoast-schema-graph\">{\"@context\":\"https:\/\/schema.org\",\"@graph\":[{\"@type\":\"WebPage\",\"@id\":\"https:\/\/www.hotelvaubecour-lyon.com\/it\/termini-e-condizioni-generali-di-vendita\/\",\"url\":\"https:\/\/www.hotelvaubecour-lyon.com\/it\/termini-e-condizioni-generali-di-vendita\/\",\"name\":\"Termini e condizioni generali di vendita - Vaubecour Lyon\",\"isPartOf\":{\"@id\":\"https:\/\/www.hotelvaubecour-lyon.com\/it\/#website\"},\"datePublished\":\"2020-07-02T10:25:10+00:00\",\"dateModified\":\"2020-10-01T12:06:41+00:00\",\"breadcrumb\":{\"@id\":\"https:\/\/www.hotelvaubecour-lyon.com\/it\/termini-e-condizioni-generali-di-vendita\/#breadcrumb\"},\"inLanguage\":\"it-IT\",\"potentialAction\":[{\"@type\":\"ReadAction\",\"target\":[\"https:\/\/www.hotelvaubecour-lyon.com\/it\/termini-e-condizioni-generali-di-vendita\/\"]}]},{\"@type\":\"BreadcrumbList\",\"@id\":\"https:\/\/www.hotelvaubecour-lyon.com\/it\/termini-e-condizioni-generali-di-vendita\/#breadcrumb\",\"itemListElement\":[{\"@type\":\"ListItem\",\"position\":1,\"name\":\"Home\",\"item\":\"https:\/\/www.hotelvaubecour-lyon.com\/it\/\"},{\"@type\":\"ListItem\",\"position\":2,\"name\":\"Termini e condizioni generali di vendita\"}]},{\"@type\":\"WebSite\",\"@id\":\"https:\/\/www.hotelvaubecour-lyon.com\/it\/#website\",\"url\":\"https:\/\/www.hotelvaubecour-lyon.com\/it\/\",\"name\":\"Vaubecour Lyon\",\"description\":\"\",\"potentialAction\":[{\"@type\":\"SearchAction\",\"target\":{\"@type\":\"EntryPoint\",\"urlTemplate\":\"https:\/\/www.hotelvaubecour-lyon.com\/it\/?s={search_term_string}\"},\"query-input\":{\"@type\":\"PropertyValueSpecification\",\"valueRequired\":true,\"valueName\":\"search_term_string\"}}],\"inLanguage\":\"it-IT\"}]}<\/script>\n<!-- \/ Yoast SEO plugin. -->","yoast_head_json":{"title":"Termini e condizioni generali di vendita - Vaubecour Lyon","robots":{"index":"index","follow":"follow","max-snippet":"max-snippet:-1","max-image-preview":"max-image-preview:large","max-video-preview":"max-video-preview:-1"},"canonical":"https:\/\/www.hotelvaubecour-lyon.com\/it\/termini-e-condizioni-generali-di-vendita\/","og_locale":"it_IT","og_type":"article","og_title":"Termini e condizioni generali di vendita - Vaubecour Lyon","og_description":"Condizioni di prenotazione \/ cancellazione e modalit\u00e0 di pagamento. A seconda della tariffa scelta, si [&hellip;]","og_url":"https:\/\/www.hotelvaubecour-lyon.com\/it\/termini-e-condizioni-generali-di-vendita\/","og_site_name":"Vaubecour Lyon","article_modified_time":"2020-10-01T12:06:41+00:00","twitter_card":"summary_large_image","twitter_misc":{"Tempo di lettura stimato":"1 minuto"},"schema":{"@context":"https:\/\/schema.org","@graph":[{"@type":"WebPage","@id":"https:\/\/www.hotelvaubecour-lyon.com\/it\/termini-e-condizioni-generali-di-vendita\/","url":"https:\/\/www.hotelvaubecour-lyon.com\/it\/termini-e-condizioni-generali-di-vendita\/","name":"Termini e condizioni generali di vendita - Vaubecour Lyon","isPartOf":{"@id":"https:\/\/www.hotelvaubecour-lyon.com\/it\/#website"},"datePublished":"2020-07-02T10:25:10+00:00","dateModified":"2020-10-01T12:06:41+00:00","breadcrumb":{"@id":"https:\/\/www.hotelvaubecour-lyon.com\/it\/termini-e-condizioni-generali-di-vendita\/#breadcrumb"},"inLanguage":"it-IT","potentialAction":[{"@type":"ReadAction","target":["https:\/\/www.hotelvaubecour-lyon.com\/it\/termini-e-condizioni-generali-di-vendita\/"]}]},{"@type":"BreadcrumbList","@id":"https:\/\/www.hotelvaubecour-lyon.com\/it\/termini-e-condizioni-generali-di-vendita\/#breadcrumb","itemListElement":[{"@type":"ListItem","position":1,"name":"Home","item":"https:\/\/www.hotelvaubecour-lyon.com\/it\/"},{"@type":"ListItem","position":2,"name":"Termini e condizioni generali di vendita"}]},{"@type":"WebSite","@id":"https:\/\/www.hotelvaubecour-lyon.com\/it\/#website","url":"https:\/\/www.hotelvaubecour-lyon.com\/it\/","name":"Vaubecour Lyon","description":"","potentialAction":[{"@type":"SearchAction","target":{"@type":"EntryPoint","urlTemplate":"https:\/\/www.hotelvaubecour-lyon.com\/it\/?s={search_term_string}"},"query-input":{"@type":"PropertyValueSpecification","valueRequired":true,"valueName":"search_term_string"}}],"inLanguage":"it-IT"}]}},"acf":[],"_links":{"self":[{"href":"https:\/\/www.hotelvaubecour-lyon.com\/it\/wp-json\/wp\/v2\/pages\/444","targetHints":{"allow":["GET"]}}],"collection":[{"href":"https:\/\/www.hotelvaubecour-lyon.com\/it\/wp-json\/wp\/v2\/pages"}],"about":[{"href":"https:\/\/www.hotelvaubecour-lyon.com\/it\/wp-json\/wp\/v2\/types\/page"}],"author":[{"embeddable":true,"href":"https:\/\/www.hotelvaubecour-lyon.com\/it\/wp-json\/wp\/v2\/users\/137"}],"replies":[{"embeddable":true,"href":"https:\/\/www.hotelvaubecour-lyon.com\/it\/wp-json\/wp\/v2\/comments?post=444"}],"version-history":[{"count":0,"href":"https:\/\/www.hotelvaubecour-lyon.com\/it\/wp-json\/wp\/v2\/pages\/444\/revisions"}],"wp:attachment":[{"href":"https:\/\/www.hotelvaubecour-lyon.com\/it\/wp-json\/wp\/v2\/media?parent=444"}],"curies":[{"name":"wp","href":"https:\/\/api.w.org\/{rel}","templated":true}]}}