{"id":442,"date":"2020-07-02T10:21:00","date_gmt":"2020-07-02T10:21:00","guid":{"rendered":"https:\/\/www.hotelvaubecour-lyon.com\/mentions-legales\/"},"modified":"2020-10-01T12:14:58","modified_gmt":"2020-10-01T12:14:58","slug":"note-legali","status":"publish","type":"page","link":"https:\/\/www.hotelvaubecour-lyon.com\/it\/note-legali\/","title":{"rendered":"Note legali"},"content":{"rendered":"<p>Vi informiamo delle diverse condizioni d&#8217;uso di questo sito prima di navigare nelle sue pagine. Collegandosi a questo sito, si accettano senza riserva questi Termini e Condizioni. Inoltre, ai sensi dell&#8217;Articolo n \u00b0 6 della Legge n\u00b02004-575 del 21 giugno 2004 per la fiducia nell&#8217;economia digitale, i responsabili di questo sito web sono :<\/p>\n<p><strong>Editore del sito:<\/strong><br \/>\nSARL H\u00f4tel VAUBECOUR II &#8211; SIRET number: 78848732000012<br \/>\nManager editoriale: Xavier PRIEUR<br \/>\nVia Vaubecour 28, 69002, Lione<br \/>\nTelefono: 0478374491<br \/>\nEmail : <a href=\"mailto:contact@hotelvaubecour-lyon.com\" target=\"_blank\" rel=\"noopener noreferrer\">contact@hotelvaubecour-lyon.com<\/a><br \/>\nSito web : <a href=\"http:\/\/www.hotelvaubecour-lyon.com\" target=\"_blank\" rel=\"noopener noreferrer\">www.hotelvaubecour-lyon.com<\/a><\/p>\n<p><strong>Sistemazione :<\/strong><br \/>\nWPEngine, Inc.<br \/>\nIrongate House, 22-30 Duke\u2019s Place<br \/>\nLondon, EC3A 7LP, United Kingdom<br \/>\nT\u00e9l\u00e9phone : 08 00 50 53 049<\/p>\n<p><strong>Produzione :<\/strong><br \/>\nD-EDGE SAS<br \/>\n14\/16, boulevard Poissonni\u00e8re<br \/>\n75009 Paris<br \/>\nFRANCE<br \/>\nTelefono: +33 1 44 71 05 05<br \/>\nSito web : <a href=\"https:\/\/www.d-edge.com\/it\/\" target=\"_blank\" rel=\"noopener noreferrer\">https:\/\/www.d-edge.com\/it\/<\/a><\/p>\n<p><strong>Termini e condizioni :<\/strong><br \/>\nQuesto sito \u00e8 offerto in diversi linguaggi web (HTML, HTML5, Javascript, CSS, ecc&#8230;) per un migliore comfort di utilizzo e una grafica pi\u00f9 piacevole, si consiglia di utilizzare i browser moderni come Internet explorer, Safari, Firefox, Google Chrome, ecc\u2026<br \/>\nUtilizziamo tutti i mezzi a nostra disposizione, per garantire informazioni affidabili e un aggiornamento affidabile del contenuto del sito web. Tuttavia, possono verificarsi errori o omissioni. L&#8217;utente deve pertanto garantire l&#8217;accuratezza delle informazioni, e segnalare eventuali modifiche al sito che ritiene utili. La societ\u00e0 SARL hotel VAUBECOUR II non \u00e8 in alcun modo responsabile per l&#8217;uso fatto di queste informazioni, e per eventuali danni diretti o indiretti che ne possono derivare.<\/p>\n<p><strong>Cookie<\/strong> :<br \/>\nIl sito potrebbe chiederti di accettare i cookie per scopi statistici e di visualizzazione. Un cookie \u00e8 un&#8217;informazione memorizzata sul tuo hard disk dal server del sito che stai visitando. Contiene diversi dati memorizzati sul computer in un semplice text file a cui un server accede per leggere e salvare le informazioni . Alcune parti di questo sito non possono essere funzionali senza l&#8217;accettazione dei cookie.<\/p>\n<p><strong>Collegamenti ipertestuali :<\/strong><br \/>\nil sito web fornisce collegamenti ad altri siti web o altre risorse disponibili su Internet. SARL H\u00f4tel VAUBECOUR II non ha mezzi per controllare i siti in relazione ai suoi siti web. SARL H\u00f4tel VAUBECOUR II non risponde n\u00e9 garantisce la disponibilit\u00e0 di tali siti e fonti esterne. Non pu\u00f2 essere ritenuta responsabile per eventuali danni di qualsiasi tipo derivanti dal contenuto di questi siti o fonti esterne, e in particolare le informazioni, i Prodotti o i servizi che offrono, o qualsiasi uso che possa essere fatto di questi elementi. I rischi associati a questo uso sono pienamente a carico dell&#8217;utente, che deve rispettare le proprie condizioni d&#8217;uso.<br \/>\nGli utenti, gli abbonati e i visitatori dei siti web non possono creare un collegamento ipertestuale a questo sito senza l&#8217;espressa autorizzazione preventiva di SARL H\u00f4tel VAUBECOUR II.<br \/>\nNel caso in cui un utente o un visitatore desideri impostare un collegamento ipertestuale al sito Web di SARL hotel VAUBECOUR II, sar\u00e0 sua responsabilit\u00e0 inviare un&#8217;e-mail accessibile sul sito al fine di formulare la sua richiesta di impostare un collegamento ipertestuale. SARL hotel VAUBECOUR II si riserva il diritto di accettare o rifiutare un collegamento ipertestuale senza dover giustificare la sua decisione.<\/p>\n<p><strong>Servizi forniti<\/strong> :<br \/>\nTutte le attivit\u00e0 della societ\u00e0 e le sue informazioni sono presentate sul nostro sito web <a href=\"http:\/\/www.hotelvaubecour-lyon.com\" target=\"_blank\" rel=\"noopener noreferrer\">www.hotelvaubecour-lyon.com<\/a>.<br \/>\nSARL hotel VAUBECOUR II si sforza di fornire sul sito <a href=\"http:\/\/www.hotelvaubecour-lyon.com\" target=\"_blank\" rel=\"noopener noreferrer\">www.hotelvaubecour-lyon.com<\/a> informazioni il pi\u00f9 accurate possibile. Le informazioni sul sito <a href=\"http:\/\/www.hotelvaubecour-lyon.com\" target=\"_blank\" rel=\"noopener noreferrer\">www.hotelvaubecour-lyon.com<\/a> non sono foto esaustive e non contrattuali. Essi sono dati soggetti a modifiche che sono state fatte da quando sono stati pubblicati on-line. Inoltre, tutte le informazioni indicate sul sito <a href=\"http:\/\/www.hotelvaubecour-lyon.com\" target=\"_blank\" rel=\"noopener noreferrer\">www.hotelvaubecour-lyon.com<\/a> sono indicative e sono soggette a modifiche o evoluzioni senza preavviso.<\/p>\n<p><strong>Limiti contrattuali sui dati :<\/strong><br \/>\nLe informazioni contenute in questo sito sono il pi\u00f9 accurate possibile e il sito aggiornato in diversi periodi dell&#8217;anno, ma possono comunque contenere inesattezze o omissioni. Se si nota una carenza, un errore o quello che sembra essere un malfunzionamento, si prega di segnalarlo via e-mail, all&#8217;indirizzo <a href=\"mailto:contact@hotelvaubecour-lyon.com\">contact@hotelvaubecour-lyon.com<\/a> descrivendo il problema nel modo pi\u00f9 accurato possibile (pagina del problema, tipo di computer e browser utilizzato,&#8230;).<br \/>\n<strong>Qualsiasi Contenuto scaricato \u00e8 a rischio dell&#8217;utente e sotto la sua esclusiva responsabilit\u00e0. Di conseguenza, SARL hotel VAUBECOUR II non potr\u00e0 essere ritenuta responsabile per eventuali danni subiti dal computer dell&#8217;utente o per eventuali perdite di dati a seguito del download. Inoltre, l&#8217;utente del sito si impegna ad accedere al sito utilizzando hardware recente, non contenente virus e con un browser aggiornato di ultima generazione.<\/strong><br \/>\nI collegamenti ipertestuali impostati come parte di questo sito Web verso altre risorse presenti sulla rete Internet non possono coinvolgere la responsabilit\u00e0 di SARL hotel VAUBECOUR II.<\/p>\n<p><strong>Propriet\u00e0 intellettuale :<\/strong><br \/>\n<em>Tutti i contenuti di questo sito <a href=\"http:\/\/www.hotelvaubecour-lyon.com\" target=\"_blank\" rel=\"noopener noreferrer\">www.hotelvaubecour-lyon.com<\/a>, grafica, immagini, testi, video, animazioni, suoni, loghi, GIF e icone e la loro formattazione sono di esclusiva propriet\u00e0 della societ\u00e0 ad eccezione di marchi, loghi o contenuti appartenenti ad altre societ\u00e0 partner o autori.<\/em><br \/>\nQualsiasi riproduzione, distribuzione, modifica, adattamento, ritrasmissione o pubblicazione, anche parziale, di questi diversi elementi \u00e8 severamente vietata senza l&#8217;espresso consenso scritto di SARL hotel VAUBECOUR II. questa rappresentazione o riproduzione, con qualsiasi processo, costituisce una violazione punibile con gli articoli L. 335 &#8211; 2 e segg. del Codice della propriet\u00e0 intellettuale. Il mancato rispetto di tale divieto costituisce una violazione che pu\u00f2 dar luogo a responsabilit\u00e0 civile e penale del trasgressore. Inoltre, i proprietari dei contenuti copiati possono intraprendere azioni legali conil soggetto in questione.<\/p>\n<p><strong>Dichiarazione alla CNIL :<\/strong><br \/>\n<em>Ai sensi della legge 78-17 del 6 gennaio 1978, modificata dalla legge 2004-801 del 6 agosto 2004, relativa alla tutela delle persone fisiche con riguardo al trattamento dei dati personali), relativa all&#8217;informatica, ai file e alle libert\u00e0, questo sito \u00e8 stato oggetto di una dichiarazione 1656629 alla Commissione Nazionale dell&#8217;informatica e delle libert\u00e0 (<a href=\"http:\/\/www.cnil.fr\" target=\"_blank\" rel=\"noopener noreferrer\">www.cnil.fr<\/a>).<\/em><\/p>\n<p><strong>Litigi :<\/strong><br \/>\nQueste condizioni del sito <a href=\"http:\/\/www.hotelvaubecour-lyon.com\" target=\"_blank\" rel=\"noopener noreferrer\">www.hotelvaubecour-lyon.com<\/a> sono regolate dalle leggi francesi e qualsiasi controversia o contenzioso che possa derivare dall&#8217;interpretazione o dall&#8217;esecuzione di questi sar\u00e0 di esclusiva competenza dei tribunali da cui dipende la sede principale della societ\u00e0. La lingua di riferimento, per la risoluzione di eventuali controversie, \u00e8 il francese.<\/p>\n<p><strong>Dati personali :<\/strong><br \/>\n<em>In generale, non sei tenuto a fornirci i tuoi dati personali quando visiti il nostro sito web <a href=\"http:\/\/www.hotelvaubecour-lyon.com\" target=\"_blank\" rel=\"noopener noreferrer\">www.hotelvaubecour-lyon.com<\/a>.<\/em><br \/>\n<em>Tuttavia, ci sono alcune eccezioni a questo principio. Infatti, per alcuni servizi offerti dal nostro sito, potrebbe essere richiesto di fornirci alcuni dati come: il tuo nome, il nome della tua azienda, il tuo indirizzo email o Postale, Il tuo numero di telefono o qualsiasi altra informazione. Questo \u00e8 il caso quando compili il modulo che ti viene proposto online, nella sezione &#8220;<a href=\"https:\/\/www.hotelvaubecour-lyon.com\/it\/contattaci\/\">contatti<\/a>&#8221; o finalizzi una prenotazione.<\/em><br \/>\nIn ogni caso, puoi rifiutarti di fornire i tuoi dati personali. In questo caso, non sarai in grado di utilizzare i servizi del sito, in particolare quello di finalizzare la tua prenotazione o il modulo di contatto per fornirti una risposta alla tua domanda.<br \/>\nInfine, potremmo raccogliere automaticamente alcune informazioni su di te quando navighi semplicemente sul nostro sito web, tra cui: informazioni sull&#8217;uso del nostro sito web, come le aree visitate e i servizi a cui accedi, il tuo indirizzo IP, il tipo di browser, i tuoi tempi di accesso.<br \/>\nTali informazioni vengono utilizzate esclusivamente a fini statistici interni, al fine di migliorare la qualit\u00e0 dei servizi offerti all&#8217;utente. Le banche dati sono protette dalle disposizioni della legge del 1 \u00b0 luglio 1998 che recepisce la direttiva 96\/9 dell &#8216; 11 marzo 1996 relativa alla protezione giuridica delle banche dati.<\/p>\n<p><strong>Cr\u00e9diti :<\/strong><br \/>\nFotografo G. GALAS<\/p>\n","protected":false},"excerpt":{"rendered":"<p>Vi informiamo delle diverse condizioni d&#8217;uso di questo sito prima di navigare nelle sue pagine. [&hellip;]<\/p>\n","protected":false},"author":137,"featured_media":0,"parent":0,"menu_order":140,"comment_status":"closed","ping_status":"closed","template":"","meta":{"footnotes":""},"class_list":["post-442","page","type-page","status-publish","hentry"],"yoast_head":"<!-- This site is optimized with the Yoast SEO plugin v26.9 - https:\/\/yoast.com\/product\/yoast-seo-wordpress\/ -->\n<title>Note legali - Vaubecour Lyon<\/title>\n<meta name=\"robots\" content=\"index, follow, max-snippet:-1, max-image-preview:large, max-video-preview:-1\" \/>\n<link rel=\"canonical\" href=\"https:\/\/www.hotelvaubecour-lyon.com\/it\/note-legali\/\" \/>\n<meta property=\"og:locale\" content=\"it_IT\" \/>\n<meta property=\"og:type\" content=\"article\" \/>\n<meta property=\"og:title\" content=\"Note legali - Vaubecour Lyon\" \/>\n<meta property=\"og:description\" content=\"Vi informiamo delle diverse condizioni d&#8217;uso di questo sito prima di navigare nelle sue pagine. [&hellip;]\" \/>\n<meta property=\"og:url\" content=\"https:\/\/www.hotelvaubecour-lyon.com\/it\/note-legali\/\" \/>\n<meta property=\"og:site_name\" content=\"Vaubecour Lyon\" \/>\n<meta property=\"article:modified_time\" content=\"2020-10-01T12:14:58+00:00\" \/>\n<meta name=\"twitter:card\" content=\"summary_large_image\" \/>\n<meta name=\"twitter:label1\" content=\"Tempo di lettura stimato\" \/>\n\t<meta name=\"twitter:data1\" content=\"6 minuti\" \/>\n<script type=\"application\/ld+json\" class=\"yoast-schema-graph\">{\"@context\":\"https:\/\/schema.org\",\"@graph\":[{\"@type\":\"WebPage\",\"@id\":\"https:\/\/www.hotelvaubecour-lyon.com\/it\/note-legali\/\",\"url\":\"https:\/\/www.hotelvaubecour-lyon.com\/it\/note-legali\/\",\"name\":\"Note legali - Vaubecour Lyon\",\"isPartOf\":{\"@id\":\"https:\/\/www.hotelvaubecour-lyon.com\/it\/#website\"},\"datePublished\":\"2020-07-02T10:21:00+00:00\",\"dateModified\":\"2020-10-01T12:14:58+00:00\",\"breadcrumb\":{\"@id\":\"https:\/\/www.hotelvaubecour-lyon.com\/it\/note-legali\/#breadcrumb\"},\"inLanguage\":\"it-IT\",\"potentialAction\":[{\"@type\":\"ReadAction\",\"target\":[\"https:\/\/www.hotelvaubecour-lyon.com\/it\/note-legali\/\"]}]},{\"@type\":\"BreadcrumbList\",\"@id\":\"https:\/\/www.hotelvaubecour-lyon.com\/it\/note-legali\/#breadcrumb\",\"itemListElement\":[{\"@type\":\"ListItem\",\"position\":1,\"name\":\"Home\",\"item\":\"https:\/\/www.hotelvaubecour-lyon.com\/it\/\"},{\"@type\":\"ListItem\",\"position\":2,\"name\":\"Note legali\"}]},{\"@type\":\"WebSite\",\"@id\":\"https:\/\/www.hotelvaubecour-lyon.com\/it\/#website\",\"url\":\"https:\/\/www.hotelvaubecour-lyon.com\/it\/\",\"name\":\"Vaubecour Lyon\",\"description\":\"\",\"potentialAction\":[{\"@type\":\"SearchAction\",\"target\":{\"@type\":\"EntryPoint\",\"urlTemplate\":\"https:\/\/www.hotelvaubecour-lyon.com\/it\/?s={search_term_string}\"},\"query-input\":{\"@type\":\"PropertyValueSpecification\",\"valueRequired\":true,\"valueName\":\"search_term_string\"}}],\"inLanguage\":\"it-IT\"}]}<\/script>\n<!-- \/ Yoast SEO plugin. -->","yoast_head_json":{"title":"Note legali - Vaubecour Lyon","robots":{"index":"index","follow":"follow","max-snippet":"max-snippet:-1","max-image-preview":"max-image-preview:large","max-video-preview":"max-video-preview:-1"},"canonical":"https:\/\/www.hotelvaubecour-lyon.com\/it\/note-legali\/","og_locale":"it_IT","og_type":"article","og_title":"Note legali - Vaubecour Lyon","og_description":"Vi informiamo delle diverse condizioni d&#8217;uso di questo sito prima di navigare nelle sue pagine. [&hellip;]","og_url":"https:\/\/www.hotelvaubecour-lyon.com\/it\/note-legali\/","og_site_name":"Vaubecour Lyon","article_modified_time":"2020-10-01T12:14:58+00:00","twitter_card":"summary_large_image","twitter_misc":{"Tempo di lettura stimato":"6 minuti"},"schema":{"@context":"https:\/\/schema.org","@graph":[{"@type":"WebPage","@id":"https:\/\/www.hotelvaubecour-lyon.com\/it\/note-legali\/","url":"https:\/\/www.hotelvaubecour-lyon.com\/it\/note-legali\/","name":"Note legali - Vaubecour Lyon","isPartOf":{"@id":"https:\/\/www.hotelvaubecour-lyon.com\/it\/#website"},"datePublished":"2020-07-02T10:21:00+00:00","dateModified":"2020-10-01T12:14:58+00:00","breadcrumb":{"@id":"https:\/\/www.hotelvaubecour-lyon.com\/it\/note-legali\/#breadcrumb"},"inLanguage":"it-IT","potentialAction":[{"@type":"ReadAction","target":["https:\/\/www.hotelvaubecour-lyon.com\/it\/note-legali\/"]}]},{"@type":"BreadcrumbList","@id":"https:\/\/www.hotelvaubecour-lyon.com\/it\/note-legali\/#breadcrumb","itemListElement":[{"@type":"ListItem","position":1,"name":"Home","item":"https:\/\/www.hotelvaubecour-lyon.com\/it\/"},{"@type":"ListItem","position":2,"name":"Note legali"}]},{"@type":"WebSite","@id":"https:\/\/www.hotelvaubecour-lyon.com\/it\/#website","url":"https:\/\/www.hotelvaubecour-lyon.com\/it\/","name":"Vaubecour Lyon","description":"","potentialAction":[{"@type":"SearchAction","target":{"@type":"EntryPoint","urlTemplate":"https:\/\/www.hotelvaubecour-lyon.com\/it\/?s={search_term_string}"},"query-input":{"@type":"PropertyValueSpecification","valueRequired":true,"valueName":"search_term_string"}}],"inLanguage":"it-IT"}]}},"acf":[],"_links":{"self":[{"href":"https:\/\/www.hotelvaubecour-lyon.com\/it\/wp-json\/wp\/v2\/pages\/442","targetHints":{"allow":["GET"]}}],"collection":[{"href":"https:\/\/www.hotelvaubecour-lyon.com\/it\/wp-json\/wp\/v2\/pages"}],"about":[{"href":"https:\/\/www.hotelvaubecour-lyon.com\/it\/wp-json\/wp\/v2\/types\/page"}],"author":[{"embeddable":true,"href":"https:\/\/www.hotelvaubecour-lyon.com\/it\/wp-json\/wp\/v2\/users\/137"}],"replies":[{"embeddable":true,"href":"https:\/\/www.hotelvaubecour-lyon.com\/it\/wp-json\/wp\/v2\/comments?post=442"}],"version-history":[{"count":0,"href":"https:\/\/www.hotelvaubecour-lyon.com\/it\/wp-json\/wp\/v2\/pages\/442\/revisions"}],"wp:attachment":[{"href":"https:\/\/www.hotelvaubecour-lyon.com\/it\/wp-json\/wp\/v2\/media?parent=442"}],"curies":[{"name":"wp","href":"https:\/\/api.w.org\/{rel}","templated":true}]}}