{"id":414,"date":"2020-07-01T13:44:08","date_gmt":"2020-07-01T13:44:08","guid":{"rendered":"https:\/\/www.hotelvaubecour-lyon.com\/tourisme-evenements-festivals\/"},"modified":"2020-12-02T13:40:06","modified_gmt":"2020-12-02T13:40:06","slug":"turismo-eventi-festival","status":"publish","type":"page","link":"https:\/\/www.hotelvaubecour-lyon.com\/it\/turismo-eventi-festival\/","title":{"rendered":"Turismo, Eventi &#038; Festival"},"content":{"rendered":"<p>Lasciatevi sedurre dalla nostra bellissima citt\u00e0 che offre, durante tutto l&#8217;anno, un ricca e variegata scelta di attivit\u00e0 turistiche, eventi culturali e professionali, nonch\u00e9 Festival.<\/p>\n<p>Scoprirete i quartieri emblematici di Lione, i suoi musei e luoghi di spettacolo:<\/p>\n<ul>\n<li>La <a href=\"https:\/\/www.hotelvaubecour-lyon.com\/it\/places\/vecchia-lione-fourviere\/\"><strong>Vecchia Lione e Fourvi\u00e8re<\/strong><\/a><\/li>\n<li>La <strong><a href=\"https:\/\/www.hotelvaubecour-lyon.com\/it\/places\/presquile-bellecour-hotel-dieu-terreaux\/\">Presqu&#8217;\u00eele con Bellecour \/ L&#8217;H\u00f4tel Dieu \/ Les Terreaux<\/a><\/strong><\/li>\n<li>La <strong><a href=\"https:\/\/www.hotelvaubecour-lyon.com\/it\/places\/croix-rousse-e-il-suo-versante\/\">Croix Rousse e il suo versante<\/a><\/strong><\/li>\n<li>La <strong><a href=\"https:\/\/www.hotelvaubecour-lyon.com\/it\/places\/confluence-la-sua-modernita\/\">Confluence e la sua modernit\u00e0<\/a><\/strong><\/li>\n<\/ul>\n<p>Potrete anche godere di eventi culturali, festival, teatri o opere : :<\/p>\n<ul>\n<li>Biennale della danza o d&#8217;arte contemporanea<\/li>\n<li>Festival &#8220;Quais du polar&#8221;<\/li>\n<li>Festival delle notti di Fourvi\u00e8re, fetival di musica &#8220;Les nuits sonores&#8221; o &#8220;woodstower&#8221;<\/li>\n<li>Festa delle luci<\/li>\n<li>Th\u00e9\u00e2tre des C\u00e9lestins, t\u00eate d&#8217;OR o TNP Villeurbanne<\/li>\n<li>Op\u00e9ra de Lyon<\/li>\n<\/ul>\n<p><a href=\"https:\/\/www.hotelvaubecour-lyon.com\/it\/places\/eventi-professionali\/\"><strong>Professionali<\/strong><\/a>, ci interessiamo anche ai saloni :<\/p>\n<ul>\n<li>Il Sirha (cibo o sirha verde)<\/li>\n<li>Pollutec<\/li>\n<li>Solutrans<\/li>\n<li>Paysalia<\/li>\n<li>Fiera immobiliare-ecc<\/li>\n<\/ul>\n<p>E per chi preferisce il <a href=\"https:\/\/www.hotelvaubecour-lyon.com\/it\/places\/puro-divertimento-e-brivido\/\"><strong>brivido<\/strong><\/a>, consigliamo:<\/p>\n<ul>\n<li><a href=\"https:\/\/www.hotelvaubecour-lyon.com\/it\/places\/puro-divertimento-e-brivido\/\"><strong>IFLY<\/strong><\/a> (Indoor free fall)<\/li>\n<li><strong>I-WAY<\/strong> (simulatore di F1, Moto e aereo in realt\u00e0 virtuale)<\/li>\n<li><strong>Climbing<\/strong> (climp up fino alla Confluence-22 metri)<\/li>\n<li><strong>Karting<\/strong> (k1speed)<\/li>\n<\/ul>\n<p>Siamo a vostra disposizione per aiutarvi e accompagnarvi anche con <a href=\"https:\/\/www.hotelvaubecour-lyon.com\/it\/places\/istituzioni-lionnesi\/\"><strong>le istituzioni di Lione<\/strong><\/a> che sono l\u2019<strong>L&#8217;Ufficio Turistico di Lione<\/strong> o il <strong>Centro Congressi<\/strong>.<\/p>\n","protected":false},"excerpt":{"rendered":"<p>Lasciatevi sedurre dalla nostra bellissima citt\u00e0 che offre, durante tutto l&#8217;anno, un ricca e variegata [&hellip;]<\/p>\n","protected":false},"author":137,"featured_media":0,"parent":0,"menu_order":60,"comment_status":"closed","ping_status":"closed","template":"template-surroundings.php","meta":{"footnotes":""},"class_list":["post-414","page","type-page","status-publish","hentry"],"yoast_head":"<!-- This site is optimized with the Yoast SEO plugin v26.9 - https:\/\/yoast.com\/product\/yoast-seo-wordpress\/ -->\n<title>Turismo, Eventi &amp; Festival - Vaubecour Lyon<\/title>\n<meta name=\"robots\" content=\"index, follow, max-snippet:-1, max-image-preview:large, max-video-preview:-1\" \/>\n<link rel=\"canonical\" href=\"https:\/\/www.hotelvaubecour-lyon.com\/it\/turismo-eventi-festival\/\" \/>\n<meta property=\"og:locale\" content=\"it_IT\" \/>\n<meta property=\"og:type\" content=\"article\" \/>\n<meta property=\"og:title\" content=\"Turismo, Eventi &amp; Festival - Vaubecour Lyon\" \/>\n<meta property=\"og:description\" content=\"Lasciatevi sedurre dalla nostra bellissima citt\u00e0 che offre, durante tutto l&#8217;anno, un ricca e variegata [&hellip;]\" \/>\n<meta property=\"og:url\" content=\"https:\/\/www.hotelvaubecour-lyon.com\/it\/turismo-eventi-festival\/\" \/>\n<meta property=\"og:site_name\" content=\"Vaubecour Lyon\" \/>\n<meta property=\"article:modified_time\" content=\"2020-12-02T13:40:06+00:00\" \/>\n<meta name=\"twitter:card\" content=\"summary_large_image\" \/>\n<meta name=\"twitter:label1\" content=\"Tempo di lettura stimato\" \/>\n\t<meta name=\"twitter:data1\" content=\"1 minuto\" \/>\n<script type=\"application\/ld+json\" class=\"yoast-schema-graph\">{\"@context\":\"https:\/\/schema.org\",\"@graph\":[{\"@type\":\"WebPage\",\"@id\":\"https:\/\/www.hotelvaubecour-lyon.com\/it\/turismo-eventi-festival\/\",\"url\":\"https:\/\/www.hotelvaubecour-lyon.com\/it\/turismo-eventi-festival\/\",\"name\":\"Turismo, Eventi & Festival - Vaubecour Lyon\",\"isPartOf\":{\"@id\":\"https:\/\/www.hotelvaubecour-lyon.com\/it\/#website\"},\"datePublished\":\"2020-07-01T13:44:08+00:00\",\"dateModified\":\"2020-12-02T13:40:06+00:00\",\"breadcrumb\":{\"@id\":\"https:\/\/www.hotelvaubecour-lyon.com\/it\/turismo-eventi-festival\/#breadcrumb\"},\"inLanguage\":\"it-IT\",\"potentialAction\":[{\"@type\":\"ReadAction\",\"target\":[\"https:\/\/www.hotelvaubecour-lyon.com\/it\/turismo-eventi-festival\/\"]}]},{\"@type\":\"BreadcrumbList\",\"@id\":\"https:\/\/www.hotelvaubecour-lyon.com\/it\/turismo-eventi-festival\/#breadcrumb\",\"itemListElement\":[{\"@type\":\"ListItem\",\"position\":1,\"name\":\"Home\",\"item\":\"https:\/\/www.hotelvaubecour-lyon.com\/it\/\"},{\"@type\":\"ListItem\",\"position\":2,\"name\":\"Turismo, Eventi &#038; Festival\"}]},{\"@type\":\"WebSite\",\"@id\":\"https:\/\/www.hotelvaubecour-lyon.com\/it\/#website\",\"url\":\"https:\/\/www.hotelvaubecour-lyon.com\/it\/\",\"name\":\"Vaubecour Lyon\",\"description\":\"\",\"potentialAction\":[{\"@type\":\"SearchAction\",\"target\":{\"@type\":\"EntryPoint\",\"urlTemplate\":\"https:\/\/www.hotelvaubecour-lyon.com\/it\/?s={search_term_string}\"},\"query-input\":{\"@type\":\"PropertyValueSpecification\",\"valueRequired\":true,\"valueName\":\"search_term_string\"}}],\"inLanguage\":\"it-IT\"}]}<\/script>\n<!-- \/ Yoast SEO plugin. -->","yoast_head_json":{"title":"Turismo, Eventi & Festival - Vaubecour Lyon","robots":{"index":"index","follow":"follow","max-snippet":"max-snippet:-1","max-image-preview":"max-image-preview:large","max-video-preview":"max-video-preview:-1"},"canonical":"https:\/\/www.hotelvaubecour-lyon.com\/it\/turismo-eventi-festival\/","og_locale":"it_IT","og_type":"article","og_title":"Turismo, Eventi & Festival - Vaubecour Lyon","og_description":"Lasciatevi sedurre dalla nostra bellissima citt\u00e0 che offre, durante tutto l&#8217;anno, un ricca e variegata [&hellip;]","og_url":"https:\/\/www.hotelvaubecour-lyon.com\/it\/turismo-eventi-festival\/","og_site_name":"Vaubecour Lyon","article_modified_time":"2020-12-02T13:40:06+00:00","twitter_card":"summary_large_image","twitter_misc":{"Tempo di lettura stimato":"1 minuto"},"schema":{"@context":"https:\/\/schema.org","@graph":[{"@type":"WebPage","@id":"https:\/\/www.hotelvaubecour-lyon.com\/it\/turismo-eventi-festival\/","url":"https:\/\/www.hotelvaubecour-lyon.com\/it\/turismo-eventi-festival\/","name":"Turismo, Eventi & Festival - Vaubecour Lyon","isPartOf":{"@id":"https:\/\/www.hotelvaubecour-lyon.com\/it\/#website"},"datePublished":"2020-07-01T13:44:08+00:00","dateModified":"2020-12-02T13:40:06+00:00","breadcrumb":{"@id":"https:\/\/www.hotelvaubecour-lyon.com\/it\/turismo-eventi-festival\/#breadcrumb"},"inLanguage":"it-IT","potentialAction":[{"@type":"ReadAction","target":["https:\/\/www.hotelvaubecour-lyon.com\/it\/turismo-eventi-festival\/"]}]},{"@type":"BreadcrumbList","@id":"https:\/\/www.hotelvaubecour-lyon.com\/it\/turismo-eventi-festival\/#breadcrumb","itemListElement":[{"@type":"ListItem","position":1,"name":"Home","item":"https:\/\/www.hotelvaubecour-lyon.com\/it\/"},{"@type":"ListItem","position":2,"name":"Turismo, Eventi &#038; Festival"}]},{"@type":"WebSite","@id":"https:\/\/www.hotelvaubecour-lyon.com\/it\/#website","url":"https:\/\/www.hotelvaubecour-lyon.com\/it\/","name":"Vaubecour Lyon","description":"","potentialAction":[{"@type":"SearchAction","target":{"@type":"EntryPoint","urlTemplate":"https:\/\/www.hotelvaubecour-lyon.com\/it\/?s={search_term_string}"},"query-input":{"@type":"PropertyValueSpecification","valueRequired":true,"valueName":"search_term_string"}}],"inLanguage":"it-IT"}]}},"acf":[],"_links":{"self":[{"href":"https:\/\/www.hotelvaubecour-lyon.com\/it\/wp-json\/wp\/v2\/pages\/414","targetHints":{"allow":["GET"]}}],"collection":[{"href":"https:\/\/www.hotelvaubecour-lyon.com\/it\/wp-json\/wp\/v2\/pages"}],"about":[{"href":"https:\/\/www.hotelvaubecour-lyon.com\/it\/wp-json\/wp\/v2\/types\/page"}],"author":[{"embeddable":true,"href":"https:\/\/www.hotelvaubecour-lyon.com\/it\/wp-json\/wp\/v2\/users\/137"}],"replies":[{"embeddable":true,"href":"https:\/\/www.hotelvaubecour-lyon.com\/it\/wp-json\/wp\/v2\/comments?post=414"}],"version-history":[{"count":0,"href":"https:\/\/www.hotelvaubecour-lyon.com\/it\/wp-json\/wp\/v2\/pages\/414\/revisions"}],"wp:attachment":[{"href":"https:\/\/www.hotelvaubecour-lyon.com\/it\/wp-json\/wp\/v2\/media?parent=414"}],"curies":[{"name":"wp","href":"https:\/\/api.w.org\/{rel}","templated":true}]}}