{"id":409,"date":"2020-07-02T07:22:33","date_gmt":"2020-07-02T07:22:33","guid":{"rendered":"https:\/\/www.hotelvaubecour-lyon.com\/servizi-strutture\/petits-dejeuner\/"},"modified":"2020-12-02T13:18:26","modified_gmt":"2020-12-02T13:18:26","slug":"colazione","status":"publish","type":"page","link":"https:\/\/www.hotelvaubecour-lyon.com\/it\/servizi-strutture\/colazione\/","title":{"rendered":"Colazione"},"content":{"rendered":"<p style=\"text-align: left;\"><strong>Vi invitiamo nella calda e luminosa sala colazioni dove serviamo al tavolo per il vostro comfort e limitare gli sprechi. <\/strong><\/p>\n<p style=\"text-align: left;\">Offriamo 3 formule per soddisfare le vostre diverse aspettative.<\/p>\n<p style=\"text-align: left;\">Il nostro caff\u00e8 \u00e8 un caff\u00e8 di famiglia. I nostri t\u00e8 sono sfusi e preparati sul momento. Offriamo t\u00e8 nero (earl grey e english breakfast), t\u00e8 verde (natura o menta) e roiboos biologici (natura, vaniglia o tchai). Per il cioccolato, offriamo cacao dolce classico o biologico senza zucchero. Il pane e dolci sono freschi poich\u00e9 lavoriamo con 2 panifici nelle vicinanze. Yogurt e latte sono biologici. Il formaggio \u00e8 solitamente Comt\u00e9 e emmental, entrambi con latte crudo.<\/p>\n<p><strong>Formula 1 (2 euro)<\/strong> : bevanda calda da scegliere in loco o da asporto.<\/p>\n<p><strong> Formula 2 (5 euro) &#8211; Classica <\/strong> : bevanda calda a scelta, succo d&#8217;arancia, 1\/2 baguette di pane e condimenti.<\/p>\n<p><strong> Formula 3 (9 euro) &#8211; Continental<\/strong> : Formula 2 + yogurt biologico naturale + viennoiserie + formaggio.<\/p>\n<p>Per completare l&#8217;anti spreco, chiediamo ai nostri ospiti all&#8217;arrivo o la sera prima, quello che desiderano a colazione al fine di ordinare solo ci\u00f2 che \u00e8 necessario. Passeremo pi\u00f9 volte durante la colazione per essere sicuri che non manchiate di nulla.<\/p>\n","protected":false},"excerpt":{"rendered":"<p>Vi invitiamo nella calda e luminosa sala colazioni dove serviamo al tavolo per il vostro [&hellip;]<\/p>\n","protected":false},"author":137,"featured_media":0,"parent":405,"menu_order":3,"comment_status":"closed","ping_status":"closed","template":"","meta":{"footnotes":""},"class_list":["post-409","page","type-page","status-publish","hentry"],"yoast_head":"<!-- This site is optimized with the Yoast SEO plugin v26.9 - https:\/\/yoast.com\/product\/yoast-seo-wordpress\/ -->\n<title>Colazione - Vaubecour Lyon<\/title>\n<meta name=\"robots\" content=\"index, follow, max-snippet:-1, max-image-preview:large, max-video-preview:-1\" \/>\n<link rel=\"canonical\" href=\"https:\/\/www.hotelvaubecour-lyon.com\/it\/servizi-strutture\/colazione\/\" \/>\n<meta property=\"og:locale\" content=\"it_IT\" \/>\n<meta property=\"og:type\" content=\"article\" \/>\n<meta property=\"og:title\" content=\"Colazione - Vaubecour Lyon\" \/>\n<meta property=\"og:description\" content=\"Vi invitiamo nella calda e luminosa sala colazioni dove serviamo al tavolo per il vostro [&hellip;]\" \/>\n<meta property=\"og:url\" content=\"https:\/\/www.hotelvaubecour-lyon.com\/it\/servizi-strutture\/colazione\/\" \/>\n<meta property=\"og:site_name\" content=\"Vaubecour Lyon\" \/>\n<meta property=\"article:modified_time\" content=\"2020-12-02T13:18:26+00:00\" \/>\n<meta name=\"twitter:card\" content=\"summary_large_image\" \/>\n<meta name=\"twitter:label1\" content=\"Tempo di lettura stimato\" \/>\n\t<meta name=\"twitter:data1\" content=\"1 minuto\" \/>\n<script type=\"application\/ld+json\" class=\"yoast-schema-graph\">{\"@context\":\"https:\/\/schema.org\",\"@graph\":[{\"@type\":\"WebPage\",\"@id\":\"https:\/\/www.hotelvaubecour-lyon.com\/it\/servizi-strutture\/colazione\/\",\"url\":\"https:\/\/www.hotelvaubecour-lyon.com\/it\/servizi-strutture\/colazione\/\",\"name\":\"Colazione - Vaubecour Lyon\",\"isPartOf\":{\"@id\":\"https:\/\/www.hotelvaubecour-lyon.com\/it\/#website\"},\"datePublished\":\"2020-07-02T07:22:33+00:00\",\"dateModified\":\"2020-12-02T13:18:26+00:00\",\"breadcrumb\":{\"@id\":\"https:\/\/www.hotelvaubecour-lyon.com\/it\/servizi-strutture\/colazione\/#breadcrumb\"},\"inLanguage\":\"it-IT\",\"potentialAction\":[{\"@type\":\"ReadAction\",\"target\":[\"https:\/\/www.hotelvaubecour-lyon.com\/it\/servizi-strutture\/colazione\/\"]}]},{\"@type\":\"BreadcrumbList\",\"@id\":\"https:\/\/www.hotelvaubecour-lyon.com\/it\/servizi-strutture\/colazione\/#breadcrumb\",\"itemListElement\":[{\"@type\":\"ListItem\",\"position\":1,\"name\":\"Home\",\"item\":\"https:\/\/www.hotelvaubecour-lyon.com\/it\/\"},{\"@type\":\"ListItem\",\"position\":2,\"name\":\"Servizi &#038; Strutture\",\"item\":\"https:\/\/www.hotelvaubecour-lyon.com\/it\/servizi-strutture\/\"},{\"@type\":\"ListItem\",\"position\":3,\"name\":\"Colazione\"}]},{\"@type\":\"WebSite\",\"@id\":\"https:\/\/www.hotelvaubecour-lyon.com\/it\/#website\",\"url\":\"https:\/\/www.hotelvaubecour-lyon.com\/it\/\",\"name\":\"Vaubecour Lyon\",\"description\":\"\",\"potentialAction\":[{\"@type\":\"SearchAction\",\"target\":{\"@type\":\"EntryPoint\",\"urlTemplate\":\"https:\/\/www.hotelvaubecour-lyon.com\/it\/?s={search_term_string}\"},\"query-input\":{\"@type\":\"PropertyValueSpecification\",\"valueRequired\":true,\"valueName\":\"search_term_string\"}}],\"inLanguage\":\"it-IT\"}]}<\/script>\n<!-- \/ Yoast SEO plugin. -->","yoast_head_json":{"title":"Colazione - Vaubecour Lyon","robots":{"index":"index","follow":"follow","max-snippet":"max-snippet:-1","max-image-preview":"max-image-preview:large","max-video-preview":"max-video-preview:-1"},"canonical":"https:\/\/www.hotelvaubecour-lyon.com\/it\/servizi-strutture\/colazione\/","og_locale":"it_IT","og_type":"article","og_title":"Colazione - Vaubecour Lyon","og_description":"Vi invitiamo nella calda e luminosa sala colazioni dove serviamo al tavolo per il vostro [&hellip;]","og_url":"https:\/\/www.hotelvaubecour-lyon.com\/it\/servizi-strutture\/colazione\/","og_site_name":"Vaubecour Lyon","article_modified_time":"2020-12-02T13:18:26+00:00","twitter_card":"summary_large_image","twitter_misc":{"Tempo di lettura stimato":"1 minuto"},"schema":{"@context":"https:\/\/schema.org","@graph":[{"@type":"WebPage","@id":"https:\/\/www.hotelvaubecour-lyon.com\/it\/servizi-strutture\/colazione\/","url":"https:\/\/www.hotelvaubecour-lyon.com\/it\/servizi-strutture\/colazione\/","name":"Colazione - Vaubecour Lyon","isPartOf":{"@id":"https:\/\/www.hotelvaubecour-lyon.com\/it\/#website"},"datePublished":"2020-07-02T07:22:33+00:00","dateModified":"2020-12-02T13:18:26+00:00","breadcrumb":{"@id":"https:\/\/www.hotelvaubecour-lyon.com\/it\/servizi-strutture\/colazione\/#breadcrumb"},"inLanguage":"it-IT","potentialAction":[{"@type":"ReadAction","target":["https:\/\/www.hotelvaubecour-lyon.com\/it\/servizi-strutture\/colazione\/"]}]},{"@type":"BreadcrumbList","@id":"https:\/\/www.hotelvaubecour-lyon.com\/it\/servizi-strutture\/colazione\/#breadcrumb","itemListElement":[{"@type":"ListItem","position":1,"name":"Home","item":"https:\/\/www.hotelvaubecour-lyon.com\/it\/"},{"@type":"ListItem","position":2,"name":"Servizi &#038; Strutture","item":"https:\/\/www.hotelvaubecour-lyon.com\/it\/servizi-strutture\/"},{"@type":"ListItem","position":3,"name":"Colazione"}]},{"@type":"WebSite","@id":"https:\/\/www.hotelvaubecour-lyon.com\/it\/#website","url":"https:\/\/www.hotelvaubecour-lyon.com\/it\/","name":"Vaubecour Lyon","description":"","potentialAction":[{"@type":"SearchAction","target":{"@type":"EntryPoint","urlTemplate":"https:\/\/www.hotelvaubecour-lyon.com\/it\/?s={search_term_string}"},"query-input":{"@type":"PropertyValueSpecification","valueRequired":true,"valueName":"search_term_string"}}],"inLanguage":"it-IT"}]}},"acf":[],"_links":{"self":[{"href":"https:\/\/www.hotelvaubecour-lyon.com\/it\/wp-json\/wp\/v2\/pages\/409","targetHints":{"allow":["GET"]}}],"collection":[{"href":"https:\/\/www.hotelvaubecour-lyon.com\/it\/wp-json\/wp\/v2\/pages"}],"about":[{"href":"https:\/\/www.hotelvaubecour-lyon.com\/it\/wp-json\/wp\/v2\/types\/page"}],"author":[{"embeddable":true,"href":"https:\/\/www.hotelvaubecour-lyon.com\/it\/wp-json\/wp\/v2\/users\/137"}],"replies":[{"embeddable":true,"href":"https:\/\/www.hotelvaubecour-lyon.com\/it\/wp-json\/wp\/v2\/comments?post=409"}],"version-history":[{"count":0,"href":"https:\/\/www.hotelvaubecour-lyon.com\/it\/wp-json\/wp\/v2\/pages\/409\/revisions"}],"up":[{"embeddable":true,"href":"https:\/\/www.hotelvaubecour-lyon.com\/it\/wp-json\/wp\/v2\/pages\/405"}],"wp:attachment":[{"href":"https:\/\/www.hotelvaubecour-lyon.com\/it\/wp-json\/wp\/v2\/media?parent=409"}],"curies":[{"name":"wp","href":"https:\/\/api.w.org\/{rel}","templated":true}]}}