{"id":405,"date":"2020-07-01T11:33:59","date_gmt":"2020-07-01T11:33:59","guid":{"rendered":"https:\/\/www.hotelvaubecour-lyon.com\/services-facilites\/"},"modified":"2020-09-28T14:02:51","modified_gmt":"2020-09-28T14:02:51","slug":"servizi-strutture","status":"publish","type":"page","link":"https:\/\/www.hotelvaubecour-lyon.com\/it\/servizi-strutture\/","title":{"rendered":"Servizi &#038; Strutture"},"content":{"rendered":"<p style=\"text-align: left;\"><strong>Nel nostro h\u00f4tel la disponibilit\u00e0, l&#8217;attenzione per il cliente e il senso del servizio sono la nostra quotidianit\u00e0.<\/strong><\/p>\n<p style=\"text-align: left;\">Vi accogliamo cercando di darvi delle informazioni personalizzate  in base ai vostri desideri. Al fine di preparare il vostro viaggio, vi forniamo le prime informazioni necessarie per l&#8217;organizzazione della visita. Le principali attrazioni turistiche o professionali sono reperibili nella nostra pagina dedicata &#8220;Turismo, eventi e festival&#8221;.<\/p>\n<p style=\"text-align: left;\">La Reception \u00e8 aperta dalle ore 8: 00 alle 20: 00. Se il vostro arrivo \u00e9 previsto dopo le 20:00, una persona vi aspetter\u00e0, su richiesta, all&#8217;orario indicato o vi comunicheremo una semplice procedura per accedere al vostro alloggio autonomamente. Saremo grati a chiunque ci tenesse informati sia per telefono (+33) 04 78 37 44 91, o via e-mail : <strong><a href=\"mailto:contact@hotelvaubecour-lyon.com\">contact@hotelvaubecour-lyon.com<\/a><\/strong>.<\/p>\n<p style=\"text-align: left;\">Siamo a disposizione dei nostri ospiti prima, durante e dopo il loro arrivo. Non tutto riesce sempre perfettamente, ma faremo ogni sforzo per facilitare la vostra permanenza.<\/p>\n","protected":false},"excerpt":{"rendered":"<p>Nel nostro h\u00f4tel la disponibilit\u00e0, l&#8217;attenzione per il cliente e il senso del servizio sono [&hellip;]<\/p>\n","protected":false},"author":137,"featured_media":0,"parent":0,"menu_order":30,"comment_status":"closed","ping_status":"closed","template":"","meta":{"footnotes":""},"class_list":["post-405","page","type-page","status-publish","hentry"],"yoast_head":"<!-- This site is optimized with the Yoast SEO plugin v26.9 - https:\/\/yoast.com\/product\/yoast-seo-wordpress\/ -->\n<title>Servizi &amp; Strutture - Vaubecour Lyon<\/title>\n<meta name=\"robots\" content=\"index, follow, max-snippet:-1, max-image-preview:large, max-video-preview:-1\" \/>\n<link rel=\"canonical\" href=\"https:\/\/www.hotelvaubecour-lyon.com\/it\/servizi-strutture\/\" \/>\n<meta property=\"og:locale\" content=\"it_IT\" \/>\n<meta property=\"og:type\" content=\"article\" \/>\n<meta property=\"og:title\" content=\"Servizi &amp; Strutture - Vaubecour Lyon\" \/>\n<meta property=\"og:description\" content=\"Nel nostro h\u00f4tel la disponibilit\u00e0, l&#8217;attenzione per il cliente e il senso del servizio sono [&hellip;]\" \/>\n<meta property=\"og:url\" content=\"https:\/\/www.hotelvaubecour-lyon.com\/it\/servizi-strutture\/\" \/>\n<meta property=\"og:site_name\" content=\"Vaubecour Lyon\" \/>\n<meta property=\"article:modified_time\" content=\"2020-09-28T14:02:51+00:00\" \/>\n<meta name=\"twitter:card\" content=\"summary_large_image\" \/>\n<meta name=\"twitter:label1\" content=\"Tempo di lettura stimato\" \/>\n\t<meta name=\"twitter:data1\" content=\"1 minuto\" \/>\n<script type=\"application\/ld+json\" class=\"yoast-schema-graph\">{\"@context\":\"https:\/\/schema.org\",\"@graph\":[{\"@type\":\"WebPage\",\"@id\":\"https:\/\/www.hotelvaubecour-lyon.com\/it\/servizi-strutture\/\",\"url\":\"https:\/\/www.hotelvaubecour-lyon.com\/it\/servizi-strutture\/\",\"name\":\"Servizi & Strutture - Vaubecour Lyon\",\"isPartOf\":{\"@id\":\"https:\/\/www.hotelvaubecour-lyon.com\/it\/#website\"},\"datePublished\":\"2020-07-01T11:33:59+00:00\",\"dateModified\":\"2020-09-28T14:02:51+00:00\",\"breadcrumb\":{\"@id\":\"https:\/\/www.hotelvaubecour-lyon.com\/it\/servizi-strutture\/#breadcrumb\"},\"inLanguage\":\"it-IT\",\"potentialAction\":[{\"@type\":\"ReadAction\",\"target\":[\"https:\/\/www.hotelvaubecour-lyon.com\/it\/servizi-strutture\/\"]}]},{\"@type\":\"BreadcrumbList\",\"@id\":\"https:\/\/www.hotelvaubecour-lyon.com\/it\/servizi-strutture\/#breadcrumb\",\"itemListElement\":[{\"@type\":\"ListItem\",\"position\":1,\"name\":\"Home\",\"item\":\"https:\/\/www.hotelvaubecour-lyon.com\/it\/\"},{\"@type\":\"ListItem\",\"position\":2,\"name\":\"Servizi &#038; Strutture\"}]},{\"@type\":\"WebSite\",\"@id\":\"https:\/\/www.hotelvaubecour-lyon.com\/it\/#website\",\"url\":\"https:\/\/www.hotelvaubecour-lyon.com\/it\/\",\"name\":\"Vaubecour Lyon\",\"description\":\"\",\"potentialAction\":[{\"@type\":\"SearchAction\",\"target\":{\"@type\":\"EntryPoint\",\"urlTemplate\":\"https:\/\/www.hotelvaubecour-lyon.com\/it\/?s={search_term_string}\"},\"query-input\":{\"@type\":\"PropertyValueSpecification\",\"valueRequired\":true,\"valueName\":\"search_term_string\"}}],\"inLanguage\":\"it-IT\"}]}<\/script>\n<!-- \/ Yoast SEO plugin. -->","yoast_head_json":{"title":"Servizi & Strutture - Vaubecour Lyon","robots":{"index":"index","follow":"follow","max-snippet":"max-snippet:-1","max-image-preview":"max-image-preview:large","max-video-preview":"max-video-preview:-1"},"canonical":"https:\/\/www.hotelvaubecour-lyon.com\/it\/servizi-strutture\/","og_locale":"it_IT","og_type":"article","og_title":"Servizi & Strutture - Vaubecour Lyon","og_description":"Nel nostro h\u00f4tel la disponibilit\u00e0, l&#8217;attenzione per il cliente e il senso del servizio sono [&hellip;]","og_url":"https:\/\/www.hotelvaubecour-lyon.com\/it\/servizi-strutture\/","og_site_name":"Vaubecour Lyon","article_modified_time":"2020-09-28T14:02:51+00:00","twitter_card":"summary_large_image","twitter_misc":{"Tempo di lettura stimato":"1 minuto"},"schema":{"@context":"https:\/\/schema.org","@graph":[{"@type":"WebPage","@id":"https:\/\/www.hotelvaubecour-lyon.com\/it\/servizi-strutture\/","url":"https:\/\/www.hotelvaubecour-lyon.com\/it\/servizi-strutture\/","name":"Servizi & Strutture - Vaubecour Lyon","isPartOf":{"@id":"https:\/\/www.hotelvaubecour-lyon.com\/it\/#website"},"datePublished":"2020-07-01T11:33:59+00:00","dateModified":"2020-09-28T14:02:51+00:00","breadcrumb":{"@id":"https:\/\/www.hotelvaubecour-lyon.com\/it\/servizi-strutture\/#breadcrumb"},"inLanguage":"it-IT","potentialAction":[{"@type":"ReadAction","target":["https:\/\/www.hotelvaubecour-lyon.com\/it\/servizi-strutture\/"]}]},{"@type":"BreadcrumbList","@id":"https:\/\/www.hotelvaubecour-lyon.com\/it\/servizi-strutture\/#breadcrumb","itemListElement":[{"@type":"ListItem","position":1,"name":"Home","item":"https:\/\/www.hotelvaubecour-lyon.com\/it\/"},{"@type":"ListItem","position":2,"name":"Servizi &#038; Strutture"}]},{"@type":"WebSite","@id":"https:\/\/www.hotelvaubecour-lyon.com\/it\/#website","url":"https:\/\/www.hotelvaubecour-lyon.com\/it\/","name":"Vaubecour Lyon","description":"","potentialAction":[{"@type":"SearchAction","target":{"@type":"EntryPoint","urlTemplate":"https:\/\/www.hotelvaubecour-lyon.com\/it\/?s={search_term_string}"},"query-input":{"@type":"PropertyValueSpecification","valueRequired":true,"valueName":"search_term_string"}}],"inLanguage":"it-IT"}]}},"acf":[],"_links":{"self":[{"href":"https:\/\/www.hotelvaubecour-lyon.com\/it\/wp-json\/wp\/v2\/pages\/405","targetHints":{"allow":["GET"]}}],"collection":[{"href":"https:\/\/www.hotelvaubecour-lyon.com\/it\/wp-json\/wp\/v2\/pages"}],"about":[{"href":"https:\/\/www.hotelvaubecour-lyon.com\/it\/wp-json\/wp\/v2\/types\/page"}],"author":[{"embeddable":true,"href":"https:\/\/www.hotelvaubecour-lyon.com\/it\/wp-json\/wp\/v2\/users\/137"}],"replies":[{"embeddable":true,"href":"https:\/\/www.hotelvaubecour-lyon.com\/it\/wp-json\/wp\/v2\/comments?post=405"}],"version-history":[{"count":0,"href":"https:\/\/www.hotelvaubecour-lyon.com\/it\/wp-json\/wp\/v2\/pages\/405\/revisions"}],"wp:attachment":[{"href":"https:\/\/www.hotelvaubecour-lyon.com\/it\/wp-json\/wp\/v2\/media?parent=405"}],"curies":[{"name":"wp","href":"https:\/\/api.w.org\/{rel}","templated":true}]}}