{"id":542,"date":"2020-07-02T10:25:10","date_gmt":"2020-07-02T10:25:10","guid":{"rendered":"https:\/\/www.hotelvaubecour-lyon.com\/conditions-generales-de-ventes\/"},"modified":"2020-12-03T09:29:51","modified_gmt":"2020-12-03T09:29:51","slug":"geschaeftsbedingungen","status":"publish","type":"page","link":"https:\/\/www.hotelvaubecour-lyon.com\/de\/geschaeftsbedingungen\/","title":{"rendered":"Gesch\u00e4ftsbedingungen"},"content":{"rendered":"<p>Reservierungs- \/ Stornierungsbedingungen und Zahlungsmethode.<br \/>\nAbh\u00e4ngig vom gew\u00e4hlten Tarif haben Sie die M\u00f6glichkeit, bis 18:00 Uhr zu stornieren. am Tag der Ankunft, 48 Stunden im Voraus, oder der Preis ist nicht stornierbar, nicht erstattbar.<\/p>\n<p>Angebote werden jedes Jahr erstellt, z. B. inklusive Fr\u00fchst\u00fcck oder Erm\u00e4\u00dfigung des Aufenthaltspreises, basierend auf den oben genannten Bedingungen. F\u00fcr bestimmte Zeitr\u00e4ume wie Messen oder Gruppenreservierungen k\u00f6nnen die Reservierungsbedingungen angepasst werden. Das hei\u00dft, die M\u00f6glichkeit, bei der Buchung eine Anzahlung zu verlangen, und die Frist f\u00fcr die kostenlose Stornierung des Restbetrags gem\u00e4\u00df den mit dem Kunden zu vereinbarenden Bedingungen.<\/p>\n<p>Wir akzeptieren Zahlungen:<\/p>\n<ul>\n<li>Bankkarte: VISA, MASTERCARD &amp; AMERICAN EXPRESS<\/li>\n<li>ANCV-Urlaubsgutschein &#8211; Sie k\u00f6nnen diese Zahlungsmethode im Kommentar f\u00fcr Ihre Reservierung angeben.<\/li>\n<li>\u00a0Gutscheine akzeptiert (gutes Reiseb\u00fcro)<\/li>\n<\/ul>\n<p>Bei der Buchung sind Kreditkartendaten sowie ein am Aufenthaltsdatum g\u00fcltiges Ablaufdatum erforderlich. Im Falle von Bankkartendaten, die von unserem System abgelehnt wurden oder deren Ablaufdatum unter dem Aufenthaltsdatum liegt, wird eine E-Mail mit der Anforderung neuer Bankinformationen gesendet. Eine Antwort wird innerhalb von 24 Stunden erwartet. Wenn Sie keine neuen Kontaktdaten erhalten, wird die Reservierung ohne Ber\u00fccksichtigung storniert.<\/p>\n<p>Der Aufenthalt ist bei der Ankunft zu bezahlen.<\/p>\n<p>Bei allen Fragen zu den allgemeinen Verkaufsbedingungen k\u00f6nnen Sie uns \u00fcber das Kontaktformular kontaktieren oder uns telefonisch unter (33) 04 78 37 44 91 erreichen.<\/p>\n","protected":false},"excerpt":{"rendered":"<p>Reservierungs- \/ Stornierungsbedingungen und Zahlungsmethode. Abh\u00e4ngig vom gew\u00e4hlten Tarif haben Sie die M\u00f6glichkeit, bis 18:00 [&hellip;]<\/p>\n","protected":false},"author":137,"featured_media":0,"parent":0,"menu_order":160,"comment_status":"closed","ping_status":"closed","template":"","meta":{"footnotes":""},"class_list":["post-542","page","type-page","status-publish","hentry"],"yoast_head":"<!-- This site is optimized with the Yoast SEO plugin v26.9 - https:\/\/yoast.com\/product\/yoast-seo-wordpress\/ -->\n<title>Gesch\u00e4ftsbedingungen - Vaubecour Lyon<\/title>\n<meta name=\"robots\" content=\"index, follow, max-snippet:-1, max-image-preview:large, max-video-preview:-1\" \/>\n<link rel=\"canonical\" href=\"https:\/\/www.hotelvaubecour-lyon.com\/de\/geschaeftsbedingungen\/\" \/>\n<meta property=\"og:locale\" content=\"de_DE\" \/>\n<meta property=\"og:type\" content=\"article\" \/>\n<meta property=\"og:title\" content=\"Gesch\u00e4ftsbedingungen - Vaubecour Lyon\" \/>\n<meta property=\"og:description\" content=\"Reservierungs- \/ Stornierungsbedingungen und Zahlungsmethode. Abh\u00e4ngig vom gew\u00e4hlten Tarif haben Sie die M\u00f6glichkeit, bis 18:00 [&hellip;]\" \/>\n<meta property=\"og:url\" content=\"https:\/\/www.hotelvaubecour-lyon.com\/de\/geschaeftsbedingungen\/\" \/>\n<meta property=\"og:site_name\" content=\"Vaubecour Lyon\" \/>\n<meta property=\"article:modified_time\" content=\"2020-12-03T09:29:51+00:00\" \/>\n<meta name=\"twitter:card\" content=\"summary_large_image\" \/>\n<meta name=\"twitter:label1\" content=\"Gesch\u00e4tzte Lesezeit\" \/>\n\t<meta name=\"twitter:data1\" content=\"1 Minute\" \/>\n<script type=\"application\/ld+json\" class=\"yoast-schema-graph\">{\"@context\":\"https:\/\/schema.org\",\"@graph\":[{\"@type\":\"WebPage\",\"@id\":\"https:\/\/www.hotelvaubecour-lyon.com\/de\/geschaeftsbedingungen\/\",\"url\":\"https:\/\/www.hotelvaubecour-lyon.com\/de\/geschaeftsbedingungen\/\",\"name\":\"Gesch\u00e4ftsbedingungen - Vaubecour Lyon\",\"isPartOf\":{\"@id\":\"https:\/\/www.hotelvaubecour-lyon.com\/de\/#website\"},\"datePublished\":\"2020-07-02T10:25:10+00:00\",\"dateModified\":\"2020-12-03T09:29:51+00:00\",\"breadcrumb\":{\"@id\":\"https:\/\/www.hotelvaubecour-lyon.com\/de\/geschaeftsbedingungen\/#breadcrumb\"},\"inLanguage\":\"de-DE\",\"potentialAction\":[{\"@type\":\"ReadAction\",\"target\":[\"https:\/\/www.hotelvaubecour-lyon.com\/de\/geschaeftsbedingungen\/\"]}]},{\"@type\":\"BreadcrumbList\",\"@id\":\"https:\/\/www.hotelvaubecour-lyon.com\/de\/geschaeftsbedingungen\/#breadcrumb\",\"itemListElement\":[{\"@type\":\"ListItem\",\"position\":1,\"name\":\"Home\",\"item\":\"https:\/\/www.hotelvaubecour-lyon.com\/de\/\"},{\"@type\":\"ListItem\",\"position\":2,\"name\":\"Gesch\u00e4ftsbedingungen\"}]},{\"@type\":\"WebSite\",\"@id\":\"https:\/\/www.hotelvaubecour-lyon.com\/de\/#website\",\"url\":\"https:\/\/www.hotelvaubecour-lyon.com\/de\/\",\"name\":\"Vaubecour Lyon\",\"description\":\"\",\"potentialAction\":[{\"@type\":\"SearchAction\",\"target\":{\"@type\":\"EntryPoint\",\"urlTemplate\":\"https:\/\/www.hotelvaubecour-lyon.com\/de\/?s={search_term_string}\"},\"query-input\":{\"@type\":\"PropertyValueSpecification\",\"valueRequired\":true,\"valueName\":\"search_term_string\"}}],\"inLanguage\":\"de-DE\"}]}<\/script>\n<!-- \/ Yoast SEO plugin. -->","yoast_head_json":{"title":"Gesch\u00e4ftsbedingungen - Vaubecour Lyon","robots":{"index":"index","follow":"follow","max-snippet":"max-snippet:-1","max-image-preview":"max-image-preview:large","max-video-preview":"max-video-preview:-1"},"canonical":"https:\/\/www.hotelvaubecour-lyon.com\/de\/geschaeftsbedingungen\/","og_locale":"de_DE","og_type":"article","og_title":"Gesch\u00e4ftsbedingungen - Vaubecour Lyon","og_description":"Reservierungs- \/ Stornierungsbedingungen und Zahlungsmethode. Abh\u00e4ngig vom gew\u00e4hlten Tarif haben Sie die M\u00f6glichkeit, bis 18:00 [&hellip;]","og_url":"https:\/\/www.hotelvaubecour-lyon.com\/de\/geschaeftsbedingungen\/","og_site_name":"Vaubecour Lyon","article_modified_time":"2020-12-03T09:29:51+00:00","twitter_card":"summary_large_image","twitter_misc":{"Gesch\u00e4tzte Lesezeit":"1 Minute"},"schema":{"@context":"https:\/\/schema.org","@graph":[{"@type":"WebPage","@id":"https:\/\/www.hotelvaubecour-lyon.com\/de\/geschaeftsbedingungen\/","url":"https:\/\/www.hotelvaubecour-lyon.com\/de\/geschaeftsbedingungen\/","name":"Gesch\u00e4ftsbedingungen - Vaubecour Lyon","isPartOf":{"@id":"https:\/\/www.hotelvaubecour-lyon.com\/de\/#website"},"datePublished":"2020-07-02T10:25:10+00:00","dateModified":"2020-12-03T09:29:51+00:00","breadcrumb":{"@id":"https:\/\/www.hotelvaubecour-lyon.com\/de\/geschaeftsbedingungen\/#breadcrumb"},"inLanguage":"de-DE","potentialAction":[{"@type":"ReadAction","target":["https:\/\/www.hotelvaubecour-lyon.com\/de\/geschaeftsbedingungen\/"]}]},{"@type":"BreadcrumbList","@id":"https:\/\/www.hotelvaubecour-lyon.com\/de\/geschaeftsbedingungen\/#breadcrumb","itemListElement":[{"@type":"ListItem","position":1,"name":"Home","item":"https:\/\/www.hotelvaubecour-lyon.com\/de\/"},{"@type":"ListItem","position":2,"name":"Gesch\u00e4ftsbedingungen"}]},{"@type":"WebSite","@id":"https:\/\/www.hotelvaubecour-lyon.com\/de\/#website","url":"https:\/\/www.hotelvaubecour-lyon.com\/de\/","name":"Vaubecour Lyon","description":"","potentialAction":[{"@type":"SearchAction","target":{"@type":"EntryPoint","urlTemplate":"https:\/\/www.hotelvaubecour-lyon.com\/de\/?s={search_term_string}"},"query-input":{"@type":"PropertyValueSpecification","valueRequired":true,"valueName":"search_term_string"}}],"inLanguage":"de-DE"}]}},"acf":[],"_links":{"self":[{"href":"https:\/\/www.hotelvaubecour-lyon.com\/de\/wp-json\/wp\/v2\/pages\/542","targetHints":{"allow":["GET"]}}],"collection":[{"href":"https:\/\/www.hotelvaubecour-lyon.com\/de\/wp-json\/wp\/v2\/pages"}],"about":[{"href":"https:\/\/www.hotelvaubecour-lyon.com\/de\/wp-json\/wp\/v2\/types\/page"}],"author":[{"embeddable":true,"href":"https:\/\/www.hotelvaubecour-lyon.com\/de\/wp-json\/wp\/v2\/users\/137"}],"replies":[{"embeddable":true,"href":"https:\/\/www.hotelvaubecour-lyon.com\/de\/wp-json\/wp\/v2\/comments?post=542"}],"version-history":[{"count":0,"href":"https:\/\/www.hotelvaubecour-lyon.com\/de\/wp-json\/wp\/v2\/pages\/542\/revisions"}],"wp:attachment":[{"href":"https:\/\/www.hotelvaubecour-lyon.com\/de\/wp-json\/wp\/v2\/media?parent=542"}],"curies":[{"name":"wp","href":"https:\/\/api.w.org\/{rel}","templated":true}]}}