{"id":540,"date":"2020-07-02T10:21:00","date_gmt":"2020-07-02T10:21:00","guid":{"rendered":"https:\/\/www.hotelvaubecour-lyon.com\/mentions-legales\/"},"modified":"2020-12-03T13:42:57","modified_gmt":"2020-12-03T13:42:57","slug":"impressum","status":"publish","type":"page","link":"https:\/\/www.hotelvaubecour-lyon.com\/de\/impressum\/","title":{"rendered":"Impressum"},"content":{"rendered":"<p>Wir informieren Sie \u00fcber die verschiedenen Nutzungsbedingungen dieser Website, bevor Sie ihre Seiten durchsuchen. Wenn Sie eine Verbindung zu dieser Website herstellen, akzeptieren Sie diese Bedingungen vollst\u00e4ndig. Gem\u00e4\u00df Artikel 6 des Gesetzes Nr. 2004-575 vom 21. Juni 2004 \u00fcber das Vertrauen in die digitale Wirtschaft sind die Manager dieser Website au\u00dferdem:<\/p>\n<p><strong>Site Editor:<\/strong><br \/>\nSARL H\u00f4tel VAUBECOUR II &#8211; SIRET-Nummer: 78848732000012<br \/>\nRedaktionsleiter: Xavier PRIEUR<br \/>\n28 rue Vaubecour &#8211; 69002 Lyon<br \/>\nTelefon: 0478374491<br \/>\nE-Mail : <a href=\"mailto:contact@hotelvaubecour-lyon.com\" target=\"_blank\" rel=\"noopener noreferrer\">contact@hotelvaubecour-lyon.com<\/a><br \/>\nWebsite: <a href=\"http:\/\/www.hotelvaubecour-lyon.com\" target=\"_blank\" rel=\"noopener noreferrer\">www.hotelvaubecour-lyon.com<\/a><\/p>\n<p><strong>Unterkunft:<\/strong><br \/>\nWPEngine, Inc.<br \/>\nIrongate House, 22-30 Duke\u2019s Place<br \/>\nLondon, EC3A 7LP, United Kingdom<br \/>\nTelefon: 08 00 50 53 049<\/p>\n<p><strong>Entwicklung:<\/strong><br \/>\nD-EDGE SAS<br \/>\n14\/16, boulevard Poissonni\u00e8re<br \/>\n75009 Paris<br \/>\nFRANCE<br \/>\nTelefon: +33 1 44 71 05 05<br \/>\nWebsite: <a href=\"https:\/\/www.d-edge.com\/de\/\" target=\"_blank\" rel=\"noopener noreferrer\">https:\/\/www.d-edge.com\/de\/<\/a><\/p>\n<p><strong>Nutzungsbedingungen :<\/strong><br \/>\nDiese Website ist in verschiedenen Web-Sprachen (HTML, HTML5, Javascript, CSS usw.) verf\u00fcgbar. F\u00fcr einen besseren Benutzerkomfort und angenehmere Grafiken empfehlen wir die Verwendung moderner Browser wie Internet Explorer, Safari, Firefox, Google Chrome usw.<br \/>\nWir setzen alle uns zur Verf\u00fcgung stehenden Mittel ein, um zuverl\u00e4ssige Informationen und eine zuverl\u00e4ssige Aktualisierung des Inhalts der Website zu gew\u00e4hrleisten. Es k\u00f6nnen jedoch Fehler oder Auslassungen auftreten. Der Internetbenutzer muss daher die Richtigkeit der Informationen sicherstellen und alle \u00c4nderungen an der Website melden, die er f\u00fcr n\u00fctzlich h\u00e4lt. SARL H\u00f4tel VAUBECOUR II ist in keiner Weise verantwortlich f\u00fcr die Verwendung dieser Informationen und f\u00fcr direkte oder indirekte Sch\u00e4den, die daraus entstehen k\u00f6nnen.<\/p>\n<p><strong>Cookies:<\/strong><br \/>\nAuf der Website werden Sie m\u00f6glicherweise aufgefordert, Cookies zu statistischen und Anzeigezwecken zu akzeptieren. Ein Cookie ist eine Information, die der Server der Site, die Sie besuchen, auf Ihrer Festplatte abgelegt hat. Es enth\u00e4lt mehrere Daten, die auf Ihrem Computer in einer einfachen Textdatei gespeichert sind, auf die ein Server zugreift, um Informationen zu lesen und zu speichern. Einige Teile dieser Website sind m\u00f6glicherweise ohne die Annahme von Cookies nicht funktionsf\u00e4hig.<\/p>\n<p><strong>Hypertext-Links:<\/strong><br \/>\nDie Website enth\u00e4lt Links zu anderen Websites oder anderen im Internet verf\u00fcgbaren Ressourcen. Das SARL H\u00f4tel VAUBECOUR II hat keine M\u00f6glichkeit, die Websites im Zusammenhang mit seinen Websites zu kontrollieren. SARL H\u00f4tel VAUBECOUR II \u00fcbernimmt keine Verantwortung f\u00fcr die Verf\u00fcgbarkeit solcher Websites und externer Quellen und garantiert diese auch nicht. Es kann nicht f\u00fcr Sch\u00e4den jeglicher Art verantwortlich gemacht werden, die sich aus dem Inhalt dieser Websites oder externen Quellen ergeben, insbesondere aus den von ihnen angebotenen Informationen, Produkten oder Dienstleistungen oder aus einer m\u00f6glichen Verwendung diese Elemente. Die mit dieser Nutzung verbundenen Risiken liegen vollst\u00e4ndig beim Internetnutzer, der seine Nutzungsbedingungen einhalten muss. Benutzer, Abonnenten und Besucher von Websites k\u00f6nnen ohne die ausdr\u00fcckliche vorherige Genehmigung von SARL H\u00f4tel VAUBECOUR II keinen Hyperlink zu dieser Website einrichten.<br \/>\nF\u00fcr den Fall, dass ein Benutzer oder Besucher einen Hyperlink zur Website von SARL H\u00f4tel VAUBECOUR II einrichten m\u00f6chte, ist es an ihm, eine auf der Website zug\u00e4ngliche E-Mail zu senden, um seinen Antrag auf Einrichtung eines zu formulieren Hyperlink. SARL H\u00f4tel VAUBECOUR II beh\u00e4lt sich das Recht vor, einen Hyperlink zu akzeptieren oder abzulehnen, ohne seine Entscheidung begr\u00fcnden zu m\u00fcssen.<\/p>\n<p><strong>Angebotene Dienstleistungen:<\/strong><br \/>\nAlle Aktivit\u00e4ten des Unternehmens sowie seine Informationen werden auf unserer Website <a href=\"http:\/\/www.hotelvaubecour-lyon.com\">www.hotelvaubecour-lyon.com<\/a> pr\u00e4sentiert.<br \/>\nSARL H\u00f4tel VAUBECOUR II ist bestrebt, der Website <a href=\"http:\/\/www.hotelvaubecour-lyon.com\">www.hotelvaubecour-lyon.com<\/a> so genaue Informationen wie m\u00f6glich zur Verf\u00fcgung zu stellen. Die Informationen auf der Website <a href=\"http:\/\/www.hotelvaubecour-lyon.com\">www.hotelvaubecour-lyon.com<\/a> erheben keinen Anspruch auf Vollst\u00e4ndigkeit und die Fotos sind nicht vertraglich bindend. Sie unterliegen \u00c4nderungen, die seit ihrer Online-Bereitstellung vorgenommen wurden. Dar\u00fcber hinaus dienen alle auf der Website <a href=\"http:\/\/www.hotelvaubecour-lyon.com\">www.hotelvaubecour-lyon.com<\/a> angegebenen Informationen nur zu Informationszwecken und k\u00f6nnen ohne vorherige Ank\u00fcndigung ge\u00e4ndert werden.<\/p>\n<p><strong>Vertragliche Datenbeschr\u00e4nkung:<\/strong><br \/>\nDie Informationen auf dieser Website sind so genau wie m\u00f6glich und die Website wird zu verschiedenen Jahreszeiten aktualisiert, kann jedoch Ungenauigkeiten oder Auslassungen enthalten. Wenn Sie eine L\u00fccke, einen Fehler oder eine Fehlfunktion bemerken, melden Sie diese bitte per E-Mail an <a href=\"mailto:contact@hotelvaubecour-lyon.com\">contact@hotelvaubecour-lyon.com<\/a> und beschreiben Sie das Problem so genau wie m\u00f6glich (Seite mit dem Problem) , Art des verwendeten Computers und Browsers usw.).<br \/>\n<strong>Alle heruntergeladenen Inhalte werden auf eigenes Risiko und unter seiner alleinigen Verantwortung erstellt. Infolgedessen kann SARL H\u00f4tel VAUBECOUR II nicht f\u00fcr Sch\u00e4den am Computer des Benutzers oder f\u00fcr Datenverluste infolge des Downloads verantwortlich gemacht werden.<\/strong><br \/>\nDie im Rahmen dieser Website eingerichteten Hypertext-Links zu anderen im Internet vorhandenen Ressourcen k\u00f6nnen nicht die Verantwortung von SARL H\u00f4tel VAUBECOUR II \u00fcbernehmen.<\/p>\n<p><strong>Geistiges Eigentum :<\/strong><br \/>\n<em>Der gesamte Inhalt dieser Website <a href=\"http:\/\/www.hotelvaubecour-lyon.com\">www.hotelvaubecour-lyon.com<\/a>, einschlie\u00dflich, ohne Einschr\u00e4nkung, Grafiken, Bilder, Texte, Videos, Animationen, Sounds, Logos, Gifs und Symbole sowie deren Formatierung, ist das ausschlie\u00dfliche Eigentum von das Unternehmen mit Ausnahme von Marken, Logos oder Inhalten anderer Partnerunternehmen oder Autoren.<\/em><br \/>\nJede Vervielf\u00e4ltigung, Verbreitung, \u00c4nderung, Anpassung, Weiterverbreitung oder Ver\u00f6ffentlichung dieser verschiedenen Elemente, auch nur teilweise, ist ohne die ausdr\u00fcckliche schriftliche Zustimmung von SARL H\u00f4tel VAUBECOUR II strengstens untersagt. Diese Darstellung oder Reproduktion stellt in irgendeiner Weise eine Verletzung dar, die mit den Artikeln L.335-2 und den Bestimmungen des Kodex f\u00fcr geistiges Eigentum geahndet werden kann. Die Nichteinhaltung dieses Verbots stellt einen Versto\u00df dar, der die zivil- und strafrechtliche Haftung des Verletzers beeintr\u00e4chtigen kann. Dar\u00fcber hinaus k\u00f6nnen die Eigent\u00fcmer des kopierten Inhalts rechtliche Schritte gegen Sie einleiten.<\/p>\n<p><strong>Erkl\u00e4rung an die CNIL:<\/strong><br \/>\n<em>In \u00dcbereinstimmung mit dem Gesetz 78-17 vom 6. Januar 1978 (ge\u00e4ndert durch das Gesetz 2004-801 vom 6. August 2004 \u00fcber den Schutz von Personen bei der Verarbeitung personenbezogener Daten) in Bezug auf Computer, Dateien und Freiheiten, diese Seite wurde 1656629 der Nationalen Kommission f\u00fcr Informatik und Freiheiten (<a href=\"http:\/\/www.cnil.fr\" target=\"_blank\" rel=\"noopener noreferrer\">www.cnil.fr<\/a>) erkl\u00e4rt.<\/em><\/p>\n<p><strong>Streitigkeiten:<\/strong><br \/>\nDie gegenw\u00e4rtigen Bedingungen auf der Website <a href=\"http:\/\/www.hotelvaubecour-lyon.com\">www.hotelvaubecour-lyon.com<\/a> unterliegen franz\u00f6sischem Recht. Alle Streitigkeiten oder Rechtsstreitigkeiten, die sich aus der Auslegung oder Ausf\u00fchrung dieser Streitigkeiten ergeben, sind ausschlie\u00dflich den Gerichten vorbehalten, von denen der Sitz abh\u00e4ngt. sozial des Unternehmens. Die Referenzsprache f\u00fcr die Beilegung m\u00f6glicher Streitigkeiten ist Franz\u00f6sisch.<\/p>\n<p><strong>Pers\u00f6nliche Daten :<\/strong><br \/>\n<em>Im Allgemeinen m\u00fcssen Sie uns Ihre pers\u00f6nlichen Daten nicht mitteilen, wenn Sie unsere Website www.hotelvaubecour-lyon.com besuchen.<\/em><br \/>\n<em>Dieses Prinzip hat jedoch bestimmte Ausnahmen. F\u00fcr bestimmte von unserer Website angebotene Dienste m\u00fcssen Sie uns m\u00f6glicherweise bestimmte Daten wie Ihren Namen, den Namen Ihres Unternehmens, Ihre E-Mail- oder Postanschrift sowie Ihre Telefonnummer oder andere Informationen zur Verf\u00fcgung stellen. Dies ist der Fall, wenn Sie das online angebotene Formular ausf\u00fcllen, im Bereich &#8222;Kontakt&#8220; oder wenn Sie eine Reservierung abschlie\u00dfen.<\/em><br \/>\nIn jedem Fall k\u00f6nnen Sie die Angabe Ihrer pers\u00f6nlichen Daten verweigern. In diesem Fall k\u00f6nnen Sie die Dienste der Website, insbesondere die zum Abschluss Ihrer Reservierung oder des Kontaktformulars, nicht nutzen, um eine Antwort auf Ihre Frage zu erhalten.<br \/>\nSchlie\u00dflich erfassen wir m\u00f6glicherweise automatisch bestimmte Informationen \u00fcber Sie, wenn Sie einfach auf unserer Website surfen, insbesondere: Informationen \u00fcber die Nutzung unserer. Diese Informationen werden ausschlie\u00dflich zu internen statistischen Zwecken verwendet, um die Qualit\u00e4t der Ihnen angebotenen Dienstleistungen zu verbessern. Die Datenbanken sind durch die Bestimmungen des Gesetzes vom 1. Juli 1998 zur Umsetzung der Richtlinie 96\/9 vom 11. M\u00e4rz 1996 \u00fcber den rechtlichen Schutz von Datenbanken gesch\u00fctzt.<\/p>\n<p><strong>Cr\u00e9dits :<\/strong><br \/>\nFotograf G. GALAS<\/p>\n","protected":false},"excerpt":{"rendered":"<p>Wir informieren Sie \u00fcber die verschiedenen Nutzungsbedingungen dieser Website, bevor Sie ihre Seiten durchsuchen. Wenn [&hellip;]<\/p>\n","protected":false},"author":137,"featured_media":0,"parent":0,"menu_order":140,"comment_status":"closed","ping_status":"closed","template":"","meta":{"footnotes":""},"class_list":["post-540","page","type-page","status-publish","hentry"],"yoast_head":"<!-- This site is optimized with the Yoast SEO plugin v26.9 - https:\/\/yoast.com\/product\/yoast-seo-wordpress\/ -->\n<title>Impressum - Vaubecour Lyon<\/title>\n<meta name=\"robots\" content=\"index, follow, max-snippet:-1, max-image-preview:large, max-video-preview:-1\" \/>\n<link rel=\"canonical\" href=\"https:\/\/www.hotelvaubecour-lyon.com\/de\/impressum\/\" \/>\n<meta property=\"og:locale\" content=\"de_DE\" \/>\n<meta property=\"og:type\" content=\"article\" \/>\n<meta property=\"og:title\" content=\"Impressum - Vaubecour Lyon\" \/>\n<meta property=\"og:description\" content=\"Wir informieren Sie \u00fcber die verschiedenen Nutzungsbedingungen dieser Website, bevor Sie ihre Seiten durchsuchen. Wenn [&hellip;]\" \/>\n<meta property=\"og:url\" content=\"https:\/\/www.hotelvaubecour-lyon.com\/de\/impressum\/\" \/>\n<meta property=\"og:site_name\" content=\"Vaubecour Lyon\" \/>\n<meta property=\"article:modified_time\" content=\"2020-12-03T13:42:57+00:00\" \/>\n<meta name=\"twitter:card\" content=\"summary_large_image\" \/>\n<meta name=\"twitter:label1\" content=\"Gesch\u00e4tzte Lesezeit\" \/>\n\t<meta name=\"twitter:data1\" content=\"6 Minuten\" \/>\n<script type=\"application\/ld+json\" class=\"yoast-schema-graph\">{\"@context\":\"https:\/\/schema.org\",\"@graph\":[{\"@type\":\"WebPage\",\"@id\":\"https:\/\/www.hotelvaubecour-lyon.com\/de\/impressum\/\",\"url\":\"https:\/\/www.hotelvaubecour-lyon.com\/de\/impressum\/\",\"name\":\"Impressum - Vaubecour Lyon\",\"isPartOf\":{\"@id\":\"https:\/\/www.hotelvaubecour-lyon.com\/de\/#website\"},\"datePublished\":\"2020-07-02T10:21:00+00:00\",\"dateModified\":\"2020-12-03T13:42:57+00:00\",\"breadcrumb\":{\"@id\":\"https:\/\/www.hotelvaubecour-lyon.com\/de\/impressum\/#breadcrumb\"},\"inLanguage\":\"de-DE\",\"potentialAction\":[{\"@type\":\"ReadAction\",\"target\":[\"https:\/\/www.hotelvaubecour-lyon.com\/de\/impressum\/\"]}]},{\"@type\":\"BreadcrumbList\",\"@id\":\"https:\/\/www.hotelvaubecour-lyon.com\/de\/impressum\/#breadcrumb\",\"itemListElement\":[{\"@type\":\"ListItem\",\"position\":1,\"name\":\"Home\",\"item\":\"https:\/\/www.hotelvaubecour-lyon.com\/de\/\"},{\"@type\":\"ListItem\",\"position\":2,\"name\":\"Impressum\"}]},{\"@type\":\"WebSite\",\"@id\":\"https:\/\/www.hotelvaubecour-lyon.com\/de\/#website\",\"url\":\"https:\/\/www.hotelvaubecour-lyon.com\/de\/\",\"name\":\"Vaubecour Lyon\",\"description\":\"\",\"potentialAction\":[{\"@type\":\"SearchAction\",\"target\":{\"@type\":\"EntryPoint\",\"urlTemplate\":\"https:\/\/www.hotelvaubecour-lyon.com\/de\/?s={search_term_string}\"},\"query-input\":{\"@type\":\"PropertyValueSpecification\",\"valueRequired\":true,\"valueName\":\"search_term_string\"}}],\"inLanguage\":\"de-DE\"}]}<\/script>\n<!-- \/ Yoast SEO plugin. -->","yoast_head_json":{"title":"Impressum - Vaubecour Lyon","robots":{"index":"index","follow":"follow","max-snippet":"max-snippet:-1","max-image-preview":"max-image-preview:large","max-video-preview":"max-video-preview:-1"},"canonical":"https:\/\/www.hotelvaubecour-lyon.com\/de\/impressum\/","og_locale":"de_DE","og_type":"article","og_title":"Impressum - Vaubecour Lyon","og_description":"Wir informieren Sie \u00fcber die verschiedenen Nutzungsbedingungen dieser Website, bevor Sie ihre Seiten durchsuchen. Wenn [&hellip;]","og_url":"https:\/\/www.hotelvaubecour-lyon.com\/de\/impressum\/","og_site_name":"Vaubecour Lyon","article_modified_time":"2020-12-03T13:42:57+00:00","twitter_card":"summary_large_image","twitter_misc":{"Gesch\u00e4tzte Lesezeit":"6 Minuten"},"schema":{"@context":"https:\/\/schema.org","@graph":[{"@type":"WebPage","@id":"https:\/\/www.hotelvaubecour-lyon.com\/de\/impressum\/","url":"https:\/\/www.hotelvaubecour-lyon.com\/de\/impressum\/","name":"Impressum - Vaubecour Lyon","isPartOf":{"@id":"https:\/\/www.hotelvaubecour-lyon.com\/de\/#website"},"datePublished":"2020-07-02T10:21:00+00:00","dateModified":"2020-12-03T13:42:57+00:00","breadcrumb":{"@id":"https:\/\/www.hotelvaubecour-lyon.com\/de\/impressum\/#breadcrumb"},"inLanguage":"de-DE","potentialAction":[{"@type":"ReadAction","target":["https:\/\/www.hotelvaubecour-lyon.com\/de\/impressum\/"]}]},{"@type":"BreadcrumbList","@id":"https:\/\/www.hotelvaubecour-lyon.com\/de\/impressum\/#breadcrumb","itemListElement":[{"@type":"ListItem","position":1,"name":"Home","item":"https:\/\/www.hotelvaubecour-lyon.com\/de\/"},{"@type":"ListItem","position":2,"name":"Impressum"}]},{"@type":"WebSite","@id":"https:\/\/www.hotelvaubecour-lyon.com\/de\/#website","url":"https:\/\/www.hotelvaubecour-lyon.com\/de\/","name":"Vaubecour Lyon","description":"","potentialAction":[{"@type":"SearchAction","target":{"@type":"EntryPoint","urlTemplate":"https:\/\/www.hotelvaubecour-lyon.com\/de\/?s={search_term_string}"},"query-input":{"@type":"PropertyValueSpecification","valueRequired":true,"valueName":"search_term_string"}}],"inLanguage":"de-DE"}]}},"acf":[],"_links":{"self":[{"href":"https:\/\/www.hotelvaubecour-lyon.com\/de\/wp-json\/wp\/v2\/pages\/540","targetHints":{"allow":["GET"]}}],"collection":[{"href":"https:\/\/www.hotelvaubecour-lyon.com\/de\/wp-json\/wp\/v2\/pages"}],"about":[{"href":"https:\/\/www.hotelvaubecour-lyon.com\/de\/wp-json\/wp\/v2\/types\/page"}],"author":[{"embeddable":true,"href":"https:\/\/www.hotelvaubecour-lyon.com\/de\/wp-json\/wp\/v2\/users\/137"}],"replies":[{"embeddable":true,"href":"https:\/\/www.hotelvaubecour-lyon.com\/de\/wp-json\/wp\/v2\/comments?post=540"}],"version-history":[{"count":0,"href":"https:\/\/www.hotelvaubecour-lyon.com\/de\/wp-json\/wp\/v2\/pages\/540\/revisions"}],"wp:attachment":[{"href":"https:\/\/www.hotelvaubecour-lyon.com\/de\/wp-json\/wp\/v2\/media?parent=540"}],"curies":[{"name":"wp","href":"https:\/\/api.w.org\/{rel}","templated":true}]}}