{"id":537,"date":"2020-07-06T11:43:37","date_gmt":"2020-07-06T11:43:37","guid":{"rendered":"https:\/\/www.hotelvaubecour-lyon.com\/finde-uns\/motorise\/"},"modified":"2020-12-03T10:28:48","modified_gmt":"2020-12-03T10:28:48","slug":"mit-dem-auto-motorrad","status":"publish","type":"page","link":"https:\/\/www.hotelvaubecour-lyon.com\/de\/finde-uns\/mit-dem-auto-motorrad\/","title":{"rendered":"Mit dem Auto \/ Motorrad"},"content":{"rendered":"<p><strong>A6 A6 aus dem Norden<\/strong><br \/>\nTunnel Fourvi\u00e8re &#8211; Ausfahrt vieux lyon &#8211; Quai Fulchiron, dann rechts zur Pont Bonaparte-Br\u00fccke &#8211; dann rechts weiter zum Quai Tilsitt und zum Quai Mar\u00e9chal Joffre &#8211; links in die Rue Bourgelat abbiegen<\/p>\n<p><strong>A6 aus dem S\u00fcden<\/strong><br \/>\nAusfahrt 1.1 &#8211; Teil Dieu &#8211; Quai Gailleton &#8211; dann links den Quai Gailleton hinauf &#8211; Biegen Sie rechts ab in die Rue Franklin &#8211; Rue Vaubecour am Ende der Rue Franklin<\/p>\n<p><strong>Parkinformationen<\/strong><br \/>\n&#8211; Majestic &#8211; 18 quai tilsitt &#8211; 69002 Lyon &#8211; 20 Euro \/ 24h00 &#8211; Parkplatz 5 Minuten zu Fu\u00df (laut Route Michelin) \/ Parkplatz abends ab 23h00 geschlossen<br \/>\n&#8211; St. Georges &#8211; 6 Pl\u00e4tze Henri Cr\u00e9pu &#8211; 69002 &#8211; 30 Euro \/ 24h00. Das Parken ist 8 Minuten zu Fu\u00df entfernt (gem\u00e4\u00df Michelin-Reiseroute)<br \/>\n&#8211; Gare Perrache &#8211; 18 Euro \/ 24h00 &#8211; Parkplatz 11 Minuten zu Fu\u00df entfernt (laut Michelin-Reiseroute)<\/p>\n","protected":false},"excerpt":{"rendered":"<p>A6 A6 aus dem Norden Tunnel Fourvi\u00e8re &#8211; Ausfahrt vieux lyon &#8211; Quai Fulchiron, dann [&hellip;]<\/p>\n","protected":false},"author":46,"featured_media":0,"parent":534,"menu_order":2,"comment_status":"closed","ping_status":"closed","template":"","meta":{"footnotes":""},"class_list":["post-537","page","type-page","status-publish","hentry"],"yoast_head":"<!-- This site is optimized with the Yoast SEO plugin v26.9 - https:\/\/yoast.com\/product\/yoast-seo-wordpress\/ -->\n<title>Mit dem Auto \/ Motorrad - Vaubecour Lyon<\/title>\n<meta name=\"robots\" content=\"index, follow, max-snippet:-1, max-image-preview:large, max-video-preview:-1\" \/>\n<link rel=\"canonical\" href=\"https:\/\/www.hotelvaubecour-lyon.com\/de\/finde-uns\/mit-dem-auto-motorrad\/\" \/>\n<meta property=\"og:locale\" content=\"de_DE\" \/>\n<meta property=\"og:type\" content=\"article\" \/>\n<meta property=\"og:title\" content=\"Mit dem Auto \/ Motorrad - Vaubecour Lyon\" \/>\n<meta property=\"og:description\" content=\"A6 A6 aus dem Norden Tunnel Fourvi\u00e8re &#8211; Ausfahrt vieux lyon &#8211; Quai Fulchiron, dann [&hellip;]\" \/>\n<meta property=\"og:url\" content=\"https:\/\/www.hotelvaubecour-lyon.com\/de\/finde-uns\/mit-dem-auto-motorrad\/\" \/>\n<meta property=\"og:site_name\" content=\"Vaubecour Lyon\" \/>\n<meta property=\"article:modified_time\" content=\"2020-12-03T10:28:48+00:00\" \/>\n<meta name=\"twitter:card\" content=\"summary_large_image\" \/>\n<meta name=\"twitter:label1\" content=\"Gesch\u00e4tzte Lesezeit\" \/>\n\t<meta name=\"twitter:data1\" content=\"1 Minute\" \/>\n<script type=\"application\/ld+json\" class=\"yoast-schema-graph\">{\"@context\":\"https:\/\/schema.org\",\"@graph\":[{\"@type\":\"WebPage\",\"@id\":\"https:\/\/www.hotelvaubecour-lyon.com\/de\/finde-uns\/mit-dem-auto-motorrad\/\",\"url\":\"https:\/\/www.hotelvaubecour-lyon.com\/de\/finde-uns\/mit-dem-auto-motorrad\/\",\"name\":\"Mit dem Auto \/ Motorrad - Vaubecour Lyon\",\"isPartOf\":{\"@id\":\"https:\/\/www.hotelvaubecour-lyon.com\/de\/#website\"},\"datePublished\":\"2020-07-06T11:43:37+00:00\",\"dateModified\":\"2020-12-03T10:28:48+00:00\",\"breadcrumb\":{\"@id\":\"https:\/\/www.hotelvaubecour-lyon.com\/de\/finde-uns\/mit-dem-auto-motorrad\/#breadcrumb\"},\"inLanguage\":\"de-DE\",\"potentialAction\":[{\"@type\":\"ReadAction\",\"target\":[\"https:\/\/www.hotelvaubecour-lyon.com\/de\/finde-uns\/mit-dem-auto-motorrad\/\"]}]},{\"@type\":\"BreadcrumbList\",\"@id\":\"https:\/\/www.hotelvaubecour-lyon.com\/de\/finde-uns\/mit-dem-auto-motorrad\/#breadcrumb\",\"itemListElement\":[{\"@type\":\"ListItem\",\"position\":1,\"name\":\"Home\",\"item\":\"https:\/\/www.hotelvaubecour-lyon.com\/de\/\"},{\"@type\":\"ListItem\",\"position\":2,\"name\":\"Finde uns\",\"item\":\"https:\/\/www.hotelvaubecour-lyon.com\/de\/finde-uns\/\"},{\"@type\":\"ListItem\",\"position\":3,\"name\":\"Mit dem Auto \/ Motorrad\"}]},{\"@type\":\"WebSite\",\"@id\":\"https:\/\/www.hotelvaubecour-lyon.com\/de\/#website\",\"url\":\"https:\/\/www.hotelvaubecour-lyon.com\/de\/\",\"name\":\"Vaubecour Lyon\",\"description\":\"\",\"potentialAction\":[{\"@type\":\"SearchAction\",\"target\":{\"@type\":\"EntryPoint\",\"urlTemplate\":\"https:\/\/www.hotelvaubecour-lyon.com\/de\/?s={search_term_string}\"},\"query-input\":{\"@type\":\"PropertyValueSpecification\",\"valueRequired\":true,\"valueName\":\"search_term_string\"}}],\"inLanguage\":\"de-DE\"}]}<\/script>\n<!-- \/ Yoast SEO plugin. -->","yoast_head_json":{"title":"Mit dem Auto \/ Motorrad - Vaubecour Lyon","robots":{"index":"index","follow":"follow","max-snippet":"max-snippet:-1","max-image-preview":"max-image-preview:large","max-video-preview":"max-video-preview:-1"},"canonical":"https:\/\/www.hotelvaubecour-lyon.com\/de\/finde-uns\/mit-dem-auto-motorrad\/","og_locale":"de_DE","og_type":"article","og_title":"Mit dem Auto \/ Motorrad - Vaubecour Lyon","og_description":"A6 A6 aus dem Norden Tunnel Fourvi\u00e8re &#8211; Ausfahrt vieux lyon &#8211; Quai Fulchiron, dann [&hellip;]","og_url":"https:\/\/www.hotelvaubecour-lyon.com\/de\/finde-uns\/mit-dem-auto-motorrad\/","og_site_name":"Vaubecour Lyon","article_modified_time":"2020-12-03T10:28:48+00:00","twitter_card":"summary_large_image","twitter_misc":{"Gesch\u00e4tzte Lesezeit":"1 Minute"},"schema":{"@context":"https:\/\/schema.org","@graph":[{"@type":"WebPage","@id":"https:\/\/www.hotelvaubecour-lyon.com\/de\/finde-uns\/mit-dem-auto-motorrad\/","url":"https:\/\/www.hotelvaubecour-lyon.com\/de\/finde-uns\/mit-dem-auto-motorrad\/","name":"Mit dem Auto \/ Motorrad - Vaubecour Lyon","isPartOf":{"@id":"https:\/\/www.hotelvaubecour-lyon.com\/de\/#website"},"datePublished":"2020-07-06T11:43:37+00:00","dateModified":"2020-12-03T10:28:48+00:00","breadcrumb":{"@id":"https:\/\/www.hotelvaubecour-lyon.com\/de\/finde-uns\/mit-dem-auto-motorrad\/#breadcrumb"},"inLanguage":"de-DE","potentialAction":[{"@type":"ReadAction","target":["https:\/\/www.hotelvaubecour-lyon.com\/de\/finde-uns\/mit-dem-auto-motorrad\/"]}]},{"@type":"BreadcrumbList","@id":"https:\/\/www.hotelvaubecour-lyon.com\/de\/finde-uns\/mit-dem-auto-motorrad\/#breadcrumb","itemListElement":[{"@type":"ListItem","position":1,"name":"Home","item":"https:\/\/www.hotelvaubecour-lyon.com\/de\/"},{"@type":"ListItem","position":2,"name":"Finde uns","item":"https:\/\/www.hotelvaubecour-lyon.com\/de\/finde-uns\/"},{"@type":"ListItem","position":3,"name":"Mit dem Auto \/ Motorrad"}]},{"@type":"WebSite","@id":"https:\/\/www.hotelvaubecour-lyon.com\/de\/#website","url":"https:\/\/www.hotelvaubecour-lyon.com\/de\/","name":"Vaubecour Lyon","description":"","potentialAction":[{"@type":"SearchAction","target":{"@type":"EntryPoint","urlTemplate":"https:\/\/www.hotelvaubecour-lyon.com\/de\/?s={search_term_string}"},"query-input":{"@type":"PropertyValueSpecification","valueRequired":true,"valueName":"search_term_string"}}],"inLanguage":"de-DE"}]}},"acf":[],"_links":{"self":[{"href":"https:\/\/www.hotelvaubecour-lyon.com\/de\/wp-json\/wp\/v2\/pages\/537","targetHints":{"allow":["GET"]}}],"collection":[{"href":"https:\/\/www.hotelvaubecour-lyon.com\/de\/wp-json\/wp\/v2\/pages"}],"about":[{"href":"https:\/\/www.hotelvaubecour-lyon.com\/de\/wp-json\/wp\/v2\/types\/page"}],"author":[{"embeddable":true,"href":"https:\/\/www.hotelvaubecour-lyon.com\/de\/wp-json\/wp\/v2\/users\/46"}],"replies":[{"embeddable":true,"href":"https:\/\/www.hotelvaubecour-lyon.com\/de\/wp-json\/wp\/v2\/comments?post=537"}],"version-history":[{"count":0,"href":"https:\/\/www.hotelvaubecour-lyon.com\/de\/wp-json\/wp\/v2\/pages\/537\/revisions"}],"up":[{"embeddable":true,"href":"https:\/\/www.hotelvaubecour-lyon.com\/de\/wp-json\/wp\/v2\/pages\/534"}],"wp:attachment":[{"href":"https:\/\/www.hotelvaubecour-lyon.com\/de\/wp-json\/wp\/v2\/media?parent=537"}],"curies":[{"name":"wp","href":"https:\/\/api.w.org\/{rel}","templated":true}]}}