{"id":532,"date":"2020-07-03T08:51:13","date_gmt":"2020-07-03T08:51:13","guid":{"rendered":"https:\/\/www.hotelvaubecour-lyon.com\/lecologie-et-nous\/eco-label\/"},"modified":"2020-12-03T10:13:19","modified_gmt":"2020-12-03T10:13:19","slug":"umweltzeichen","status":"publish","type":"page","link":"https:\/\/www.hotelvaubecour-lyon.com\/de\/oekologie-und-wir\/umweltzeichen\/","title":{"rendered":"Umweltzeichen"},"content":{"rendered":"<p>Unser mittelfristiges Ziel ist, das europ\u00e4ische ECO LABEL zu erhalten. Das wird dann das Ergebnis unserer Ma\u00dfnahmen zur Umweltvertr\u00e4glichkeit sein (z. B. bei der Vermeidung von Einzelverpackungen bei Fr\u00fchst\u00fccksbestandteilen sowie Willkommensprodukten im Badezimmer). Hier haben wir schon lange auf Bio- und \u00d6ko-zertifizierte Produkte umgestellt. Generell achten wir auf die Minimierung von konventionellen Abf\u00e4llen (z. B. bei Lebensmitteln), ferner stellen wir auf 100 % \u00d6kostrom um. Die Verleihung des ECO LABEL erfolgt auch aufgrund der Schulung von Mitarbeitern und Unterrichtung von Subunternehmen (W\u00e4sche- und Raumreinigungsservice) zwecks nachhaltigen Verhaltens in allen Belangen des Umweltschutzes. <br \/>Wir werden auch unsere G\u00e4ste dazu informieren, zum Beispiel auch \u00fcber die Benutzung umweltfreundlicher bzw. alternativer Transportmittel.<\/p>\n<p>Wir nehmen uns diese Aufgabe sehr zu Herzen und hoffen, dass Sie als zuk\u00fcnftige G\u00e4ste, diese gemeinsame Herausforderung mit uns zusammen meistern. Wir lassen uns regelm\u00e4\u00dfig von der Kolibri-Legende der amerikanischen Ureinwohner inspirieren: &#8222;Eines Tages, so die Legende, gab es einen riesigen Waldbrand. Alle Tiere beobachteten ver\u00e4ngstigt und hilflos die Katastrophe. Nur der kleine Kolibri war aktiv und holte mit seinem Schnabel ein paar Tropfen, um sie ins Feuer zu schleudern. <br \/>Nach einem Moment sagte das G\u00fcrteltier zu ihm: &#8222;Kolibri, bist du verr\u00fcckt? Mit diesen Wassertropfen wirst du das Feuer nie l\u00f6schen!&#8220;<br \/> Und der Kolibri antwortete: &#8222;Ich wei\u00df, aber ich trage meinen Teil dazu bei.&#8220;<\/p>\n<p>Wir sind nicht naiv, sondern verantwortungsbewusst und leisten unseren Beitrag auch in dem Wissen, dass auch andere nationale und internationale Probleme angegangen werden m\u00fcssen.<\/p>\n","protected":false},"excerpt":{"rendered":"<p>Unser mittelfristiges Ziel ist, das europ\u00e4ische ECO LABEL zu erhalten. Das wird dann das Ergebnis [&hellip;]<\/p>\n","protected":false},"author":137,"featured_media":0,"parent":528,"menu_order":3,"comment_status":"closed","ping_status":"closed","template":"","meta":{"footnotes":""},"class_list":["post-532","page","type-page","status-publish","hentry"],"yoast_head":"<!-- This site is optimized with the Yoast SEO plugin v26.9 - https:\/\/yoast.com\/product\/yoast-seo-wordpress\/ -->\n<title>Umweltzeichen - Vaubecour Lyon<\/title>\n<meta name=\"robots\" content=\"index, follow, max-snippet:-1, max-image-preview:large, max-video-preview:-1\" \/>\n<link rel=\"canonical\" href=\"https:\/\/www.hotelvaubecour-lyon.com\/de\/oekologie-und-wir\/umweltzeichen\/\" \/>\n<meta property=\"og:locale\" content=\"de_DE\" \/>\n<meta property=\"og:type\" content=\"article\" \/>\n<meta property=\"og:title\" content=\"Umweltzeichen - Vaubecour Lyon\" \/>\n<meta property=\"og:description\" content=\"Unser mittelfristiges Ziel ist, das europ\u00e4ische ECO LABEL zu erhalten. Das wird dann das Ergebnis [&hellip;]\" \/>\n<meta property=\"og:url\" content=\"https:\/\/www.hotelvaubecour-lyon.com\/de\/oekologie-und-wir\/umweltzeichen\/\" \/>\n<meta property=\"og:site_name\" content=\"Vaubecour Lyon\" \/>\n<meta property=\"article:modified_time\" content=\"2020-12-03T10:13:19+00:00\" \/>\n<meta name=\"twitter:card\" content=\"summary_large_image\" \/>\n<meta name=\"twitter:label1\" content=\"Gesch\u00e4tzte Lesezeit\" \/>\n\t<meta name=\"twitter:data1\" content=\"1 Minute\" \/>\n<script type=\"application\/ld+json\" class=\"yoast-schema-graph\">{\"@context\":\"https:\/\/schema.org\",\"@graph\":[{\"@type\":\"WebPage\",\"@id\":\"https:\/\/www.hotelvaubecour-lyon.com\/de\/oekologie-und-wir\/umweltzeichen\/\",\"url\":\"https:\/\/www.hotelvaubecour-lyon.com\/de\/oekologie-und-wir\/umweltzeichen\/\",\"name\":\"Umweltzeichen - Vaubecour Lyon\",\"isPartOf\":{\"@id\":\"https:\/\/www.hotelvaubecour-lyon.com\/de\/#website\"},\"datePublished\":\"2020-07-03T08:51:13+00:00\",\"dateModified\":\"2020-12-03T10:13:19+00:00\",\"breadcrumb\":{\"@id\":\"https:\/\/www.hotelvaubecour-lyon.com\/de\/oekologie-und-wir\/umweltzeichen\/#breadcrumb\"},\"inLanguage\":\"de-DE\",\"potentialAction\":[{\"@type\":\"ReadAction\",\"target\":[\"https:\/\/www.hotelvaubecour-lyon.com\/de\/oekologie-und-wir\/umweltzeichen\/\"]}]},{\"@type\":\"BreadcrumbList\",\"@id\":\"https:\/\/www.hotelvaubecour-lyon.com\/de\/oekologie-und-wir\/umweltzeichen\/#breadcrumb\",\"itemListElement\":[{\"@type\":\"ListItem\",\"position\":1,\"name\":\"Home\",\"item\":\"https:\/\/www.hotelvaubecour-lyon.com\/de\/\"},{\"@type\":\"ListItem\",\"position\":2,\"name\":\"\u00d6kologie und wir\",\"item\":\"https:\/\/www.hotelvaubecour-lyon.com\/de\/oekologie-und-wir\/\"},{\"@type\":\"ListItem\",\"position\":3,\"name\":\"Umweltzeichen\"}]},{\"@type\":\"WebSite\",\"@id\":\"https:\/\/www.hotelvaubecour-lyon.com\/de\/#website\",\"url\":\"https:\/\/www.hotelvaubecour-lyon.com\/de\/\",\"name\":\"Vaubecour Lyon\",\"description\":\"\",\"potentialAction\":[{\"@type\":\"SearchAction\",\"target\":{\"@type\":\"EntryPoint\",\"urlTemplate\":\"https:\/\/www.hotelvaubecour-lyon.com\/de\/?s={search_term_string}\"},\"query-input\":{\"@type\":\"PropertyValueSpecification\",\"valueRequired\":true,\"valueName\":\"search_term_string\"}}],\"inLanguage\":\"de-DE\"}]}<\/script>\n<!-- \/ Yoast SEO plugin. -->","yoast_head_json":{"title":"Umweltzeichen - Vaubecour Lyon","robots":{"index":"index","follow":"follow","max-snippet":"max-snippet:-1","max-image-preview":"max-image-preview:large","max-video-preview":"max-video-preview:-1"},"canonical":"https:\/\/www.hotelvaubecour-lyon.com\/de\/oekologie-und-wir\/umweltzeichen\/","og_locale":"de_DE","og_type":"article","og_title":"Umweltzeichen - Vaubecour Lyon","og_description":"Unser mittelfristiges Ziel ist, das europ\u00e4ische ECO LABEL zu erhalten. Das wird dann das Ergebnis [&hellip;]","og_url":"https:\/\/www.hotelvaubecour-lyon.com\/de\/oekologie-und-wir\/umweltzeichen\/","og_site_name":"Vaubecour Lyon","article_modified_time":"2020-12-03T10:13:19+00:00","twitter_card":"summary_large_image","twitter_misc":{"Gesch\u00e4tzte Lesezeit":"1 Minute"},"schema":{"@context":"https:\/\/schema.org","@graph":[{"@type":"WebPage","@id":"https:\/\/www.hotelvaubecour-lyon.com\/de\/oekologie-und-wir\/umweltzeichen\/","url":"https:\/\/www.hotelvaubecour-lyon.com\/de\/oekologie-und-wir\/umweltzeichen\/","name":"Umweltzeichen - Vaubecour Lyon","isPartOf":{"@id":"https:\/\/www.hotelvaubecour-lyon.com\/de\/#website"},"datePublished":"2020-07-03T08:51:13+00:00","dateModified":"2020-12-03T10:13:19+00:00","breadcrumb":{"@id":"https:\/\/www.hotelvaubecour-lyon.com\/de\/oekologie-und-wir\/umweltzeichen\/#breadcrumb"},"inLanguage":"de-DE","potentialAction":[{"@type":"ReadAction","target":["https:\/\/www.hotelvaubecour-lyon.com\/de\/oekologie-und-wir\/umweltzeichen\/"]}]},{"@type":"BreadcrumbList","@id":"https:\/\/www.hotelvaubecour-lyon.com\/de\/oekologie-und-wir\/umweltzeichen\/#breadcrumb","itemListElement":[{"@type":"ListItem","position":1,"name":"Home","item":"https:\/\/www.hotelvaubecour-lyon.com\/de\/"},{"@type":"ListItem","position":2,"name":"\u00d6kologie und wir","item":"https:\/\/www.hotelvaubecour-lyon.com\/de\/oekologie-und-wir\/"},{"@type":"ListItem","position":3,"name":"Umweltzeichen"}]},{"@type":"WebSite","@id":"https:\/\/www.hotelvaubecour-lyon.com\/de\/#website","url":"https:\/\/www.hotelvaubecour-lyon.com\/de\/","name":"Vaubecour Lyon","description":"","potentialAction":[{"@type":"SearchAction","target":{"@type":"EntryPoint","urlTemplate":"https:\/\/www.hotelvaubecour-lyon.com\/de\/?s={search_term_string}"},"query-input":{"@type":"PropertyValueSpecification","valueRequired":true,"valueName":"search_term_string"}}],"inLanguage":"de-DE"}]}},"acf":[],"_links":{"self":[{"href":"https:\/\/www.hotelvaubecour-lyon.com\/de\/wp-json\/wp\/v2\/pages\/532","targetHints":{"allow":["GET"]}}],"collection":[{"href":"https:\/\/www.hotelvaubecour-lyon.com\/de\/wp-json\/wp\/v2\/pages"}],"about":[{"href":"https:\/\/www.hotelvaubecour-lyon.com\/de\/wp-json\/wp\/v2\/types\/page"}],"author":[{"embeddable":true,"href":"https:\/\/www.hotelvaubecour-lyon.com\/de\/wp-json\/wp\/v2\/users\/137"}],"replies":[{"embeddable":true,"href":"https:\/\/www.hotelvaubecour-lyon.com\/de\/wp-json\/wp\/v2\/comments?post=532"}],"version-history":[{"count":0,"href":"https:\/\/www.hotelvaubecour-lyon.com\/de\/wp-json\/wp\/v2\/pages\/532\/revisions"}],"up":[{"embeddable":true,"href":"https:\/\/www.hotelvaubecour-lyon.com\/de\/wp-json\/wp\/v2\/pages\/528"}],"wp:attachment":[{"href":"https:\/\/www.hotelvaubecour-lyon.com\/de\/wp-json\/wp\/v2\/media?parent=532"}],"curies":[{"name":"wp","href":"https:\/\/api.w.org\/{rel}","templated":true}]}}