{"id":531,"date":"2020-07-03T08:49:47","date_gmt":"2020-07-03T08:49:47","guid":{"rendered":"https:\/\/www.hotelvaubecour-lyon.com\/lecologie-et-nous\/consommation-des-fluides\/"},"modified":"2020-12-03T10:13:57","modified_gmt":"2020-12-03T10:13:57","slug":"fluessigkeitsverbrauch","status":"publish","type":"page","link":"https:\/\/www.hotelvaubecour-lyon.com\/de\/oekologie-und-wir\/fluessigkeitsverbrauch\/","title":{"rendered":"Fl\u00fcssigkeitsverbrauch"},"content":{"rendered":"<p>Die Bewertung ist haupts\u00e4chlich das Ergebnis der Wasserverbrauchskontrolle, aber auch der Ber\u00fccksichtigung anderer Faktoren (Hochleistungsgaskessel, 100 % LED-Beleuchtung, Pr\u00e4senzmelder, Doppelfenster, Luftschleuse im Schlafzimmer, in den Schlafzimmern installierte Wassersparsysteme). Das am Tisch servierte Fr\u00fchst\u00fcck (2 Angebote) ist auch ressourcenschonend.<\/p>\n<p>Unser Status (2-Sterne) und unsere Gr\u00f6\u00dfe erm\u00f6glichen ein Minimum an Ger\u00e4te-Ausr\u00fcstung und damit verbundenen Verbr\u00e4uchen. Zum Beispiel verbraucht jeder Gast durchschnittlich 260 Liter Wasser pro Aufenthaltstag. Im Vergleich zu anderen Hotels im Programm, die 661 Liter Wasser verbrauchen, ist das schon ganz fortschrittlich.<\/p>\n","protected":false},"excerpt":{"rendered":"<p>Die Bewertung ist haupts\u00e4chlich das Ergebnis der Wasserverbrauchskontrolle, aber auch der Ber\u00fccksichtigung anderer Faktoren (Hochleistungsgaskessel, [&hellip;]<\/p>\n","protected":false},"author":137,"featured_media":0,"parent":528,"menu_order":2,"comment_status":"closed","ping_status":"closed","template":"","meta":{"footnotes":""},"class_list":["post-531","page","type-page","status-publish","hentry"],"yoast_head":"<!-- This site is optimized with the Yoast SEO plugin v26.9 - https:\/\/yoast.com\/product\/yoast-seo-wordpress\/ -->\n<title>Fl\u00fcssigkeitsverbrauch - Vaubecour Lyon<\/title>\n<meta name=\"robots\" content=\"index, follow, max-snippet:-1, max-image-preview:large, max-video-preview:-1\" \/>\n<link rel=\"canonical\" href=\"https:\/\/www.hotelvaubecour-lyon.com\/de\/oekologie-und-wir\/fluessigkeitsverbrauch\/\" \/>\n<meta property=\"og:locale\" content=\"de_DE\" \/>\n<meta property=\"og:type\" content=\"article\" \/>\n<meta property=\"og:title\" content=\"Fl\u00fcssigkeitsverbrauch - Vaubecour Lyon\" \/>\n<meta property=\"og:description\" content=\"Die Bewertung ist haupts\u00e4chlich das Ergebnis der Wasserverbrauchskontrolle, aber auch der Ber\u00fccksichtigung anderer Faktoren (Hochleistungsgaskessel, [&hellip;]\" \/>\n<meta property=\"og:url\" content=\"https:\/\/www.hotelvaubecour-lyon.com\/de\/oekologie-und-wir\/fluessigkeitsverbrauch\/\" \/>\n<meta property=\"og:site_name\" content=\"Vaubecour Lyon\" \/>\n<meta property=\"article:modified_time\" content=\"2020-12-03T10:13:57+00:00\" \/>\n<meta name=\"twitter:card\" content=\"summary_large_image\" \/>\n<script type=\"application\/ld+json\" class=\"yoast-schema-graph\">{\"@context\":\"https:\/\/schema.org\",\"@graph\":[{\"@type\":\"WebPage\",\"@id\":\"https:\/\/www.hotelvaubecour-lyon.com\/de\/oekologie-und-wir\/fluessigkeitsverbrauch\/\",\"url\":\"https:\/\/www.hotelvaubecour-lyon.com\/de\/oekologie-und-wir\/fluessigkeitsverbrauch\/\",\"name\":\"Fl\u00fcssigkeitsverbrauch - Vaubecour Lyon\",\"isPartOf\":{\"@id\":\"https:\/\/www.hotelvaubecour-lyon.com\/de\/#website\"},\"datePublished\":\"2020-07-03T08:49:47+00:00\",\"dateModified\":\"2020-12-03T10:13:57+00:00\",\"breadcrumb\":{\"@id\":\"https:\/\/www.hotelvaubecour-lyon.com\/de\/oekologie-und-wir\/fluessigkeitsverbrauch\/#breadcrumb\"},\"inLanguage\":\"de-DE\",\"potentialAction\":[{\"@type\":\"ReadAction\",\"target\":[\"https:\/\/www.hotelvaubecour-lyon.com\/de\/oekologie-und-wir\/fluessigkeitsverbrauch\/\"]}]},{\"@type\":\"BreadcrumbList\",\"@id\":\"https:\/\/www.hotelvaubecour-lyon.com\/de\/oekologie-und-wir\/fluessigkeitsverbrauch\/#breadcrumb\",\"itemListElement\":[{\"@type\":\"ListItem\",\"position\":1,\"name\":\"Home\",\"item\":\"https:\/\/www.hotelvaubecour-lyon.com\/de\/\"},{\"@type\":\"ListItem\",\"position\":2,\"name\":\"\u00d6kologie und wir\",\"item\":\"https:\/\/www.hotelvaubecour-lyon.com\/de\/oekologie-und-wir\/\"},{\"@type\":\"ListItem\",\"position\":3,\"name\":\"Fl\u00fcssigkeitsverbrauch\"}]},{\"@type\":\"WebSite\",\"@id\":\"https:\/\/www.hotelvaubecour-lyon.com\/de\/#website\",\"url\":\"https:\/\/www.hotelvaubecour-lyon.com\/de\/\",\"name\":\"Vaubecour Lyon\",\"description\":\"\",\"potentialAction\":[{\"@type\":\"SearchAction\",\"target\":{\"@type\":\"EntryPoint\",\"urlTemplate\":\"https:\/\/www.hotelvaubecour-lyon.com\/de\/?s={search_term_string}\"},\"query-input\":{\"@type\":\"PropertyValueSpecification\",\"valueRequired\":true,\"valueName\":\"search_term_string\"}}],\"inLanguage\":\"de-DE\"}]}<\/script>\n<!-- \/ Yoast SEO plugin. -->","yoast_head_json":{"title":"Fl\u00fcssigkeitsverbrauch - Vaubecour Lyon","robots":{"index":"index","follow":"follow","max-snippet":"max-snippet:-1","max-image-preview":"max-image-preview:large","max-video-preview":"max-video-preview:-1"},"canonical":"https:\/\/www.hotelvaubecour-lyon.com\/de\/oekologie-und-wir\/fluessigkeitsverbrauch\/","og_locale":"de_DE","og_type":"article","og_title":"Fl\u00fcssigkeitsverbrauch - Vaubecour Lyon","og_description":"Die Bewertung ist haupts\u00e4chlich das Ergebnis der Wasserverbrauchskontrolle, aber auch der Ber\u00fccksichtigung anderer Faktoren (Hochleistungsgaskessel, [&hellip;]","og_url":"https:\/\/www.hotelvaubecour-lyon.com\/de\/oekologie-und-wir\/fluessigkeitsverbrauch\/","og_site_name":"Vaubecour Lyon","article_modified_time":"2020-12-03T10:13:57+00:00","twitter_card":"summary_large_image","schema":{"@context":"https:\/\/schema.org","@graph":[{"@type":"WebPage","@id":"https:\/\/www.hotelvaubecour-lyon.com\/de\/oekologie-und-wir\/fluessigkeitsverbrauch\/","url":"https:\/\/www.hotelvaubecour-lyon.com\/de\/oekologie-und-wir\/fluessigkeitsverbrauch\/","name":"Fl\u00fcssigkeitsverbrauch - Vaubecour Lyon","isPartOf":{"@id":"https:\/\/www.hotelvaubecour-lyon.com\/de\/#website"},"datePublished":"2020-07-03T08:49:47+00:00","dateModified":"2020-12-03T10:13:57+00:00","breadcrumb":{"@id":"https:\/\/www.hotelvaubecour-lyon.com\/de\/oekologie-und-wir\/fluessigkeitsverbrauch\/#breadcrumb"},"inLanguage":"de-DE","potentialAction":[{"@type":"ReadAction","target":["https:\/\/www.hotelvaubecour-lyon.com\/de\/oekologie-und-wir\/fluessigkeitsverbrauch\/"]}]},{"@type":"BreadcrumbList","@id":"https:\/\/www.hotelvaubecour-lyon.com\/de\/oekologie-und-wir\/fluessigkeitsverbrauch\/#breadcrumb","itemListElement":[{"@type":"ListItem","position":1,"name":"Home","item":"https:\/\/www.hotelvaubecour-lyon.com\/de\/"},{"@type":"ListItem","position":2,"name":"\u00d6kologie und wir","item":"https:\/\/www.hotelvaubecour-lyon.com\/de\/oekologie-und-wir\/"},{"@type":"ListItem","position":3,"name":"Fl\u00fcssigkeitsverbrauch"}]},{"@type":"WebSite","@id":"https:\/\/www.hotelvaubecour-lyon.com\/de\/#website","url":"https:\/\/www.hotelvaubecour-lyon.com\/de\/","name":"Vaubecour Lyon","description":"","potentialAction":[{"@type":"SearchAction","target":{"@type":"EntryPoint","urlTemplate":"https:\/\/www.hotelvaubecour-lyon.com\/de\/?s={search_term_string}"},"query-input":{"@type":"PropertyValueSpecification","valueRequired":true,"valueName":"search_term_string"}}],"inLanguage":"de-DE"}]}},"acf":[],"_links":{"self":[{"href":"https:\/\/www.hotelvaubecour-lyon.com\/de\/wp-json\/wp\/v2\/pages\/531","targetHints":{"allow":["GET"]}}],"collection":[{"href":"https:\/\/www.hotelvaubecour-lyon.com\/de\/wp-json\/wp\/v2\/pages"}],"about":[{"href":"https:\/\/www.hotelvaubecour-lyon.com\/de\/wp-json\/wp\/v2\/types\/page"}],"author":[{"embeddable":true,"href":"https:\/\/www.hotelvaubecour-lyon.com\/de\/wp-json\/wp\/v2\/users\/137"}],"replies":[{"embeddable":true,"href":"https:\/\/www.hotelvaubecour-lyon.com\/de\/wp-json\/wp\/v2\/comments?post=531"}],"version-history":[{"count":0,"href":"https:\/\/www.hotelvaubecour-lyon.com\/de\/wp-json\/wp\/v2\/pages\/531\/revisions"}],"up":[{"embeddable":true,"href":"https:\/\/www.hotelvaubecour-lyon.com\/de\/wp-json\/wp\/v2\/pages\/528"}],"wp:attachment":[{"href":"https:\/\/www.hotelvaubecour-lyon.com\/de\/wp-json\/wp\/v2\/media?parent=531"}],"curies":[{"name":"wp","href":"https:\/\/api.w.org\/{rel}","templated":true}]}}