{"id":508,"date":"2020-07-01T13:44:08","date_gmt":"2020-07-01T13:44:08","guid":{"rendered":"https:\/\/www.hotelvaubecour-lyon.com\/tourisme-evenements-festivals\/"},"modified":"2020-12-03T11:44:57","modified_gmt":"2020-12-03T11:44:57","slug":"tourismus-veranstaltung-festivals","status":"publish","type":"page","link":"https:\/\/www.hotelvaubecour-lyon.com\/de\/tourismus-veranstaltung-festivals\/","title":{"rendered":"Tourismus, Veranstaltung &#038; Festivals"},"content":{"rendered":"<p>Lassen Sie sich von unserer wundersch\u00f6nen Stadt verf\u00fchren, die das ganze Jahr \u00fcber ein reichhaltiges und abwechslungsreiches Angebot an Tourismusevents, Kultur- und Berufsveranstaltungen sowie Festivals bietet.<\/p>\n<p>Sie werden die Wahrzeichen von Lyon, Museen und Unterhaltungsm\u00f6glichkeiten entdecken:<\/p>\n<ul>\n<li><strong><a href=\"https:\/\/www.hotelvaubecour-lyon.com\/de\/places\/vieux-lyon-und-fourviere\/\">Altes Lyon und Fourvi\u00e8re<\/a><\/strong><\/li>\n<li><strong><a href=\"https:\/\/www.hotelvaubecour-lyon.com\/de\/places\/presquile-bellecour-hotel-dieu-terreaux\/\">Die Halbinsel mit Bellecour \/ H\u00f4tel Dieu \/ Terreaux<\/a><\/strong><\/li>\n<li><strong><a href=\"https:\/\/www.hotelvaubecour-lyon.com\/de\/places\/croix-rousse-ses-pentes\/\">Das Rote Kreuz und seine H\u00e4nge<\/a><\/strong><\/li>\n<li><strong><a href=\"https:\/\/www.hotelvaubecour-lyon.com\/de\/places\/confluence-und-sein-modernismus\/\">Dder Zusammenfluss in seiner Modernit\u00e4t<\/a><\/strong><\/li>\n<\/ul>\n<p>F\u00fcr Sie genauso nutzbar wie all die <strong><a href=\"https:\/\/www.hotelvaubecour-lyon.com\/de\/places\/kulturelle-veranstaltungen-festivals-theater-oder-oper\/\">kulturelle Veranstaltungen, Festivals, Theater oder Opern<\/a><\/strong> :<\/p>\n<ul>\n<li>Die Biennale des Tanzes oder die zeitgen\u00f6ssische Kunst<\/li>\n<li>Polar Wharf<\/li>\n<li>Festival Fourvi\u00e8re-N\u00e4chte, &#8211; Sound- oder Woodstower<\/li>\n<li>N\u00e4chte Lichtfestivals<\/li>\n<li>Himmelstheater, Head d&#8217;Or oder Villeurbanne NPT<\/li>\n<li>Lyon Opera<\/li>\n<\/ul>\n<p><strong><a href=\"https:\/\/www.hotelvaubecour-lyon.com\/de\/places\/arbeitsveranstaltungen\/\">Professionals<\/a>.<\/strong> Lyon veranstaltet auch mehreren Messen:<\/p>\n<ul>\n<li>SIRHA (Essen oder Sirha Green)<\/li>\n<li>Pollutec<\/li>\n<li>Solutrans<\/li>\n<li>Paysalia<\/li>\n<li>Immobilienmesse und einige mehr.<\/li>\n<\/ul>\n<p>Und f\u00fcr diejenigen, die <a href=\"https:\/\/www.hotelvaubecour-lyon.com\/de\/places\/starke-empfindungen\/\"><strong>Nervenkitzel bevorzugen<\/strong><\/a>, empfehlen wir:<\/p>\n<ul>\n<li><a href=\"https:\/\/www.hotelvaubecour-lyon.com\/de\/places\/starke-empfindungen\/\">IFLY<\/a> (Indoor-Freifall)<\/li>\n<li><strong>I-WAY<\/strong> (F1-Simulator, Motorrad oder Flugzeug in der virtuellen Realit\u00e4t an Bord)<\/li>\n<li><strong>Klettern<\/strong>, Zusammenfluss \u2013 \u201e22 meters\u201c<\/li>\n<li><strong>Karting<\/strong> (k1speed)<\/li>\n<\/ul>\n<p>Au\u00dferdem stehen Ihnen <a href=\"https:\/\/www.hotelvaubecour-lyon.com\/de\/places\/lyonnaise-institutionen\/\"><strong>Institutionen<\/strong><\/a> wie das Lyoner <strong>Tourismusb\u00fcro<\/strong> und das <strong>Kongresszentrum<\/strong> zur Verf\u00fcgung.<\/p>\n","protected":false},"excerpt":{"rendered":"<p>Lassen Sie sich von unserer wundersch\u00f6nen Stadt verf\u00fchren, die das ganze Jahr \u00fcber ein reichhaltiges [&hellip;]<\/p>\n","protected":false},"author":137,"featured_media":0,"parent":0,"menu_order":60,"comment_status":"closed","ping_status":"closed","template":"template-surroundings.php","meta":{"footnotes":""},"class_list":["post-508","page","type-page","status-publish","hentry"],"yoast_head":"<!-- This site is optimized with the Yoast SEO plugin v26.9 - https:\/\/yoast.com\/product\/yoast-seo-wordpress\/ -->\n<title>Tourismus, Veranstaltung &amp; Festivals - Vaubecour Lyon<\/title>\n<meta name=\"robots\" content=\"index, follow, max-snippet:-1, max-image-preview:large, max-video-preview:-1\" \/>\n<link rel=\"canonical\" href=\"https:\/\/www.hotelvaubecour-lyon.com\/de\/tourismus-veranstaltung-festivals\/\" \/>\n<meta property=\"og:locale\" content=\"de_DE\" \/>\n<meta property=\"og:type\" content=\"article\" \/>\n<meta property=\"og:title\" content=\"Tourismus, Veranstaltung &amp; Festivals - Vaubecour Lyon\" \/>\n<meta property=\"og:description\" content=\"Lassen Sie sich von unserer wundersch\u00f6nen Stadt verf\u00fchren, die das ganze Jahr \u00fcber ein reichhaltiges [&hellip;]\" \/>\n<meta property=\"og:url\" content=\"https:\/\/www.hotelvaubecour-lyon.com\/de\/tourismus-veranstaltung-festivals\/\" \/>\n<meta property=\"og:site_name\" content=\"Vaubecour Lyon\" \/>\n<meta property=\"article:modified_time\" content=\"2020-12-03T11:44:57+00:00\" \/>\n<meta name=\"twitter:card\" content=\"summary_large_image\" \/>\n<meta name=\"twitter:label1\" content=\"Gesch\u00e4tzte Lesezeit\" \/>\n\t<meta name=\"twitter:data1\" content=\"1 Minute\" \/>\n<script type=\"application\/ld+json\" class=\"yoast-schema-graph\">{\"@context\":\"https:\/\/schema.org\",\"@graph\":[{\"@type\":\"WebPage\",\"@id\":\"https:\/\/www.hotelvaubecour-lyon.com\/de\/tourismus-veranstaltung-festivals\/\",\"url\":\"https:\/\/www.hotelvaubecour-lyon.com\/de\/tourismus-veranstaltung-festivals\/\",\"name\":\"Tourismus, Veranstaltung & Festivals - Vaubecour Lyon\",\"isPartOf\":{\"@id\":\"https:\/\/www.hotelvaubecour-lyon.com\/de\/#website\"},\"datePublished\":\"2020-07-01T13:44:08+00:00\",\"dateModified\":\"2020-12-03T11:44:57+00:00\",\"breadcrumb\":{\"@id\":\"https:\/\/www.hotelvaubecour-lyon.com\/de\/tourismus-veranstaltung-festivals\/#breadcrumb\"},\"inLanguage\":\"de-DE\",\"potentialAction\":[{\"@type\":\"ReadAction\",\"target\":[\"https:\/\/www.hotelvaubecour-lyon.com\/de\/tourismus-veranstaltung-festivals\/\"]}]},{\"@type\":\"BreadcrumbList\",\"@id\":\"https:\/\/www.hotelvaubecour-lyon.com\/de\/tourismus-veranstaltung-festivals\/#breadcrumb\",\"itemListElement\":[{\"@type\":\"ListItem\",\"position\":1,\"name\":\"Home\",\"item\":\"https:\/\/www.hotelvaubecour-lyon.com\/de\/\"},{\"@type\":\"ListItem\",\"position\":2,\"name\":\"Tourismus, Veranstaltung &#038; Festivals\"}]},{\"@type\":\"WebSite\",\"@id\":\"https:\/\/www.hotelvaubecour-lyon.com\/de\/#website\",\"url\":\"https:\/\/www.hotelvaubecour-lyon.com\/de\/\",\"name\":\"Vaubecour Lyon\",\"description\":\"\",\"potentialAction\":[{\"@type\":\"SearchAction\",\"target\":{\"@type\":\"EntryPoint\",\"urlTemplate\":\"https:\/\/www.hotelvaubecour-lyon.com\/de\/?s={search_term_string}\"},\"query-input\":{\"@type\":\"PropertyValueSpecification\",\"valueRequired\":true,\"valueName\":\"search_term_string\"}}],\"inLanguage\":\"de-DE\"}]}<\/script>\n<!-- \/ Yoast SEO plugin. -->","yoast_head_json":{"title":"Tourismus, Veranstaltung & Festivals - Vaubecour Lyon","robots":{"index":"index","follow":"follow","max-snippet":"max-snippet:-1","max-image-preview":"max-image-preview:large","max-video-preview":"max-video-preview:-1"},"canonical":"https:\/\/www.hotelvaubecour-lyon.com\/de\/tourismus-veranstaltung-festivals\/","og_locale":"de_DE","og_type":"article","og_title":"Tourismus, Veranstaltung & Festivals - Vaubecour Lyon","og_description":"Lassen Sie sich von unserer wundersch\u00f6nen Stadt verf\u00fchren, die das ganze Jahr \u00fcber ein reichhaltiges [&hellip;]","og_url":"https:\/\/www.hotelvaubecour-lyon.com\/de\/tourismus-veranstaltung-festivals\/","og_site_name":"Vaubecour Lyon","article_modified_time":"2020-12-03T11:44:57+00:00","twitter_card":"summary_large_image","twitter_misc":{"Gesch\u00e4tzte Lesezeit":"1 Minute"},"schema":{"@context":"https:\/\/schema.org","@graph":[{"@type":"WebPage","@id":"https:\/\/www.hotelvaubecour-lyon.com\/de\/tourismus-veranstaltung-festivals\/","url":"https:\/\/www.hotelvaubecour-lyon.com\/de\/tourismus-veranstaltung-festivals\/","name":"Tourismus, Veranstaltung & Festivals - Vaubecour Lyon","isPartOf":{"@id":"https:\/\/www.hotelvaubecour-lyon.com\/de\/#website"},"datePublished":"2020-07-01T13:44:08+00:00","dateModified":"2020-12-03T11:44:57+00:00","breadcrumb":{"@id":"https:\/\/www.hotelvaubecour-lyon.com\/de\/tourismus-veranstaltung-festivals\/#breadcrumb"},"inLanguage":"de-DE","potentialAction":[{"@type":"ReadAction","target":["https:\/\/www.hotelvaubecour-lyon.com\/de\/tourismus-veranstaltung-festivals\/"]}]},{"@type":"BreadcrumbList","@id":"https:\/\/www.hotelvaubecour-lyon.com\/de\/tourismus-veranstaltung-festivals\/#breadcrumb","itemListElement":[{"@type":"ListItem","position":1,"name":"Home","item":"https:\/\/www.hotelvaubecour-lyon.com\/de\/"},{"@type":"ListItem","position":2,"name":"Tourismus, Veranstaltung &#038; Festivals"}]},{"@type":"WebSite","@id":"https:\/\/www.hotelvaubecour-lyon.com\/de\/#website","url":"https:\/\/www.hotelvaubecour-lyon.com\/de\/","name":"Vaubecour Lyon","description":"","potentialAction":[{"@type":"SearchAction","target":{"@type":"EntryPoint","urlTemplate":"https:\/\/www.hotelvaubecour-lyon.com\/de\/?s={search_term_string}"},"query-input":{"@type":"PropertyValueSpecification","valueRequired":true,"valueName":"search_term_string"}}],"inLanguage":"de-DE"}]}},"acf":[],"_links":{"self":[{"href":"https:\/\/www.hotelvaubecour-lyon.com\/de\/wp-json\/wp\/v2\/pages\/508","targetHints":{"allow":["GET"]}}],"collection":[{"href":"https:\/\/www.hotelvaubecour-lyon.com\/de\/wp-json\/wp\/v2\/pages"}],"about":[{"href":"https:\/\/www.hotelvaubecour-lyon.com\/de\/wp-json\/wp\/v2\/types\/page"}],"author":[{"embeddable":true,"href":"https:\/\/www.hotelvaubecour-lyon.com\/de\/wp-json\/wp\/v2\/users\/137"}],"replies":[{"embeddable":true,"href":"https:\/\/www.hotelvaubecour-lyon.com\/de\/wp-json\/wp\/v2\/comments?post=508"}],"version-history":[{"count":0,"href":"https:\/\/www.hotelvaubecour-lyon.com\/de\/wp-json\/wp\/v2\/pages\/508\/revisions"}],"wp:attachment":[{"href":"https:\/\/www.hotelvaubecour-lyon.com\/de\/wp-json\/wp\/v2\/media?parent=508"}],"curies":[{"name":"wp","href":"https:\/\/api.w.org\/{rel}","templated":true}]}}