{"id":505,"date":"2020-07-02T07:15:31","date_gmt":"2020-07-02T07:15:31","guid":{"rendered":"https:\/\/www.hotelvaubecour-lyon.com\/dienstleistungen-funktionen\/restaurations-tourismes\/"},"modified":"2020-12-02T16:31:38","modified_gmt":"2020-12-02T16:31:38","slug":"restaurations-tourismus","status":"publish","type":"page","link":"https:\/\/www.hotelvaubecour-lyon.com\/de\/dienstleistungen-funktionen\/restaurations-tourismus\/","title":{"rendered":"Restaurations &#038; Tourismus"},"content":{"rendered":"<p>Falls einer der interessantesten Momente des Tages das Essen ist? F\u00fcr Momente des kulinarischen Vergn\u00fcgens empfehlen wir Ihnen beste Adressen, um die verschiedenen Facetten der franz\u00f6sischen Gastronomie zu entdecken, die Lyon zu deren Hauptstadt machen.<br \/>\nWir helfen Ihnen bei der Auswahl der Gen\u00fcsse oder bei der Wahl der spezifischen Restauration, z. B. f\u00fcr ein Gesch\u00e4ftsessen. Verschiedene Arten von K\u00fcchen k\u00f6nnen wir empfehlen: klassisch franz\u00f6sische oder bistronomische Gerichte, authentische &#8222;Bouchons&#8220; im Lyoner Stil, schnell und gut, vegetarisch und vegan, Marktk\u00fcche oder Gourmet-Restaurants.<\/p>\n<p>Wir haben zus\u00e4tzlich verschiedene Adressen f\u00fcr exotische Gen\u00fcsse oder bevorzugt andere Aromen dieser Welt, immer im Geiste, das Beste zu offerieren.<br \/>\nGern teilen wir Ihnen je nach Tagesausflug mit, wo sich die Wunschadressen befinden oder umgekehrt, aufgrund Ihrer gastronomischen Vorlieben, welche Treffpunkte der Nachbarschaft von Interesse sind.<\/p>\n<p>Sie k\u00f6nnen sich f\u00fcr das Abenteuer und das Unerwartete entscheiden oder unsere touristischen Tipps zu Lyon nutzen, um Ihren Aufenthalt in dieser wundersch\u00f6nen Stadt voller Geschichte, Architektur und Veranstaltungen noch spannender zu gestalten.<\/p>\n<p>In jedem Fall stehen wir Ihnen ab sofort zur Verf\u00fcgung, um Ihnen zuzuh\u00f6ren, Ihre Fragen zu beantworten und Restaurants zu buchen (\u00fcbrigens fragen immer mehr Restaurants nach Kreditkartendaten, um Reservierungen zu gew\u00e4hrleisten).<\/p>\n","protected":false},"excerpt":{"rendered":"<p>Falls einer der interessantesten Momente des Tages das Essen ist? F\u00fcr Momente des kulinarischen Vergn\u00fcgens [&hellip;]<\/p>\n","protected":false},"author":137,"featured_media":0,"parent":498,"menu_order":4,"comment_status":"closed","ping_status":"closed","template":"","meta":{"footnotes":""},"class_list":["post-505","page","type-page","status-publish","hentry"],"yoast_head":"<!-- This site is optimized with the Yoast SEO plugin v26.9 - https:\/\/yoast.com\/product\/yoast-seo-wordpress\/ -->\n<title>Restaurations &amp; Tourismus - Vaubecour Lyon<\/title>\n<meta name=\"robots\" content=\"index, follow, max-snippet:-1, max-image-preview:large, max-video-preview:-1\" \/>\n<link rel=\"canonical\" href=\"https:\/\/www.hotelvaubecour-lyon.com\/de\/dienstleistungen-funktionen\/restaurations-tourismus\/\" \/>\n<meta property=\"og:locale\" content=\"de_DE\" \/>\n<meta property=\"og:type\" content=\"article\" \/>\n<meta property=\"og:title\" content=\"Restaurations &amp; Tourismus - Vaubecour Lyon\" \/>\n<meta property=\"og:description\" content=\"Falls einer der interessantesten Momente des Tages das Essen ist? F\u00fcr Momente des kulinarischen Vergn\u00fcgens [&hellip;]\" \/>\n<meta property=\"og:url\" content=\"https:\/\/www.hotelvaubecour-lyon.com\/de\/dienstleistungen-funktionen\/restaurations-tourismus\/\" \/>\n<meta property=\"og:site_name\" content=\"Vaubecour Lyon\" \/>\n<meta property=\"article:modified_time\" content=\"2020-12-02T16:31:38+00:00\" \/>\n<meta name=\"twitter:card\" content=\"summary_large_image\" \/>\n<meta name=\"twitter:label1\" content=\"Gesch\u00e4tzte Lesezeit\" \/>\n\t<meta name=\"twitter:data1\" content=\"1 Minute\" \/>\n<script type=\"application\/ld+json\" class=\"yoast-schema-graph\">{\"@context\":\"https:\/\/schema.org\",\"@graph\":[{\"@type\":\"WebPage\",\"@id\":\"https:\/\/www.hotelvaubecour-lyon.com\/de\/dienstleistungen-funktionen\/restaurations-tourismus\/\",\"url\":\"https:\/\/www.hotelvaubecour-lyon.com\/de\/dienstleistungen-funktionen\/restaurations-tourismus\/\",\"name\":\"Restaurations & Tourismus - Vaubecour Lyon\",\"isPartOf\":{\"@id\":\"https:\/\/www.hotelvaubecour-lyon.com\/de\/#website\"},\"datePublished\":\"2020-07-02T07:15:31+00:00\",\"dateModified\":\"2020-12-02T16:31:38+00:00\",\"breadcrumb\":{\"@id\":\"https:\/\/www.hotelvaubecour-lyon.com\/de\/dienstleistungen-funktionen\/restaurations-tourismus\/#breadcrumb\"},\"inLanguage\":\"de-DE\",\"potentialAction\":[{\"@type\":\"ReadAction\",\"target\":[\"https:\/\/www.hotelvaubecour-lyon.com\/de\/dienstleistungen-funktionen\/restaurations-tourismus\/\"]}]},{\"@type\":\"BreadcrumbList\",\"@id\":\"https:\/\/www.hotelvaubecour-lyon.com\/de\/dienstleistungen-funktionen\/restaurations-tourismus\/#breadcrumb\",\"itemListElement\":[{\"@type\":\"ListItem\",\"position\":1,\"name\":\"Home\",\"item\":\"https:\/\/www.hotelvaubecour-lyon.com\/de\/\"},{\"@type\":\"ListItem\",\"position\":2,\"name\":\"Dienstleistungen &#038; Funktionen\",\"item\":\"https:\/\/www.hotelvaubecour-lyon.com\/de\/dienstleistungen-funktionen\/\"},{\"@type\":\"ListItem\",\"position\":3,\"name\":\"Restaurations &#038; Tourismus\"}]},{\"@type\":\"WebSite\",\"@id\":\"https:\/\/www.hotelvaubecour-lyon.com\/de\/#website\",\"url\":\"https:\/\/www.hotelvaubecour-lyon.com\/de\/\",\"name\":\"Vaubecour Lyon\",\"description\":\"\",\"potentialAction\":[{\"@type\":\"SearchAction\",\"target\":{\"@type\":\"EntryPoint\",\"urlTemplate\":\"https:\/\/www.hotelvaubecour-lyon.com\/de\/?s={search_term_string}\"},\"query-input\":{\"@type\":\"PropertyValueSpecification\",\"valueRequired\":true,\"valueName\":\"search_term_string\"}}],\"inLanguage\":\"de-DE\"}]}<\/script>\n<!-- \/ Yoast SEO plugin. -->","yoast_head_json":{"title":"Restaurations & Tourismus - Vaubecour Lyon","robots":{"index":"index","follow":"follow","max-snippet":"max-snippet:-1","max-image-preview":"max-image-preview:large","max-video-preview":"max-video-preview:-1"},"canonical":"https:\/\/www.hotelvaubecour-lyon.com\/de\/dienstleistungen-funktionen\/restaurations-tourismus\/","og_locale":"de_DE","og_type":"article","og_title":"Restaurations & Tourismus - Vaubecour Lyon","og_description":"Falls einer der interessantesten Momente des Tages das Essen ist? F\u00fcr Momente des kulinarischen Vergn\u00fcgens [&hellip;]","og_url":"https:\/\/www.hotelvaubecour-lyon.com\/de\/dienstleistungen-funktionen\/restaurations-tourismus\/","og_site_name":"Vaubecour Lyon","article_modified_time":"2020-12-02T16:31:38+00:00","twitter_card":"summary_large_image","twitter_misc":{"Gesch\u00e4tzte Lesezeit":"1 Minute"},"schema":{"@context":"https:\/\/schema.org","@graph":[{"@type":"WebPage","@id":"https:\/\/www.hotelvaubecour-lyon.com\/de\/dienstleistungen-funktionen\/restaurations-tourismus\/","url":"https:\/\/www.hotelvaubecour-lyon.com\/de\/dienstleistungen-funktionen\/restaurations-tourismus\/","name":"Restaurations & Tourismus - Vaubecour Lyon","isPartOf":{"@id":"https:\/\/www.hotelvaubecour-lyon.com\/de\/#website"},"datePublished":"2020-07-02T07:15:31+00:00","dateModified":"2020-12-02T16:31:38+00:00","breadcrumb":{"@id":"https:\/\/www.hotelvaubecour-lyon.com\/de\/dienstleistungen-funktionen\/restaurations-tourismus\/#breadcrumb"},"inLanguage":"de-DE","potentialAction":[{"@type":"ReadAction","target":["https:\/\/www.hotelvaubecour-lyon.com\/de\/dienstleistungen-funktionen\/restaurations-tourismus\/"]}]},{"@type":"BreadcrumbList","@id":"https:\/\/www.hotelvaubecour-lyon.com\/de\/dienstleistungen-funktionen\/restaurations-tourismus\/#breadcrumb","itemListElement":[{"@type":"ListItem","position":1,"name":"Home","item":"https:\/\/www.hotelvaubecour-lyon.com\/de\/"},{"@type":"ListItem","position":2,"name":"Dienstleistungen &#038; Funktionen","item":"https:\/\/www.hotelvaubecour-lyon.com\/de\/dienstleistungen-funktionen\/"},{"@type":"ListItem","position":3,"name":"Restaurations &#038; Tourismus"}]},{"@type":"WebSite","@id":"https:\/\/www.hotelvaubecour-lyon.com\/de\/#website","url":"https:\/\/www.hotelvaubecour-lyon.com\/de\/","name":"Vaubecour Lyon","description":"","potentialAction":[{"@type":"SearchAction","target":{"@type":"EntryPoint","urlTemplate":"https:\/\/www.hotelvaubecour-lyon.com\/de\/?s={search_term_string}"},"query-input":{"@type":"PropertyValueSpecification","valueRequired":true,"valueName":"search_term_string"}}],"inLanguage":"de-DE"}]}},"acf":[],"_links":{"self":[{"href":"https:\/\/www.hotelvaubecour-lyon.com\/de\/wp-json\/wp\/v2\/pages\/505","targetHints":{"allow":["GET"]}}],"collection":[{"href":"https:\/\/www.hotelvaubecour-lyon.com\/de\/wp-json\/wp\/v2\/pages"}],"about":[{"href":"https:\/\/www.hotelvaubecour-lyon.com\/de\/wp-json\/wp\/v2\/types\/page"}],"author":[{"embeddable":true,"href":"https:\/\/www.hotelvaubecour-lyon.com\/de\/wp-json\/wp\/v2\/users\/137"}],"replies":[{"embeddable":true,"href":"https:\/\/www.hotelvaubecour-lyon.com\/de\/wp-json\/wp\/v2\/comments?post=505"}],"version-history":[{"count":0,"href":"https:\/\/www.hotelvaubecour-lyon.com\/de\/wp-json\/wp\/v2\/pages\/505\/revisions"}],"up":[{"embeddable":true,"href":"https:\/\/www.hotelvaubecour-lyon.com\/de\/wp-json\/wp\/v2\/pages\/498"}],"wp:attachment":[{"href":"https:\/\/www.hotelvaubecour-lyon.com\/de\/wp-json\/wp\/v2\/media?parent=505"}],"curies":[{"name":"wp","href":"https:\/\/api.w.org\/{rel}","templated":true}]}}