{"id":503,"date":"2020-07-02T07:22:33","date_gmt":"2020-07-02T07:22:33","guid":{"rendered":"https:\/\/www.hotelvaubecour-lyon.com\/dienstleistungen-funktionen\/petits-dejeuner\/"},"modified":"2020-12-02T16:26:44","modified_gmt":"2020-12-02T16:26:44","slug":"fruehstuecke","status":"publish","type":"page","link":"https:\/\/www.hotelvaubecour-lyon.com\/de\/dienstleistungen-funktionen\/fruehstuecke\/","title":{"rendered":"Fr\u00fchst\u00fccke"},"content":{"rendered":"<p style=\"text-align: left;\"><strong>Wir laden Sie in den warmen und hellen Fr\u00fchst\u00fccksraum ein, in dem wir f\u00fcr Ihren Komfort und zur Abfallbegrenzung am Tisch dienen. <\/strong><\/p>\n<p style=\"text-align: left;\">Wir bieten hierzu mindestens 3 M\u00f6glichkeiten an, um alle unterschiedlichen Erwartungen erf\u00fcllen zu k\u00f6nnen.<\/p>\n<p style=\"text-align: left;\">Unser Caf\u00e9 ist ein Familiencaf\u00e9. Unsere Warmgetr\u00e4nke sind locker-aromatisch und werden zeitnah frisch zubereitet. Wir bieten zum Beispiel schwarzen Tee (Earl Grey und Fr\u00fchst\u00fcck), gr\u00fcnen Tee (einfach oder mit Minze) und Bio-Ro\u00efboos (normal, Vanille oder Chai). Bei Schokoladen bieten wir klassisch s\u00fc\u00dfen oder biologischen Kakao ohne Zucker an. Das Brot und Geb\u00e4ck (Croissants und Schokoladencroissants) sind stets frisch, da wir von 2 B\u00e4ckereien aus der N\u00e4he beliefert werden. Der Joghurt und die Milch sind biologisch. Der K\u00e4se besteht normalerweise aus Comt\u00e9 und Emmental, beide aus Rohmilch.<\/p>\n<p><strong>Formel 1 &#8211; 2 euros :<\/strong> Hei\u00dfgetr\u00e4nk Ihrer Wahl vor Ort oder zum Mitnehmen<\/p>\n<p><strong>Formel 2 &#8211; 5 euros &#8211; Klassisch<\/strong>\u00a0: Hei\u00dfgetr\u00e4nk Ihrer Wahl, Orangensaft, 1\/2 Baguette.<\/p>\n<p><strong>Formel 3 &#8211; 9 euros &#8211; Kontinental<\/strong>\u00a0: Formel 2 + Bio-Joghurt, ein Geb\u00e4ck Ihrer Wahl und K\u00e4se.<\/p>\n<p>Um \u00f6kologisch vern\u00fcnftig wirtschaften zu k\u00f6nnen, bitten wir unsere G\u00e4ste bei der Ankunft oder am Abend zuvor, nur das Erforderliche zu bestellen. Wir kontaktieren Sie beim Fr\u00fchst\u00fcck, um sicherzustellen, dass Sie nichts vermissen.<\/p>\n","protected":false},"excerpt":{"rendered":"<p>Wir laden Sie in den warmen und hellen Fr\u00fchst\u00fccksraum ein, in dem wir f\u00fcr Ihren [&hellip;]<\/p>\n","protected":false},"author":137,"featured_media":0,"parent":498,"menu_order":3,"comment_status":"closed","ping_status":"closed","template":"","meta":{"footnotes":""},"class_list":["post-503","page","type-page","status-publish","hentry"],"yoast_head":"<!-- This site is optimized with the Yoast SEO plugin v26.9 - https:\/\/yoast.com\/product\/yoast-seo-wordpress\/ -->\n<title>Fr\u00fchst\u00fccke - Vaubecour Lyon<\/title>\n<meta name=\"robots\" content=\"index, follow, max-snippet:-1, max-image-preview:large, max-video-preview:-1\" \/>\n<link rel=\"canonical\" href=\"https:\/\/www.hotelvaubecour-lyon.com\/de\/dienstleistungen-funktionen\/fruehstuecke\/\" \/>\n<meta property=\"og:locale\" content=\"de_DE\" \/>\n<meta property=\"og:type\" content=\"article\" \/>\n<meta property=\"og:title\" content=\"Fr\u00fchst\u00fccke - Vaubecour Lyon\" \/>\n<meta property=\"og:description\" content=\"Wir laden Sie in den warmen und hellen Fr\u00fchst\u00fccksraum ein, in dem wir f\u00fcr Ihren [&hellip;]\" \/>\n<meta property=\"og:url\" content=\"https:\/\/www.hotelvaubecour-lyon.com\/de\/dienstleistungen-funktionen\/fruehstuecke\/\" \/>\n<meta property=\"og:site_name\" content=\"Vaubecour Lyon\" \/>\n<meta property=\"article:modified_time\" content=\"2020-12-02T16:26:44+00:00\" \/>\n<meta name=\"twitter:card\" content=\"summary_large_image\" \/>\n<meta name=\"twitter:label1\" content=\"Gesch\u00e4tzte Lesezeit\" \/>\n\t<meta name=\"twitter:data1\" content=\"1 Minute\" \/>\n<script type=\"application\/ld+json\" class=\"yoast-schema-graph\">{\"@context\":\"https:\/\/schema.org\",\"@graph\":[{\"@type\":\"WebPage\",\"@id\":\"https:\/\/www.hotelvaubecour-lyon.com\/de\/dienstleistungen-funktionen\/fruehstuecke\/\",\"url\":\"https:\/\/www.hotelvaubecour-lyon.com\/de\/dienstleistungen-funktionen\/fruehstuecke\/\",\"name\":\"Fr\u00fchst\u00fccke - Vaubecour Lyon\",\"isPartOf\":{\"@id\":\"https:\/\/www.hotelvaubecour-lyon.com\/de\/#website\"},\"datePublished\":\"2020-07-02T07:22:33+00:00\",\"dateModified\":\"2020-12-02T16:26:44+00:00\",\"breadcrumb\":{\"@id\":\"https:\/\/www.hotelvaubecour-lyon.com\/de\/dienstleistungen-funktionen\/fruehstuecke\/#breadcrumb\"},\"inLanguage\":\"de-DE\",\"potentialAction\":[{\"@type\":\"ReadAction\",\"target\":[\"https:\/\/www.hotelvaubecour-lyon.com\/de\/dienstleistungen-funktionen\/fruehstuecke\/\"]}]},{\"@type\":\"BreadcrumbList\",\"@id\":\"https:\/\/www.hotelvaubecour-lyon.com\/de\/dienstleistungen-funktionen\/fruehstuecke\/#breadcrumb\",\"itemListElement\":[{\"@type\":\"ListItem\",\"position\":1,\"name\":\"Home\",\"item\":\"https:\/\/www.hotelvaubecour-lyon.com\/de\/\"},{\"@type\":\"ListItem\",\"position\":2,\"name\":\"Dienstleistungen &#038; Funktionen\",\"item\":\"https:\/\/www.hotelvaubecour-lyon.com\/de\/dienstleistungen-funktionen\/\"},{\"@type\":\"ListItem\",\"position\":3,\"name\":\"Fr\u00fchst\u00fccke\"}]},{\"@type\":\"WebSite\",\"@id\":\"https:\/\/www.hotelvaubecour-lyon.com\/de\/#website\",\"url\":\"https:\/\/www.hotelvaubecour-lyon.com\/de\/\",\"name\":\"Vaubecour Lyon\",\"description\":\"\",\"potentialAction\":[{\"@type\":\"SearchAction\",\"target\":{\"@type\":\"EntryPoint\",\"urlTemplate\":\"https:\/\/www.hotelvaubecour-lyon.com\/de\/?s={search_term_string}\"},\"query-input\":{\"@type\":\"PropertyValueSpecification\",\"valueRequired\":true,\"valueName\":\"search_term_string\"}}],\"inLanguage\":\"de-DE\"}]}<\/script>\n<!-- \/ Yoast SEO plugin. -->","yoast_head_json":{"title":"Fr\u00fchst\u00fccke - Vaubecour Lyon","robots":{"index":"index","follow":"follow","max-snippet":"max-snippet:-1","max-image-preview":"max-image-preview:large","max-video-preview":"max-video-preview:-1"},"canonical":"https:\/\/www.hotelvaubecour-lyon.com\/de\/dienstleistungen-funktionen\/fruehstuecke\/","og_locale":"de_DE","og_type":"article","og_title":"Fr\u00fchst\u00fccke - Vaubecour Lyon","og_description":"Wir laden Sie in den warmen und hellen Fr\u00fchst\u00fccksraum ein, in dem wir f\u00fcr Ihren [&hellip;]","og_url":"https:\/\/www.hotelvaubecour-lyon.com\/de\/dienstleistungen-funktionen\/fruehstuecke\/","og_site_name":"Vaubecour Lyon","article_modified_time":"2020-12-02T16:26:44+00:00","twitter_card":"summary_large_image","twitter_misc":{"Gesch\u00e4tzte Lesezeit":"1 Minute"},"schema":{"@context":"https:\/\/schema.org","@graph":[{"@type":"WebPage","@id":"https:\/\/www.hotelvaubecour-lyon.com\/de\/dienstleistungen-funktionen\/fruehstuecke\/","url":"https:\/\/www.hotelvaubecour-lyon.com\/de\/dienstleistungen-funktionen\/fruehstuecke\/","name":"Fr\u00fchst\u00fccke - Vaubecour Lyon","isPartOf":{"@id":"https:\/\/www.hotelvaubecour-lyon.com\/de\/#website"},"datePublished":"2020-07-02T07:22:33+00:00","dateModified":"2020-12-02T16:26:44+00:00","breadcrumb":{"@id":"https:\/\/www.hotelvaubecour-lyon.com\/de\/dienstleistungen-funktionen\/fruehstuecke\/#breadcrumb"},"inLanguage":"de-DE","potentialAction":[{"@type":"ReadAction","target":["https:\/\/www.hotelvaubecour-lyon.com\/de\/dienstleistungen-funktionen\/fruehstuecke\/"]}]},{"@type":"BreadcrumbList","@id":"https:\/\/www.hotelvaubecour-lyon.com\/de\/dienstleistungen-funktionen\/fruehstuecke\/#breadcrumb","itemListElement":[{"@type":"ListItem","position":1,"name":"Home","item":"https:\/\/www.hotelvaubecour-lyon.com\/de\/"},{"@type":"ListItem","position":2,"name":"Dienstleistungen &#038; Funktionen","item":"https:\/\/www.hotelvaubecour-lyon.com\/de\/dienstleistungen-funktionen\/"},{"@type":"ListItem","position":3,"name":"Fr\u00fchst\u00fccke"}]},{"@type":"WebSite","@id":"https:\/\/www.hotelvaubecour-lyon.com\/de\/#website","url":"https:\/\/www.hotelvaubecour-lyon.com\/de\/","name":"Vaubecour Lyon","description":"","potentialAction":[{"@type":"SearchAction","target":{"@type":"EntryPoint","urlTemplate":"https:\/\/www.hotelvaubecour-lyon.com\/de\/?s={search_term_string}"},"query-input":{"@type":"PropertyValueSpecification","valueRequired":true,"valueName":"search_term_string"}}],"inLanguage":"de-DE"}]}},"acf":[],"_links":{"self":[{"href":"https:\/\/www.hotelvaubecour-lyon.com\/de\/wp-json\/wp\/v2\/pages\/503","targetHints":{"allow":["GET"]}}],"collection":[{"href":"https:\/\/www.hotelvaubecour-lyon.com\/de\/wp-json\/wp\/v2\/pages"}],"about":[{"href":"https:\/\/www.hotelvaubecour-lyon.com\/de\/wp-json\/wp\/v2\/types\/page"}],"author":[{"embeddable":true,"href":"https:\/\/www.hotelvaubecour-lyon.com\/de\/wp-json\/wp\/v2\/users\/137"}],"replies":[{"embeddable":true,"href":"https:\/\/www.hotelvaubecour-lyon.com\/de\/wp-json\/wp\/v2\/comments?post=503"}],"version-history":[{"count":0,"href":"https:\/\/www.hotelvaubecour-lyon.com\/de\/wp-json\/wp\/v2\/pages\/503\/revisions"}],"up":[{"embeddable":true,"href":"https:\/\/www.hotelvaubecour-lyon.com\/de\/wp-json\/wp\/v2\/pages\/498"}],"wp:attachment":[{"href":"https:\/\/www.hotelvaubecour-lyon.com\/de\/wp-json\/wp\/v2\/media?parent=503"}],"curies":[{"name":"wp","href":"https:\/\/api.w.org\/{rel}","templated":true}]}}