{"id":500,"date":"2020-07-01T15:29:17","date_gmt":"2020-07-01T15:29:17","guid":{"rendered":"https:\/\/www.hotelvaubecour-lyon.com\/dienstleistungen-funktionen\/taxi\/"},"modified":"2020-12-02T16:19:27","modified_gmt":"2020-12-02T16:19:27","slug":"taxi","status":"publish","type":"page","link":"https:\/\/www.hotelvaubecour-lyon.com\/de\/dienstleistungen-funktionen\/taxi\/","title":{"rendered":"Taxi"},"content":{"rendered":"<p style=\"text-align: center;\">Um Ihnen die Ankunft im Zentrum von Lyon, vom Flughafen SAINT-EXUPERY kommend, zu erleichtern, k\u00f6nnen wir eine pers\u00f6nliche Betreuung bereitstellen (Konditionen und Preise bitte auf Anfrage).<\/p>\n<p style=\"text-align: center;\">Sie k\u00f6nnen auch den Shuttle &#8222;Rh\u00f4ne Express&#8220; nutzen sowie die \u00f6ffentlichen Verkehrsmittel, die insgesamt eine hervorragende Anbindung zum Zentrum von Lyon und damit den Zugang zum Hotel bieten.<\/p>\n","protected":false},"excerpt":{"rendered":"<p>Um Ihnen die Ankunft im Zentrum von Lyon, vom Flughafen SAINT-EXUPERY kommend, zu erleichtern, k\u00f6nnen [&hellip;]<\/p>\n","protected":false},"author":137,"featured_media":0,"parent":498,"menu_order":0,"comment_status":"closed","ping_status":"closed","template":"","meta":{"footnotes":""},"class_list":["post-500","page","type-page","status-publish","hentry"],"yoast_head":"<!-- This site is optimized with the Yoast SEO plugin v26.9 - https:\/\/yoast.com\/product\/yoast-seo-wordpress\/ -->\n<title>Taxi - Vaubecour Lyon<\/title>\n<meta name=\"robots\" content=\"index, follow, max-snippet:-1, max-image-preview:large, max-video-preview:-1\" \/>\n<link rel=\"canonical\" href=\"https:\/\/www.hotelvaubecour-lyon.com\/de\/dienstleistungen-funktionen\/taxi\/\" \/>\n<meta property=\"og:locale\" content=\"de_DE\" \/>\n<meta property=\"og:type\" content=\"article\" \/>\n<meta property=\"og:title\" content=\"Taxi - Vaubecour Lyon\" \/>\n<meta property=\"og:description\" content=\"Um Ihnen die Ankunft im Zentrum von Lyon, vom Flughafen SAINT-EXUPERY kommend, zu erleichtern, k\u00f6nnen [&hellip;]\" \/>\n<meta property=\"og:url\" content=\"https:\/\/www.hotelvaubecour-lyon.com\/de\/dienstleistungen-funktionen\/taxi\/\" \/>\n<meta property=\"og:site_name\" content=\"Vaubecour Lyon\" \/>\n<meta property=\"article:modified_time\" content=\"2020-12-02T16:19:27+00:00\" \/>\n<meta name=\"twitter:card\" content=\"summary_large_image\" \/>\n<script type=\"application\/ld+json\" class=\"yoast-schema-graph\">{\"@context\":\"https:\/\/schema.org\",\"@graph\":[{\"@type\":\"WebPage\",\"@id\":\"https:\/\/www.hotelvaubecour-lyon.com\/de\/dienstleistungen-funktionen\/taxi\/\",\"url\":\"https:\/\/www.hotelvaubecour-lyon.com\/de\/dienstleistungen-funktionen\/taxi\/\",\"name\":\"Taxi - Vaubecour Lyon\",\"isPartOf\":{\"@id\":\"https:\/\/www.hotelvaubecour-lyon.com\/de\/#website\"},\"datePublished\":\"2020-07-01T15:29:17+00:00\",\"dateModified\":\"2020-12-02T16:19:27+00:00\",\"breadcrumb\":{\"@id\":\"https:\/\/www.hotelvaubecour-lyon.com\/de\/dienstleistungen-funktionen\/taxi\/#breadcrumb\"},\"inLanguage\":\"de-DE\",\"potentialAction\":[{\"@type\":\"ReadAction\",\"target\":[\"https:\/\/www.hotelvaubecour-lyon.com\/de\/dienstleistungen-funktionen\/taxi\/\"]}]},{\"@type\":\"BreadcrumbList\",\"@id\":\"https:\/\/www.hotelvaubecour-lyon.com\/de\/dienstleistungen-funktionen\/taxi\/#breadcrumb\",\"itemListElement\":[{\"@type\":\"ListItem\",\"position\":1,\"name\":\"Home\",\"item\":\"https:\/\/www.hotelvaubecour-lyon.com\/de\/\"},{\"@type\":\"ListItem\",\"position\":2,\"name\":\"Dienstleistungen &#038; Funktionen\",\"item\":\"https:\/\/www.hotelvaubecour-lyon.com\/de\/dienstleistungen-funktionen\/\"},{\"@type\":\"ListItem\",\"position\":3,\"name\":\"Taxi\"}]},{\"@type\":\"WebSite\",\"@id\":\"https:\/\/www.hotelvaubecour-lyon.com\/de\/#website\",\"url\":\"https:\/\/www.hotelvaubecour-lyon.com\/de\/\",\"name\":\"Vaubecour Lyon\",\"description\":\"\",\"potentialAction\":[{\"@type\":\"SearchAction\",\"target\":{\"@type\":\"EntryPoint\",\"urlTemplate\":\"https:\/\/www.hotelvaubecour-lyon.com\/de\/?s={search_term_string}\"},\"query-input\":{\"@type\":\"PropertyValueSpecification\",\"valueRequired\":true,\"valueName\":\"search_term_string\"}}],\"inLanguage\":\"de-DE\"}]}<\/script>\n<!-- \/ Yoast SEO plugin. -->","yoast_head_json":{"title":"Taxi - Vaubecour Lyon","robots":{"index":"index","follow":"follow","max-snippet":"max-snippet:-1","max-image-preview":"max-image-preview:large","max-video-preview":"max-video-preview:-1"},"canonical":"https:\/\/www.hotelvaubecour-lyon.com\/de\/dienstleistungen-funktionen\/taxi\/","og_locale":"de_DE","og_type":"article","og_title":"Taxi - Vaubecour Lyon","og_description":"Um Ihnen die Ankunft im Zentrum von Lyon, vom Flughafen SAINT-EXUPERY kommend, zu erleichtern, k\u00f6nnen [&hellip;]","og_url":"https:\/\/www.hotelvaubecour-lyon.com\/de\/dienstleistungen-funktionen\/taxi\/","og_site_name":"Vaubecour Lyon","article_modified_time":"2020-12-02T16:19:27+00:00","twitter_card":"summary_large_image","schema":{"@context":"https:\/\/schema.org","@graph":[{"@type":"WebPage","@id":"https:\/\/www.hotelvaubecour-lyon.com\/de\/dienstleistungen-funktionen\/taxi\/","url":"https:\/\/www.hotelvaubecour-lyon.com\/de\/dienstleistungen-funktionen\/taxi\/","name":"Taxi - Vaubecour Lyon","isPartOf":{"@id":"https:\/\/www.hotelvaubecour-lyon.com\/de\/#website"},"datePublished":"2020-07-01T15:29:17+00:00","dateModified":"2020-12-02T16:19:27+00:00","breadcrumb":{"@id":"https:\/\/www.hotelvaubecour-lyon.com\/de\/dienstleistungen-funktionen\/taxi\/#breadcrumb"},"inLanguage":"de-DE","potentialAction":[{"@type":"ReadAction","target":["https:\/\/www.hotelvaubecour-lyon.com\/de\/dienstleistungen-funktionen\/taxi\/"]}]},{"@type":"BreadcrumbList","@id":"https:\/\/www.hotelvaubecour-lyon.com\/de\/dienstleistungen-funktionen\/taxi\/#breadcrumb","itemListElement":[{"@type":"ListItem","position":1,"name":"Home","item":"https:\/\/www.hotelvaubecour-lyon.com\/de\/"},{"@type":"ListItem","position":2,"name":"Dienstleistungen &#038; Funktionen","item":"https:\/\/www.hotelvaubecour-lyon.com\/de\/dienstleistungen-funktionen\/"},{"@type":"ListItem","position":3,"name":"Taxi"}]},{"@type":"WebSite","@id":"https:\/\/www.hotelvaubecour-lyon.com\/de\/#website","url":"https:\/\/www.hotelvaubecour-lyon.com\/de\/","name":"Vaubecour Lyon","description":"","potentialAction":[{"@type":"SearchAction","target":{"@type":"EntryPoint","urlTemplate":"https:\/\/www.hotelvaubecour-lyon.com\/de\/?s={search_term_string}"},"query-input":{"@type":"PropertyValueSpecification","valueRequired":true,"valueName":"search_term_string"}}],"inLanguage":"de-DE"}]}},"acf":[],"_links":{"self":[{"href":"https:\/\/www.hotelvaubecour-lyon.com\/de\/wp-json\/wp\/v2\/pages\/500","targetHints":{"allow":["GET"]}}],"collection":[{"href":"https:\/\/www.hotelvaubecour-lyon.com\/de\/wp-json\/wp\/v2\/pages"}],"about":[{"href":"https:\/\/www.hotelvaubecour-lyon.com\/de\/wp-json\/wp\/v2\/types\/page"}],"author":[{"embeddable":true,"href":"https:\/\/www.hotelvaubecour-lyon.com\/de\/wp-json\/wp\/v2\/users\/137"}],"replies":[{"embeddable":true,"href":"https:\/\/www.hotelvaubecour-lyon.com\/de\/wp-json\/wp\/v2\/comments?post=500"}],"version-history":[{"count":0,"href":"https:\/\/www.hotelvaubecour-lyon.com\/de\/wp-json\/wp\/v2\/pages\/500\/revisions"}],"up":[{"embeddable":true,"href":"https:\/\/www.hotelvaubecour-lyon.com\/de\/wp-json\/wp\/v2\/pages\/498"}],"wp:attachment":[{"href":"https:\/\/www.hotelvaubecour-lyon.com\/de\/wp-json\/wp\/v2\/media?parent=500"}],"curies":[{"name":"wp","href":"https:\/\/api.w.org\/{rel}","templated":true}]}}