{"id":498,"date":"2020-07-01T11:33:59","date_gmt":"2020-07-01T11:33:59","guid":{"rendered":"https:\/\/www.hotelvaubecour-lyon.com\/services-facilites\/"},"modified":"2020-12-03T11:32:14","modified_gmt":"2020-12-03T11:32:14","slug":"dienstleistungen-funktionen","status":"publish","type":"page","link":"https:\/\/www.hotelvaubecour-lyon.com\/de\/dienstleistungen-funktionen\/","title":{"rendered":"Dienstleistungen &#038; Funktionen"},"content":{"rendered":"<p style=\"text-align: left;\"><strong>In unserem Haus sind Freundlichkeit, aufmerksames Zuh\u00f6ren und Sinn f\u00fcr Service unser t\u00e4gliches Tagwerk.<\/strong><\/p>\n<p style=\"text-align: left;\">Wir stellen Ihnen all jene Informationen zur Verf\u00fcgung, die erforderlich sind, um den Aufenthalt nach Ihren W\u00fcnschen zu gestalten. Um diesen vorzubereiten, geben wir Ihnen erste Informationen, die Sie f\u00fcr die Organisation Ihres Besuchs ben\u00f6tigen. Sie k\u00f6nnen auch die wichtigsten Touristen- oder Gesch\u00e4ftsattraktionen auf unserer Web-Seite zu speziellen Tourismus- oder Abendevents und Festivals einsehen. Die Rezeption ist von 8:00 bis 20:00 Uhr ge\u00f6ffnet.<\/p>\n<p style=\"text-align: left;\">Falls Sie sp\u00e4ter ankommen sollten, wird auf Anfrage zum angegebenen Zeitpunkt jemand f\u00fcr Sie zur Verf\u00fcgung sein, oder bei sp\u00e4terem Erreichen bieten wir Ihnen selbstverst\u00e4ndlich auch ein ganz schnelles Einchecken f\u00fcr Ihre Unterkunft . Wir freuen uns, dass Sie uns entweder telefonisch (+33) 04 78 37 44 91 oder per E-Mail unter <strong><a href=\"mailto:contact@hotelvaubecour-lyon.com\">contact@hotelvaubecour-lyon.com<\/a><\/strong> \u00fcber Ihren Besuch bei uns auf dem Laufenden halten.<\/p>\n<p style=\"text-align: left;\">Wenn Sie zu uns kommen, stehen wir Ihnen vor, w\u00e4hrend und nach Ihrer Ankunft mit allen unseren M\u00f6glichkeiten zur Verf\u00fcgung. Wir werden Ihren Aufenthalt angenehm gestalten.<\/p>\n","protected":false},"excerpt":{"rendered":"<p>In unserem Haus sind Freundlichkeit, aufmerksames Zuh\u00f6ren und Sinn f\u00fcr Service unser t\u00e4gliches Tagwerk. Wir [&hellip;]<\/p>\n","protected":false},"author":137,"featured_media":0,"parent":0,"menu_order":30,"comment_status":"closed","ping_status":"closed","template":"","meta":{"footnotes":""},"class_list":["post-498","page","type-page","status-publish","hentry"],"yoast_head":"<!-- This site is optimized with the Yoast SEO plugin v26.9 - https:\/\/yoast.com\/product\/yoast-seo-wordpress\/ -->\n<title>Dienstleistungen &amp; Funktionen - Vaubecour Lyon<\/title>\n<meta name=\"robots\" content=\"index, follow, max-snippet:-1, max-image-preview:large, max-video-preview:-1\" \/>\n<link rel=\"canonical\" href=\"https:\/\/www.hotelvaubecour-lyon.com\/de\/dienstleistungen-funktionen\/\" \/>\n<meta property=\"og:locale\" content=\"de_DE\" \/>\n<meta property=\"og:type\" content=\"article\" \/>\n<meta property=\"og:title\" content=\"Dienstleistungen &amp; Funktionen - Vaubecour Lyon\" \/>\n<meta property=\"og:description\" content=\"In unserem Haus sind Freundlichkeit, aufmerksames Zuh\u00f6ren und Sinn f\u00fcr Service unser t\u00e4gliches Tagwerk. Wir [&hellip;]\" \/>\n<meta property=\"og:url\" content=\"https:\/\/www.hotelvaubecour-lyon.com\/de\/dienstleistungen-funktionen\/\" \/>\n<meta property=\"og:site_name\" content=\"Vaubecour Lyon\" \/>\n<meta property=\"article:modified_time\" content=\"2020-12-03T11:32:14+00:00\" \/>\n<meta name=\"twitter:card\" content=\"summary_large_image\" \/>\n<meta name=\"twitter:label1\" content=\"Gesch\u00e4tzte Lesezeit\" \/>\n\t<meta name=\"twitter:data1\" content=\"1 Minute\" \/>\n<script type=\"application\/ld+json\" class=\"yoast-schema-graph\">{\"@context\":\"https:\/\/schema.org\",\"@graph\":[{\"@type\":\"WebPage\",\"@id\":\"https:\/\/www.hotelvaubecour-lyon.com\/de\/dienstleistungen-funktionen\/\",\"url\":\"https:\/\/www.hotelvaubecour-lyon.com\/de\/dienstleistungen-funktionen\/\",\"name\":\"Dienstleistungen & Funktionen - Vaubecour Lyon\",\"isPartOf\":{\"@id\":\"https:\/\/www.hotelvaubecour-lyon.com\/de\/#website\"},\"datePublished\":\"2020-07-01T11:33:59+00:00\",\"dateModified\":\"2020-12-03T11:32:14+00:00\",\"breadcrumb\":{\"@id\":\"https:\/\/www.hotelvaubecour-lyon.com\/de\/dienstleistungen-funktionen\/#breadcrumb\"},\"inLanguage\":\"de-DE\",\"potentialAction\":[{\"@type\":\"ReadAction\",\"target\":[\"https:\/\/www.hotelvaubecour-lyon.com\/de\/dienstleistungen-funktionen\/\"]}]},{\"@type\":\"BreadcrumbList\",\"@id\":\"https:\/\/www.hotelvaubecour-lyon.com\/de\/dienstleistungen-funktionen\/#breadcrumb\",\"itemListElement\":[{\"@type\":\"ListItem\",\"position\":1,\"name\":\"Home\",\"item\":\"https:\/\/www.hotelvaubecour-lyon.com\/de\/\"},{\"@type\":\"ListItem\",\"position\":2,\"name\":\"Dienstleistungen &#038; Funktionen\"}]},{\"@type\":\"WebSite\",\"@id\":\"https:\/\/www.hotelvaubecour-lyon.com\/de\/#website\",\"url\":\"https:\/\/www.hotelvaubecour-lyon.com\/de\/\",\"name\":\"Vaubecour Lyon\",\"description\":\"\",\"potentialAction\":[{\"@type\":\"SearchAction\",\"target\":{\"@type\":\"EntryPoint\",\"urlTemplate\":\"https:\/\/www.hotelvaubecour-lyon.com\/de\/?s={search_term_string}\"},\"query-input\":{\"@type\":\"PropertyValueSpecification\",\"valueRequired\":true,\"valueName\":\"search_term_string\"}}],\"inLanguage\":\"de-DE\"}]}<\/script>\n<!-- \/ Yoast SEO plugin. -->","yoast_head_json":{"title":"Dienstleistungen & Funktionen - Vaubecour Lyon","robots":{"index":"index","follow":"follow","max-snippet":"max-snippet:-1","max-image-preview":"max-image-preview:large","max-video-preview":"max-video-preview:-1"},"canonical":"https:\/\/www.hotelvaubecour-lyon.com\/de\/dienstleistungen-funktionen\/","og_locale":"de_DE","og_type":"article","og_title":"Dienstleistungen & Funktionen - Vaubecour Lyon","og_description":"In unserem Haus sind Freundlichkeit, aufmerksames Zuh\u00f6ren und Sinn f\u00fcr Service unser t\u00e4gliches Tagwerk. Wir [&hellip;]","og_url":"https:\/\/www.hotelvaubecour-lyon.com\/de\/dienstleistungen-funktionen\/","og_site_name":"Vaubecour Lyon","article_modified_time":"2020-12-03T11:32:14+00:00","twitter_card":"summary_large_image","twitter_misc":{"Gesch\u00e4tzte Lesezeit":"1 Minute"},"schema":{"@context":"https:\/\/schema.org","@graph":[{"@type":"WebPage","@id":"https:\/\/www.hotelvaubecour-lyon.com\/de\/dienstleistungen-funktionen\/","url":"https:\/\/www.hotelvaubecour-lyon.com\/de\/dienstleistungen-funktionen\/","name":"Dienstleistungen & Funktionen - Vaubecour Lyon","isPartOf":{"@id":"https:\/\/www.hotelvaubecour-lyon.com\/de\/#website"},"datePublished":"2020-07-01T11:33:59+00:00","dateModified":"2020-12-03T11:32:14+00:00","breadcrumb":{"@id":"https:\/\/www.hotelvaubecour-lyon.com\/de\/dienstleistungen-funktionen\/#breadcrumb"},"inLanguage":"de-DE","potentialAction":[{"@type":"ReadAction","target":["https:\/\/www.hotelvaubecour-lyon.com\/de\/dienstleistungen-funktionen\/"]}]},{"@type":"BreadcrumbList","@id":"https:\/\/www.hotelvaubecour-lyon.com\/de\/dienstleistungen-funktionen\/#breadcrumb","itemListElement":[{"@type":"ListItem","position":1,"name":"Home","item":"https:\/\/www.hotelvaubecour-lyon.com\/de\/"},{"@type":"ListItem","position":2,"name":"Dienstleistungen &#038; Funktionen"}]},{"@type":"WebSite","@id":"https:\/\/www.hotelvaubecour-lyon.com\/de\/#website","url":"https:\/\/www.hotelvaubecour-lyon.com\/de\/","name":"Vaubecour Lyon","description":"","potentialAction":[{"@type":"SearchAction","target":{"@type":"EntryPoint","urlTemplate":"https:\/\/www.hotelvaubecour-lyon.com\/de\/?s={search_term_string}"},"query-input":{"@type":"PropertyValueSpecification","valueRequired":true,"valueName":"search_term_string"}}],"inLanguage":"de-DE"}]}},"acf":[],"_links":{"self":[{"href":"https:\/\/www.hotelvaubecour-lyon.com\/de\/wp-json\/wp\/v2\/pages\/498","targetHints":{"allow":["GET"]}}],"collection":[{"href":"https:\/\/www.hotelvaubecour-lyon.com\/de\/wp-json\/wp\/v2\/pages"}],"about":[{"href":"https:\/\/www.hotelvaubecour-lyon.com\/de\/wp-json\/wp\/v2\/types\/page"}],"author":[{"embeddable":true,"href":"https:\/\/www.hotelvaubecour-lyon.com\/de\/wp-json\/wp\/v2\/users\/137"}],"replies":[{"embeddable":true,"href":"https:\/\/www.hotelvaubecour-lyon.com\/de\/wp-json\/wp\/v2\/comments?post=498"}],"version-history":[{"count":0,"href":"https:\/\/www.hotelvaubecour-lyon.com\/de\/wp-json\/wp\/v2\/pages\/498\/revisions"}],"wp:attachment":[{"href":"https:\/\/www.hotelvaubecour-lyon.com\/de\/wp-json\/wp\/v2\/media?parent=498"}],"curies":[{"name":"wp","href":"https:\/\/api.w.org\/{rel}","templated":true}]}}