{"id":487,"date":"2020-06-29T14:22:05","date_gmt":"2020-06-29T14:22:05","guid":{"rendered":"https:\/\/www.hotelvaubecour-lyon.com\/les-chambres\/"},"modified":"2020-12-02T15:29:45","modified_gmt":"2020-12-02T15:29:45","slug":"die-zimmer","status":"publish","type":"page","link":"https:\/\/www.hotelvaubecour-lyon.com\/de\/die-zimmer\/","title":{"rendered":"Die Zimmer"},"content":{"rendered":"<p>Das Haus verf\u00fcgt \u00fcber 15 Zimmer, die in einer authentischen und zeitgem\u00e4\u00dfen Atmosph\u00e4re auf 11,5 m\u00b2 bis 25 m\u00b2 eingerichtet sind, je nach Kategorie (Einzel-, Doppelkomfort-, Superior-, Privileg- oder Junior-Suite) f\u00fcr jede Art von Aufenthalt, kurz und lang, f\u00fcr Gesch\u00e4fts- oder Freizeitreisen, jede Art von Tourismus, allein oder mit anderen (bis zu 4 Personen).<\/p>\n<p>Die Zimmer wurden nach architektonischem Grundriss aus dem 19. Jahrhundert im Stil gutb\u00fcrgerlicher Wohnungen gestaltet. Es wurden Ma\u00dfnahmen getroffen, um die Ruhe in den R\u00e4umlichkeiten mittels Schalld\u00e4mmung vollst\u00e4ndig zu gew\u00e4hrleisten. Nat\u00fcrlich stellen wir unseren G\u00e4sten allen erdenklichen Komfort (besonders auch als Ger\u00e4tetechnik) zur Verf\u00fcgung.<\/p>\n<p>Die Zimmer sind mit Smart-TV (Bildschirmspiegelung m\u00f6glich), Tablet, Wasserkocher, Gep\u00e4ckablage und einem voll ausgestatteten Badezimmer (WC, Waschbecken, Dusche, Steckdose, Haartrockner) ausgestattet. Die Junior-Suiten verf\u00fcgen au\u00dferdem \u00fcber ein f\u00fcr den Schlaf umwandelbares Hotelsofa und einen Minik\u00fchlschrank.<br \/>\nAlle Installationen sind energiesparend, und die Innen-Einrichtungen sind umweltbewusst einbezogen.<\/p>\n","protected":false},"excerpt":{"rendered":"<p>Das Haus verf\u00fcgt \u00fcber 15 Zimmer, die in einer authentischen und zeitgem\u00e4\u00dfen Atmosph\u00e4re auf 11,5 [&hellip;]<\/p>\n","protected":false},"author":137,"featured_media":0,"parent":0,"menu_order":2,"comment_status":"closed","ping_status":"closed","template":"template-rooms.php","meta":{"footnotes":""},"class_list":["post-487","page","type-page","status-publish","hentry"],"yoast_head":"<!-- This site is optimized with the Yoast SEO plugin v26.9 - https:\/\/yoast.com\/product\/yoast-seo-wordpress\/ -->\n<title>Die Zimmer - Vaubecour Lyon<\/title>\n<meta name=\"robots\" content=\"index, follow, max-snippet:-1, max-image-preview:large, max-video-preview:-1\" \/>\n<link rel=\"canonical\" href=\"https:\/\/www.hotelvaubecour-lyon.com\/de\/die-zimmer\/\" \/>\n<meta property=\"og:locale\" content=\"de_DE\" \/>\n<meta property=\"og:type\" content=\"article\" \/>\n<meta property=\"og:title\" content=\"Die Zimmer - Vaubecour Lyon\" \/>\n<meta property=\"og:description\" content=\"Das Haus verf\u00fcgt \u00fcber 15 Zimmer, die in einer authentischen und zeitgem\u00e4\u00dfen Atmosph\u00e4re auf 11,5 [&hellip;]\" \/>\n<meta property=\"og:url\" content=\"https:\/\/www.hotelvaubecour-lyon.com\/de\/die-zimmer\/\" \/>\n<meta property=\"og:site_name\" content=\"Vaubecour Lyon\" \/>\n<meta property=\"article:modified_time\" content=\"2020-12-02T15:29:45+00:00\" \/>\n<meta name=\"twitter:card\" content=\"summary_large_image\" \/>\n<meta name=\"twitter:label1\" content=\"Gesch\u00e4tzte Lesezeit\" \/>\n\t<meta name=\"twitter:data1\" content=\"1 Minute\" \/>\n<script type=\"application\/ld+json\" class=\"yoast-schema-graph\">{\"@context\":\"https:\/\/schema.org\",\"@graph\":[{\"@type\":\"WebPage\",\"@id\":\"https:\/\/www.hotelvaubecour-lyon.com\/de\/die-zimmer\/\",\"url\":\"https:\/\/www.hotelvaubecour-lyon.com\/de\/die-zimmer\/\",\"name\":\"Die Zimmer - Vaubecour Lyon\",\"isPartOf\":{\"@id\":\"https:\/\/www.hotelvaubecour-lyon.com\/de\/#website\"},\"datePublished\":\"2020-06-29T14:22:05+00:00\",\"dateModified\":\"2020-12-02T15:29:45+00:00\",\"breadcrumb\":{\"@id\":\"https:\/\/www.hotelvaubecour-lyon.com\/de\/die-zimmer\/#breadcrumb\"},\"inLanguage\":\"de-DE\",\"potentialAction\":[{\"@type\":\"ReadAction\",\"target\":[\"https:\/\/www.hotelvaubecour-lyon.com\/de\/die-zimmer\/\"]}]},{\"@type\":\"BreadcrumbList\",\"@id\":\"https:\/\/www.hotelvaubecour-lyon.com\/de\/die-zimmer\/#breadcrumb\",\"itemListElement\":[{\"@type\":\"ListItem\",\"position\":1,\"name\":\"Home\",\"item\":\"https:\/\/www.hotelvaubecour-lyon.com\/de\/\"},{\"@type\":\"ListItem\",\"position\":2,\"name\":\"Die Zimmer\"}]},{\"@type\":\"WebSite\",\"@id\":\"https:\/\/www.hotelvaubecour-lyon.com\/de\/#website\",\"url\":\"https:\/\/www.hotelvaubecour-lyon.com\/de\/\",\"name\":\"Vaubecour Lyon\",\"description\":\"\",\"potentialAction\":[{\"@type\":\"SearchAction\",\"target\":{\"@type\":\"EntryPoint\",\"urlTemplate\":\"https:\/\/www.hotelvaubecour-lyon.com\/de\/?s={search_term_string}\"},\"query-input\":{\"@type\":\"PropertyValueSpecification\",\"valueRequired\":true,\"valueName\":\"search_term_string\"}}],\"inLanguage\":\"de-DE\"}]}<\/script>\n<!-- \/ Yoast SEO plugin. -->","yoast_head_json":{"title":"Die Zimmer - Vaubecour Lyon","robots":{"index":"index","follow":"follow","max-snippet":"max-snippet:-1","max-image-preview":"max-image-preview:large","max-video-preview":"max-video-preview:-1"},"canonical":"https:\/\/www.hotelvaubecour-lyon.com\/de\/die-zimmer\/","og_locale":"de_DE","og_type":"article","og_title":"Die Zimmer - Vaubecour Lyon","og_description":"Das Haus verf\u00fcgt \u00fcber 15 Zimmer, die in einer authentischen und zeitgem\u00e4\u00dfen Atmosph\u00e4re auf 11,5 [&hellip;]","og_url":"https:\/\/www.hotelvaubecour-lyon.com\/de\/die-zimmer\/","og_site_name":"Vaubecour Lyon","article_modified_time":"2020-12-02T15:29:45+00:00","twitter_card":"summary_large_image","twitter_misc":{"Gesch\u00e4tzte Lesezeit":"1 Minute"},"schema":{"@context":"https:\/\/schema.org","@graph":[{"@type":"WebPage","@id":"https:\/\/www.hotelvaubecour-lyon.com\/de\/die-zimmer\/","url":"https:\/\/www.hotelvaubecour-lyon.com\/de\/die-zimmer\/","name":"Die Zimmer - Vaubecour Lyon","isPartOf":{"@id":"https:\/\/www.hotelvaubecour-lyon.com\/de\/#website"},"datePublished":"2020-06-29T14:22:05+00:00","dateModified":"2020-12-02T15:29:45+00:00","breadcrumb":{"@id":"https:\/\/www.hotelvaubecour-lyon.com\/de\/die-zimmer\/#breadcrumb"},"inLanguage":"de-DE","potentialAction":[{"@type":"ReadAction","target":["https:\/\/www.hotelvaubecour-lyon.com\/de\/die-zimmer\/"]}]},{"@type":"BreadcrumbList","@id":"https:\/\/www.hotelvaubecour-lyon.com\/de\/die-zimmer\/#breadcrumb","itemListElement":[{"@type":"ListItem","position":1,"name":"Home","item":"https:\/\/www.hotelvaubecour-lyon.com\/de\/"},{"@type":"ListItem","position":2,"name":"Die Zimmer"}]},{"@type":"WebSite","@id":"https:\/\/www.hotelvaubecour-lyon.com\/de\/#website","url":"https:\/\/www.hotelvaubecour-lyon.com\/de\/","name":"Vaubecour Lyon","description":"","potentialAction":[{"@type":"SearchAction","target":{"@type":"EntryPoint","urlTemplate":"https:\/\/www.hotelvaubecour-lyon.com\/de\/?s={search_term_string}"},"query-input":{"@type":"PropertyValueSpecification","valueRequired":true,"valueName":"search_term_string"}}],"inLanguage":"de-DE"}]}},"acf":[],"_links":{"self":[{"href":"https:\/\/www.hotelvaubecour-lyon.com\/de\/wp-json\/wp\/v2\/pages\/487","targetHints":{"allow":["GET"]}}],"collection":[{"href":"https:\/\/www.hotelvaubecour-lyon.com\/de\/wp-json\/wp\/v2\/pages"}],"about":[{"href":"https:\/\/www.hotelvaubecour-lyon.com\/de\/wp-json\/wp\/v2\/types\/page"}],"author":[{"embeddable":true,"href":"https:\/\/www.hotelvaubecour-lyon.com\/de\/wp-json\/wp\/v2\/users\/137"}],"replies":[{"embeddable":true,"href":"https:\/\/www.hotelvaubecour-lyon.com\/de\/wp-json\/wp\/v2\/comments?post=487"}],"version-history":[{"count":0,"href":"https:\/\/www.hotelvaubecour-lyon.com\/de\/wp-json\/wp\/v2\/pages\/487\/revisions"}],"wp:attachment":[{"href":"https:\/\/www.hotelvaubecour-lyon.com\/de\/wp-json\/wp\/v2\/media?parent=487"}],"curies":[{"name":"wp","href":"https:\/\/api.w.org\/{rel}","templated":true}]}}