{"id":485,"date":"2020-06-29T14:05:05","date_gmt":"2020-06-29T14:05:05","guid":{"rendered":"https:\/\/www.hotelvaubecour-lyon.com\/bienvenu-au-centre-de-lyon\/"},"modified":"2020-12-02T15:26:22","modified_gmt":"2020-12-02T15:26:22","slug":"bienvenu-au-centre-de-lyon","status":"publish","type":"page","link":"https:\/\/www.hotelvaubecour-lyon.com\/de\/","title":{"rendered":"Willkommen im Zentrum von Lyon"},"content":{"rendered":"<p>Betreten Sie die Welt der b\u00fcrgerlichen Apartments aus dem 19. Jahrhundert und entdecken Sie ein charmantes Hotel im Herzen der Halbinsel und des UNESCO-Weltkulturerbe.<\/p>\n<p>Sie in einem unserer 15 <strong>Zimmer<\/strong>, die sich alle in Ausstattung und M\u00f6blierung von den Standards des historischen Lyons durch besondere Noblesse abheben.<br \/>\nDie einladenden und warmen R\u00e4ume, die Holzarbeiten und Kamine, und die elegante Dekoration lassen Sie in ein authentisches Universum eintauchen, das zeitgem\u00e4\u00df \u00fcberarbeitet wurde.<\/p>\n<p>Wir betreuen Sie, um Ihren Aufenthalt zu einem angenehmen <strong>touristischen<\/strong> oder Berufsreiseerlebnis zu machen, indem wir viele Entdeckungen, auch kulinarischer und kultureller Adressen, empfehlen k\u00f6nnen, oder Sie finden in unseren R\u00e4umlichkeiten einfach nur die ersehnte Ruhe und wohlverdiente Entspannung.<\/p>\n<p>Unsere 2-Sterne-Herberge befindet sich im Herzen der Halbinsel zwischen Place Bellecour und Perrache und ist je nach Standort (Flughafen, Bahnhof, Stra\u00dfennetz) leicht zu erreichen. Das Hotel liegt in der Rue Vaubecour 28 (an der Ecke zur Rue Bourgelat), ca. 100 Meter von den Kais der Sa\u00f4ne sowie der Saint-Martin d&#8217;Ainay entfernt. Das Hotel befindet sich in der 2. Etage eines Haussmannschen Baus und ist nach 2 Schritten mit dem Aufzug erreichbar.<\/p>\n<p>In unseren 5 Zimmertypen k\u00f6nnen Sie Ihre W\u00fcnsche an Ihre Stimmung und Ihre Bed\u00fcrfnisse anpassen. Sie k\u00f6nnen auch den Lounge- \/ Fr\u00fchst\u00fccksraum nutzen, um zu lesen, einfach zu arbeiten oder f\u00fcr Ihre Gesch\u00e4ftstreffen. Ihr Empfang und Ihr Vertrauen sind unsere Priorit\u00e4ten w\u00e4hrend Ihres Aufenthalts in unserem 2-Sterne-Hotel.<\/p>\n","protected":false},"excerpt":{"rendered":"<p>Betreten Sie die Welt der b\u00fcrgerlichen Apartments aus dem 19. Jahrhundert und entdecken Sie ein [&hellip;]<\/p>\n","protected":false},"author":137,"featured_media":0,"parent":0,"menu_order":1,"comment_status":"closed","ping_status":"closed","template":"","meta":{"footnotes":""},"class_list":["post-485","page","type-page","status-publish","hentry"],"yoast_head":"<!-- This site is optimized with the Yoast SEO plugin v26.9 - https:\/\/yoast.com\/product\/yoast-seo-wordpress\/ -->\n<title>Willkommen im Zentrum von Lyon - Vaubecour Lyon<\/title>\n<meta name=\"robots\" content=\"index, follow, max-snippet:-1, max-image-preview:large, max-video-preview:-1\" \/>\n<link rel=\"canonical\" href=\"https:\/\/www.hotelvaubecour-lyon.com\/de\/\" \/>\n<meta property=\"og:locale\" content=\"de_DE\" \/>\n<meta property=\"og:type\" content=\"article\" \/>\n<meta property=\"og:title\" content=\"Willkommen im Zentrum von Lyon - Vaubecour Lyon\" \/>\n<meta property=\"og:description\" content=\"Betreten Sie die Welt der b\u00fcrgerlichen Apartments aus dem 19. Jahrhundert und entdecken Sie ein [&hellip;]\" \/>\n<meta property=\"og:url\" content=\"https:\/\/www.hotelvaubecour-lyon.com\/de\/\" \/>\n<meta property=\"og:site_name\" content=\"Vaubecour Lyon\" \/>\n<meta property=\"article:modified_time\" content=\"2020-12-02T15:26:22+00:00\" \/>\n<meta name=\"twitter:card\" content=\"summary_large_image\" \/>\n<meta name=\"twitter:label1\" content=\"Gesch\u00e4tzte Lesezeit\" \/>\n\t<meta name=\"twitter:data1\" content=\"1 Minute\" \/>\n<script type=\"application\/ld+json\" class=\"yoast-schema-graph\">{\"@context\":\"https:\/\/schema.org\",\"@graph\":[{\"@type\":\"WebPage\",\"@id\":\"https:\/\/www.hotelvaubecour-lyon.com\/de\/\",\"url\":\"https:\/\/www.hotelvaubecour-lyon.com\/de\/\",\"name\":\"Willkommen im Zentrum von Lyon - Vaubecour Lyon\",\"isPartOf\":{\"@id\":\"https:\/\/www.hotelvaubecour-lyon.com\/de\/#website\"},\"datePublished\":\"2020-06-29T14:05:05+00:00\",\"dateModified\":\"2020-12-02T15:26:22+00:00\",\"breadcrumb\":{\"@id\":\"https:\/\/www.hotelvaubecour-lyon.com\/de\/#breadcrumb\"},\"inLanguage\":\"de-DE\",\"potentialAction\":[{\"@type\":\"ReadAction\",\"target\":[\"https:\/\/www.hotelvaubecour-lyon.com\/de\/\"]}]},{\"@type\":\"BreadcrumbList\",\"@id\":\"https:\/\/www.hotelvaubecour-lyon.com\/de\/#breadcrumb\",\"itemListElement\":[{\"@type\":\"ListItem\",\"position\":1,\"name\":\"Home\",\"item\":\"https:\/\/www.hotelvaubecour-lyon.com\/de\/\"},{\"@type\":\"ListItem\",\"position\":2,\"name\":\"Willkommen im Zentrum von Lyon\"}]},{\"@type\":\"WebSite\",\"@id\":\"https:\/\/www.hotelvaubecour-lyon.com\/de\/#website\",\"url\":\"https:\/\/www.hotelvaubecour-lyon.com\/de\/\",\"name\":\"Vaubecour Lyon\",\"description\":\"\",\"potentialAction\":[{\"@type\":\"SearchAction\",\"target\":{\"@type\":\"EntryPoint\",\"urlTemplate\":\"https:\/\/www.hotelvaubecour-lyon.com\/de\/?s={search_term_string}\"},\"query-input\":{\"@type\":\"PropertyValueSpecification\",\"valueRequired\":true,\"valueName\":\"search_term_string\"}}],\"inLanguage\":\"de-DE\"}]}<\/script>\n<!-- \/ Yoast SEO plugin. -->","yoast_head_json":{"title":"Willkommen im Zentrum von Lyon - Vaubecour Lyon","robots":{"index":"index","follow":"follow","max-snippet":"max-snippet:-1","max-image-preview":"max-image-preview:large","max-video-preview":"max-video-preview:-1"},"canonical":"https:\/\/www.hotelvaubecour-lyon.com\/de\/","og_locale":"de_DE","og_type":"article","og_title":"Willkommen im Zentrum von Lyon - Vaubecour Lyon","og_description":"Betreten Sie die Welt der b\u00fcrgerlichen Apartments aus dem 19. Jahrhundert und entdecken Sie ein [&hellip;]","og_url":"https:\/\/www.hotelvaubecour-lyon.com\/de\/","og_site_name":"Vaubecour Lyon","article_modified_time":"2020-12-02T15:26:22+00:00","twitter_card":"summary_large_image","twitter_misc":{"Gesch\u00e4tzte Lesezeit":"1 Minute"},"schema":{"@context":"https:\/\/schema.org","@graph":[{"@type":"WebPage","@id":"https:\/\/www.hotelvaubecour-lyon.com\/de\/","url":"https:\/\/www.hotelvaubecour-lyon.com\/de\/","name":"Willkommen im Zentrum von Lyon - Vaubecour Lyon","isPartOf":{"@id":"https:\/\/www.hotelvaubecour-lyon.com\/de\/#website"},"datePublished":"2020-06-29T14:05:05+00:00","dateModified":"2020-12-02T15:26:22+00:00","breadcrumb":{"@id":"https:\/\/www.hotelvaubecour-lyon.com\/de\/#breadcrumb"},"inLanguage":"de-DE","potentialAction":[{"@type":"ReadAction","target":["https:\/\/www.hotelvaubecour-lyon.com\/de\/"]}]},{"@type":"BreadcrumbList","@id":"https:\/\/www.hotelvaubecour-lyon.com\/de\/#breadcrumb","itemListElement":[{"@type":"ListItem","position":1,"name":"Home","item":"https:\/\/www.hotelvaubecour-lyon.com\/de\/"},{"@type":"ListItem","position":2,"name":"Willkommen im Zentrum von Lyon"}]},{"@type":"WebSite","@id":"https:\/\/www.hotelvaubecour-lyon.com\/de\/#website","url":"https:\/\/www.hotelvaubecour-lyon.com\/de\/","name":"Vaubecour Lyon","description":"","potentialAction":[{"@type":"SearchAction","target":{"@type":"EntryPoint","urlTemplate":"https:\/\/www.hotelvaubecour-lyon.com\/de\/?s={search_term_string}"},"query-input":{"@type":"PropertyValueSpecification","valueRequired":true,"valueName":"search_term_string"}}],"inLanguage":"de-DE"}]}},"acf":[],"_links":{"self":[{"href":"https:\/\/www.hotelvaubecour-lyon.com\/de\/wp-json\/wp\/v2\/pages\/485","targetHints":{"allow":["GET"]}}],"collection":[{"href":"https:\/\/www.hotelvaubecour-lyon.com\/de\/wp-json\/wp\/v2\/pages"}],"about":[{"href":"https:\/\/www.hotelvaubecour-lyon.com\/de\/wp-json\/wp\/v2\/types\/page"}],"author":[{"embeddable":true,"href":"https:\/\/www.hotelvaubecour-lyon.com\/de\/wp-json\/wp\/v2\/users\/137"}],"replies":[{"embeddable":true,"href":"https:\/\/www.hotelvaubecour-lyon.com\/de\/wp-json\/wp\/v2\/comments?post=485"}],"version-history":[{"count":0,"href":"https:\/\/www.hotelvaubecour-lyon.com\/de\/wp-json\/wp\/v2\/pages\/485\/revisions"}],"wp:attachment":[{"href":"https:\/\/www.hotelvaubecour-lyon.com\/de\/wp-json\/wp\/v2\/media?parent=485"}],"curies":[{"name":"wp","href":"https:\/\/api.w.org\/{rel}","templated":true}]}}